{"id":423,"date":"2023-12-01T20:18:41","date_gmt":"2023-12-01T20:18:41","guid":{"rendered":"https:\/\/gpsites.co\/kicks\/?page_id=423"},"modified":"2024-12-27T14:48:21","modified_gmt":"2024-12-27T13:48:21","slug":"a-propos","status":"publish","type":"page","link":"https:\/\/www.livresentre2actions.fr\/fr_fr\/a-propos\/","title":{"rendered":"A propos"},"content":{"rendered":"<div class=\"gb-container gb-container-29912c09\">\n<div class=\"gb-container gb-container-faadb355\"><div class=\"gb-shapes\"><div class=\"gb-shape gb-shape-1\"><svg xmlns=\"http:\/\/www.w3.org\/2000\/svg\" viewBox=\"0 0 1200 230\" preserveAspectRatio=\"none\"><path d=\"M1200 207.2L600 0 0 207.2V230h1200z\"\/><\/svg><\/div><\/div><\/div>\n\n<div class=\"gb-container gb-container-6a454b8d\">\n\n<blockquote class=\"wp-block-quote is-layout-flow wp-block-quote-is-layout-flow\">\n<p>Apr\u00e8s un passage par le journalisme scientifique puis par la librairie de livres neufs, nous sommes d\u00e9sormais actifs dans les livres anciens et d\u2019occasion. Et si cette activit\u00e9 dans le livre existe et se d\u00e9ploie maintenant pour nous ici, nous le devons \u00e0 Boris Vian, et son Automne \u00e0 P\u00e9kin dont la lecture constitua une mani\u00e8re de \u00ab&nbsp;bing-bang&nbsp;\u00bb&nbsp;! <\/p>\n\n\n\n<p>Ce site n\u2019est d\u00e9di\u00e9 qu\u2019\u00e0 la partie du stock concernant les livres anciens, originaux et rares. <\/p>\n\n\n\n<p>Nous contacter pour d\u2019autres livres n\u2019est pas interdit.<\/p>\n<cite>&#8211; Gr\u00e9gory<\/cite><\/blockquote>\n\n<\/div>\n<\/div>\n\n\n<p><\/p>\n","protected":false},"excerpt":{"rendered":"<p>Apr\u00e8s un passage par le journalisme scientifique puis par la librairie de livres neufs, nous sommes d\u00e9sormais actifs dans les livres anciens et d\u2019occasion. Et si cette activit\u00e9 dans le livre existe et se d\u00e9ploie maintenant pour nous ici, nous le devons \u00e0 Boris Vian, et son Automne \u00e0 P\u00e9kin dont la lecture constitua une &#8230; <a title=\"A propos\" class=\"read-more\" href=\"https:\/\/www.livresentre2actions.fr\/fr_fr\/a-propos\/\" aria-label=\"En savoir plus sur A propos\">Lire plus<\/a><\/p>\n","protected":false},"author":1,"featured_media":0,"parent":0,"menu_order":0,"comment_status":"closed","ping_status":"closed","template":"","meta":{"_eb_attr":"","footnotes":""},"class_list":["post-423","page","type-page","status-publish"],"aioseo_notices":[],"_links":{"self":[{"href":"https:\/\/www.livresentre2actions.fr\/fr_fr\/wp-json\/wp\/v2\/pages\/423","targetHints":{"allow":["GET"]}}],"collection":[{"href":"https:\/\/www.livresentre2actions.fr\/fr_fr\/wp-json\/wp\/v2\/pages"}],"about":[{"href":"https:\/\/www.livresentre2actions.fr\/fr_fr\/wp-json\/wp\/v2\/types\/page"}],"author":[{"embeddable":true,"href":"https:\/\/www.livresentre2actions.fr\/fr_fr\/wp-json\/wp\/v2\/users\/1"}],"replies":[{"embeddable":true,"href":"https:\/\/www.livresentre2actions.fr\/fr_fr\/wp-json\/wp\/v2\/comments?post=423"}],"version-history":[{"count":0,"href":"https:\/\/www.livresentre2actions.fr\/fr_fr\/wp-json\/wp\/v2\/pages\/423\/revisions"}],"wp:attachment":[{"href":"https:\/\/www.livresentre2actions.fr\/fr_fr\/wp-json\/wp\/v2\/media?parent=423"}],"curies":[{"name":"wp","href":"https:\/\/api.w.org\/{rel}","templated":true}]}}