{"id":14755,"date":"2025-08-26T11:09:18","date_gmt":"2025-08-26T09:09:18","guid":{"rendered":"https:\/\/www.livresentre2actions.fr\/?page_id=14755"},"modified":"2025-11-08T17:14:03","modified_gmt":"2025-11-08T16:14:03","slug":"register","status":"publish","type":"page","link":"https:\/\/www.livresentre2actions.fr\/fr_fr\/register\/","title":{"rendered":"Registration"},"content":{"rendered":"<div class=\"gb-container gb-container-a00f829b\">\n\n<h2 class=\"gb-headline gb-headline-790d07d7 gb-headline-text\">Cr\u00e9er mon compte<\/h2>\n\n\n<div class=\"gb-container gb-container-4a359c69\">\n<div class=\"woocommerce-notices-wrapper\"><\/div>      <form method=\"post\" class=\"woocommerce-form woocommerce-form-register register\"  >\r\n                  <input type=\"hidden\" id=\"redirect\" name=\"redirect\" value=\"\" \/>\r\n                  <p class=\"woocommerce-form-row woocommerce-form-row--wide form-row form-row-wide\">\r\n            <input type=\"email\"  placeholder=\"Identifiant ou e-mail&nbsp;*\" class=\"woocommerce-Input woocommerce-Input--text input-text\" name=\"email\" id=\"reg_email\" autocomplete=\"email\" value=\"\" \/>         <\/p>\r\n                     <p>Un mot de passe sera envoy\u00e9 \u00e0 votre adresse mail<\/p>\r\n                    <input class=\"mailpoet_hidden_field\" type=\"hidden\" name=\"action\" value=\"mailpoet\">\n  <input class=\"mailpoet_hidden_field\" type=\"hidden\" name=\"endpoint\" value=\"captcha\">\n  <input class=\"mailpoet_hidden_field\" type=\"hidden\" name=\"method\" value=\"render\">\n  <input class=\"mailpoet_hidden_field\" type=\"hidden\" name=\"api_version\" value=\"v1\">\n\n  <input type=\"hidden\" name=\"referrer_form\" value=\"wc_register_form\">\n\n  <script async defer>\n    document.addEventListener('DOMContentLoaded', function () {\n      let form = document.querySelector('form.woocommerce-form-register');\n\n      \/\/ Forward the original form action URL\n      let actionUrl = form.getAttribute('action') ?? window.location.href;\n      form.insertAdjacentHTML('beforeend', '<input type=\"hidden\" name=\"referrer_form_url\" value=\"' + actionUrl + '\">');\n\n      \/\/ Submit the form to MP's AJAX endpoint\n      form.setAttribute('action', '\/wp-admin\/admin-ajax.php');\n\n      \/\/ Transform 'name' attr to 'data[name]' format\n      form.querySelectorAll('input,select,textarea,button[name][value]').forEach(function (field) {\n        if (!field.classList.contains('mailpoet_hidden_field')) {\n          field.setAttribute('name', 'data[' + field.getAttribute('name') + ']');\n        }\n      });\n    });\n  <\/script><wc-order-attribution-inputs><\/wc-order-attribution-inputs><div class=\"woocommerce-privacy-policy-text\"><p>Vos donn\u00e9es personnelles seront utilis\u00e9es pour vous accompagner au cours de votre visite du site web, g\u00e9rer l\u2019acc\u00e8s \u00e0 votre compte, et pour d\u2019autres raisons d\u00e9crites dans notre <a href=\"https:\/\/www.livresentre2actions.fr\/fr_fr\/mentions-legalescgu-et-confidentialite\/\" class=\"woocommerce-privacy-policy-link\" target=\"_blank\">politique de confidentialit\u00e9<\/a>.<\/p>\n<\/div>         <p class=\"woocommerce-FormRow form-row\">\r\n            <input type=\"hidden\" id=\"woocommerce-register-nonce\" name=\"woocommerce-register-nonce\" value=\"f4d4c95914\" \/><input type=\"hidden\" name=\"_wp_http_referer\" value=\"\/fr_fr\/wp-json\/wp\/v2\/pages\/14755\" \/>            <button type=\"submit\" class=\"woocommerce-Button woocommerce-button button woocommerce-form-register__submit\" name=\"register\" value=\"S\u2019inscrire\">S\u2019inscrire<\/button>\r\n         <\/p>\r\n               <\/form>\r\n   \n\n<\/div>\n<\/div>","protected":false},"excerpt":{"rendered":"<p>Cr\u00e9er mon compte<\/p>\n","protected":false},"author":1,"featured_media":0,"parent":0,"menu_order":0,"comment_status":"closed","ping_status":"closed","template":"","meta":{"_eb_attr":"","footnotes":""},"class_list":["post-14755","page","type-page","status-publish"],"aioseo_notices":[],"_links":{"self":[{"href":"https:\/\/www.livresentre2actions.fr\/fr_fr\/wp-json\/wp\/v2\/pages\/14755","targetHints":{"allow":["GET"]}}],"collection":[{"href":"https:\/\/www.livresentre2actions.fr\/fr_fr\/wp-json\/wp\/v2\/pages"}],"about":[{"href":"https:\/\/www.livresentre2actions.fr\/fr_fr\/wp-json\/wp\/v2\/types\/page"}],"author":[{"embeddable":true,"href":"https:\/\/www.livresentre2actions.fr\/fr_fr\/wp-json\/wp\/v2\/users\/1"}],"replies":[{"embeddable":true,"href":"https:\/\/www.livresentre2actions.fr\/fr_fr\/wp-json\/wp\/v2\/comments?post=14755"}],"version-history":[{"count":1,"href":"https:\/\/www.livresentre2actions.fr\/fr_fr\/wp-json\/wp\/v2\/pages\/14755\/revisions"}],"predecessor-version":[{"id":16351,"href":"https:\/\/www.livresentre2actions.fr\/fr_fr\/wp-json\/wp\/v2\/pages\/14755\/revisions\/16351"}],"wp:attachment":[{"href":"https:\/\/www.livresentre2actions.fr\/fr_fr\/wp-json\/wp\/v2\/media?parent=14755"}],"curies":[{"name":"wp","href":"https:\/\/api.w.org\/{rel}","templated":true}]}}