{"id":12649,"date":"2025-05-26T12:05:09","date_gmt":"2025-05-26T10:05:09","guid":{"rendered":"https:\/\/www.livresentre2actions.fr\/?page_id=12649"},"modified":"2026-02-16T08:18:55","modified_gmt":"2026-02-16T07:18:55","slug":"nous-vous-recommandons","status":"publish","type":"page","link":"https:\/\/www.livresentre2actions.fr\/fr_fr\/nous-vous-recommandons\/","title":{"rendered":"Nous vous recommandons"},"content":{"rendered":"\n<ul class=\"wp-block-list\">\n<li><a href=\"https:\/\/www.junli.fr\" target=\"_blank\" rel=\"noopener\" title=\"Le cabinet de Jun Li\">Le cabinet de Jun Li<\/a>, institut de bien-\u00eatre traditionnel chinois, vous propose diff\u00e9rents soins \u00e9nerg\u00e9tiques chinois qui vous apporteront d\u00e9tente, calme et bien-\u00eatre.<\/li>\n\n\n\n<li><a href=\"https:\/\/www.koolspeed.fr\" target=\"_blank\" rel=\"noopener\" title=\"Koolspeed\">Koolspeed<\/a>, groupe de Pop-rock Reggae bas\u00e9 \u00e0 Avignon et fond\u00e9 en 2017.<\/li>\n\n\n\n<li><a href=\"https:\/\/www.collection100pourcent.com\" target=\"_blank\" rel=\"noopener\" title=\"Collection 100 %\">Collection 100 %<\/a>, D\u00e9velopper les savoir-faire et les comp\u00e9tences en Math\u00e9matiques au Coll\u00e8ge par le biais de cahier de savoir-faire, de comp\u00e9tences et de questions rapides.<\/li>\n\n\n\n<li><a href=\"https:\/\/www.unsoutienpourapprendre.org\" target=\"_blank\" rel=\"noopener\" title=\"Un soutien pour apprendre\">Un soutien pour apprendre<\/a>, votre accompagnement informatique sur-mesure \u00e0 Marseille<\/li>\n\n\n\n<li><a href=\"https:\/\/www.belgicana.be\/\" target=\"_blank\" rel=\"noopener\" title=\"Belgicana\">Belgicana<\/a>, librairie sp\u00e9cialis\u00e9e de livres \u00e9crits par des auteurs belges, publi\u00e9s chez des \u00e9diteurs belges, ou abordant une th\u00e9matique belge<\/li>\n\n\n\n<li><a href=\"https:\/\/lefrancophile.be\/\" target=\"_blank\" rel=\"noopener\" title=\"Le Francophile\">Le Francophile<\/a>, bouquinerie sp\u00e9cialis\u00e9e dans l&rsquo;\u00e9dition fran\u00e7aise<\/li>\n<\/ul>\n\n\n\n<h2 class=\"wp-block-heading\">Nous remercions nos r\u00e9f\u00e9renceurs<\/h2>\n\n\n\n<ul class=\"wp-block-list\">\n<li><a href=\"https:\/\/www.toplien.fr\" target=\"_blank\" rel=\"noopener\" title=\"\">Annuaire Top Lien<\/a><\/li>\n\n\n\n<li><a href=\"https:\/\/www.ladenise.com\/\" target=\"_blank\" rel=\"noopener\" title=\"\">Annuaire www.ladenise.com<\/a><\/li>\n\n\n\n<li><a href=\"https:\/\/www.maxannu.com\/\" target=\"_blank\" rel=\"noopener\" title=\"\">Annuaire de Max<\/a><\/li>\n<\/ul>\n\n\n\n<p><\/p>\n","protected":false},"excerpt":{"rendered":"<p>Nous remercions nos r\u00e9f\u00e9renceurs<\/p>\n","protected":false},"author":1,"featured_media":0,"parent":0,"menu_order":0,"comment_status":"closed","ping_status":"closed","template":"","meta":{"_eb_attr":"","footnotes":""},"class_list":["post-12649","page","type-page","status-publish"],"aioseo_notices":[],"_links":{"self":[{"href":"https:\/\/www.livresentre2actions.fr\/fr_fr\/wp-json\/wp\/v2\/pages\/12649","targetHints":{"allow":["GET"]}}],"collection":[{"href":"https:\/\/www.livresentre2actions.fr\/fr_fr\/wp-json\/wp\/v2\/pages"}],"about":[{"href":"https:\/\/www.livresentre2actions.fr\/fr_fr\/wp-json\/wp\/v2\/types\/page"}],"author":[{"embeddable":true,"href":"https:\/\/www.livresentre2actions.fr\/fr_fr\/wp-json\/wp\/v2\/users\/1"}],"replies":[{"embeddable":true,"href":"https:\/\/www.livresentre2actions.fr\/fr_fr\/wp-json\/wp\/v2\/comments?post=12649"}],"version-history":[{"count":4,"href":"https:\/\/www.livresentre2actions.fr\/fr_fr\/wp-json\/wp\/v2\/pages\/12649\/revisions"}],"predecessor-version":[{"id":18800,"href":"https:\/\/www.livresentre2actions.fr\/fr_fr\/wp-json\/wp\/v2\/pages\/12649\/revisions\/18800"}],"wp:attachment":[{"href":"https:\/\/www.livresentre2actions.fr\/fr_fr\/wp-json\/wp\/v2\/media?parent=12649"}],"curies":[{"name":"wp","href":"https:\/\/api.w.org\/{rel}","templated":true}]}}