{"id":9989,"date":"2025-01-05T16:53:11","date_gmt":"2025-01-05T15:53:11","guid":{"rendered":"https:\/\/www.livresentre2actions.fr\/?post_type=product&#038;p=9989"},"modified":"2025-01-30T13:42:58","modified_gmt":"2025-01-30T12:42:58","slug":"histoire-de-la-russie","status":"publish","type":"product","link":"https:\/\/www.livresentre2actions.fr\/en\/product\/histoire-de-la-russie\/","title":{"rendered":"Histoire de la Russie"},"content":{"rendered":"<p>Lamartine &#8211; Chez l\u2019auteur, rue de la Ville-L&rsquo;\u00e9v\u00eaque, 43<\/p>\n<p>Demi-veau chocolat, dos \u00e0 faux-nerfs orn\u00e9 des tomaisons, titres, et auteur, frises en queue et t\u00eate, nerfs orn\u00e9s, 252 x 175, 1863, tome 31 des oeuvres compl\u00e8tes. Avec un paraphe dat\u00e9 en page de titre g\u00e9n\u00e9rale des \u0153uvres (non identifi\u00e9, fort douteux que ce soit celui de l\u2019auteur). 552p. Avec table. Rousseurs sous forme de taches \u00e9parses r\u00e9currentes, plus ou moins r\u00e9pandues. Reliure frott\u00e9e avec \u00e9pidermures et petits accidents, coiffe et queue avec \u00e9pidermures. Epidermure en pied et t\u00eate de plat sup\u00e9rieur. Caisson en pied de dos fonc\u00e9, sans doute la marque d\u2019un ancien \u00e9tiquetage\/code.<\/p>","protected":false},"excerpt":{"rendered":"<p>Lamartine &#8211; Chez l\u2019auteur, rue de la Ville-L&rsquo;\u00e9v\u00eaque, 43 Demi-veau chocolat, dos \u00e0 faux-nerfs orn\u00e9 des tomaisons, titres, et auteur, frises en queue et t\u00eate, nerfs orn\u00e9s, 252 x 175, 1863, tome 31 des oeuvres compl\u00e8tes. Avec un paraphe dat\u00e9 en page de titre g\u00e9n\u00e9rale des \u0153uvres (non identifi\u00e9, fort douteux que ce soit celui &#8230; <a title=\"Histoire de la Russie\" class=\"read-more\" href=\"https:\/\/www.livresentre2actions.fr\/en\/product\/histoire-de-la-russie\/\" aria-label=\"Read more about Histoire de la Russie\">Read more<\/a><\/p>","protected":false},"featured_media":9990,"template":"","meta":{"_eb_attr":""},"product_brand":[],"product_cat":[36,73],"product_tag":[],"class_list":{"0":"post-9989","1":"product","2":"type-product","3":"status-publish","4":"has-post-thumbnail","6":"product_cat-entre-le-xviiieme-et-le-xixeme-siecle","7":"product_cat-histoires-et-recits-de-voyage","8":"sales-flash-overlay","9":"woocommerce-text-align-center","10":"woocommerce-image-align-center","11":"wc-has-gallery","13":"first","14":"instock","15":"taxable","16":"shipping-taxable","17":"purchasable","18":"product-type-simple"},"aioseo_notices":[],"_links":{"self":[{"href":"https:\/\/www.livresentre2actions.fr\/en\/wp-json\/wp\/v2\/product\/9989","targetHints":{"allow":["GET"]}}],"collection":[{"href":"https:\/\/www.livresentre2actions.fr\/en\/wp-json\/wp\/v2\/product"}],"about":[{"href":"https:\/\/www.livresentre2actions.fr\/en\/wp-json\/wp\/v2\/types\/product"}],"wp:featuredmedia":[{"embeddable":true,"href":"https:\/\/www.livresentre2actions.fr\/en\/wp-json\/wp\/v2\/media\/9990"}],"wp:attachment":[{"href":"https:\/\/www.livresentre2actions.fr\/en\/wp-json\/wp\/v2\/media?parent=9989"}],"wp:term":[{"taxonomy":"product_brand","embeddable":true,"href":"https:\/\/www.livresentre2actions.fr\/en\/wp-json\/wp\/v2\/product_brand?post=9989"},{"taxonomy":"product_cat","embeddable":true,"href":"https:\/\/www.livresentre2actions.fr\/en\/wp-json\/wp\/v2\/product_cat?post=9989"},{"taxonomy":"product_tag","embeddable":true,"href":"https:\/\/www.livresentre2actions.fr\/en\/wp-json\/wp\/v2\/product_tag?post=9989"}],"curies":[{"name":"wp","href":"https:\/\/api.w.org\/{rel}","templated":true}]}}