{"id":9782,"date":"2025-01-05T15:08:50","date_gmt":"2025-01-05T14:08:50","guid":{"rendered":"https:\/\/www.livresentre2actions.fr\/?post_type=product&#038;p=9782"},"modified":"2025-03-13T14:27:47","modified_gmt":"2025-03-13T13:27:47","slug":"supplement-au-dictionnaire-pratique-arabe-francais-de-marcelin-beaussier","status":"publish","type":"product","link":"https:\/\/www.livresentre2actions.fr\/en\/product\/supplement-au-dictionnaire-pratique-arabe-francais-de-marcelin-beaussier\/","title":{"rendered":"Suppl\u00e9ment au dictionnaire pratique arabe-fran\u00e7ais de Marcelin Beaussier"},"content":{"rendered":"<p>Plein chagrin chocolat \u00e0 dos long orn\u00e9 d\u00bfune pi\u00e8ce de titre, 277 x 158, 312p. Alger, 1959. textes sur 2 col, imprim\u00e9 d\u00bfapr\u00e8s manuscrit selon la graphie cursive. Bel exemplaire, propre, int\u00e8gre, bien ferme<\/p>","protected":false},"excerpt":{"rendered":"<p>Plein chagrin chocolat \u00e0 dos long orn\u00e9 d\u00bfune pi\u00e8ce de titre, 277 x 158, 312p. Alger, 1959. textes sur 2 col, imprim\u00e9 d\u00bfapr\u00e8s manuscrit selon la graphie cursive. Bel exemplaire, propre, int\u00e8gre, bien ferme<\/p>","protected":false},"featured_media":9784,"template":"","meta":{"_eb_attr":""},"product_brand":[],"product_cat":[37,72],"product_tag":[],"class_list":{"0":"post-9782","1":"product","2":"type-product","3":"status-publish","4":"has-post-thumbnail","6":"product_cat-a-partir-du-xxeme-siecle","7":"product_cat-divers","8":"sales-flash-overlay","9":"woocommerce-text-align-center","10":"woocommerce-image-align-center","11":"wc-has-gallery","13":"first","14":"outofstock","15":"taxable","16":"shipping-taxable","17":"purchasable","18":"product-type-simple"},"aioseo_notices":[],"_links":{"self":[{"href":"https:\/\/www.livresentre2actions.fr\/en\/wp-json\/wp\/v2\/product\/9782","targetHints":{"allow":["GET"]}}],"collection":[{"href":"https:\/\/www.livresentre2actions.fr\/en\/wp-json\/wp\/v2\/product"}],"about":[{"href":"https:\/\/www.livresentre2actions.fr\/en\/wp-json\/wp\/v2\/types\/product"}],"wp:featuredmedia":[{"embeddable":true,"href":"https:\/\/www.livresentre2actions.fr\/en\/wp-json\/wp\/v2\/media\/9784"}],"wp:attachment":[{"href":"https:\/\/www.livresentre2actions.fr\/en\/wp-json\/wp\/v2\/media?parent=9782"}],"wp:term":[{"taxonomy":"product_brand","embeddable":true,"href":"https:\/\/www.livresentre2actions.fr\/en\/wp-json\/wp\/v2\/product_brand?post=9782"},{"taxonomy":"product_cat","embeddable":true,"href":"https:\/\/www.livresentre2actions.fr\/en\/wp-json\/wp\/v2\/product_cat?post=9782"},{"taxonomy":"product_tag","embeddable":true,"href":"https:\/\/www.livresentre2actions.fr\/en\/wp-json\/wp\/v2\/product_tag?post=9782"}],"curies":[{"name":"wp","href":"https:\/\/api.w.org\/{rel}","templated":true}]}}