{"id":9486,"date":"2025-01-05T11:41:04","date_gmt":"2025-01-05T10:41:04","guid":{"rendered":"https:\/\/www.livresentre2actions.fr\/?post_type=product&#038;p=9486"},"modified":"2025-04-24T12:50:17","modified_gmt":"2025-04-24T10:50:17","slug":"les-jeux-de-calliope","status":"publish","type":"product","link":"https:\/\/www.livresentre2actions.fr\/en\/product\/les-jeux-de-calliope\/","title":{"rendered":"Les Jeux de Calliope"},"content":{"rendered":"<p>Ou collection de Po\u00ebmes Anglais, Italiens, Allemands et Espagnols, en deux, trois &amp; quatre chants &#8211; Premi\u00e8re partie<\/p>\n<p>Collectif [D. Armstrong\u00a0; Mallet\u00a0; Wi\u00e9land] &#8211; A Londres et \u00e0 Paris, chez Ruault, Libraire &#8211; Tr\u00e8s belle reliure plein veau marbr\u00e9e, dos \u00e0 cinq nerfs orn\u00e9 d\u2019une pi\u00e8ce de titre et aux caissons de diff\u00e9rents motifs, champs orn\u00e9s, plats orn\u00e9s d\u2019un encadrement \u00e0 motifs, toutes tranches dor\u00e9es, 173 x 111, 176p. 1776. Edition parue la m\u00eame ann\u00e9e que l\u2019originale, mais sans gravures. Mention de premi\u00e8re partie au titre, mais il semble qu\u2019il n\u2019y ait pas eu de seconde partie. Comprend\u00a0: \u00ab\u00a0L&rsquo;\u00e9conomie de l&rsquo;amour, imit\u00e9 de l&rsquo;anglais du D. Armstrong\u00a0;\u00a0\u00bb \u00ab\u00a0L&rsquo;hermite, ou Amintor et The odora. traduit de l&rsquo;anglais de Mallet ;\u00a0\u00bb \u00ab\u00a0L&rsquo;amour accus\u00e9. traduit de l&rsquo;allemand de M. Wieland.\u00a0\u00bb Un ex-libris manuscrit et dat\u00e9 au titre. Une \u00e9tiquette en t\u00eate de contreplat. Int\u00e9rieur tr\u00e8s bon, propre et int\u00e8gre. Page de garde avec une d\u00e9chirure sans manque et qui semble avoir \u00e9t\u00e9 restaur\u00e9e. Coins et champs frott\u00e9s. Plats et mors frott\u00e9s avec \u00e9pidermures, mais bons. Dos l\u00e9g\u00e8rement frott\u00e9 en coiffe et queue, mais tr\u00e8s bon. Tr\u00e8s bel exemplaire.<\/p>","protected":false},"excerpt":{"rendered":"<p>Ou collection de Po\u00ebmes Anglais, Italiens, Allemands et Espagnols, en deux, trois &amp; quatre chants &#8211; Premi\u00e8re partie Collectif [D. Armstrong\u00a0; Mallet\u00a0; Wi\u00e9land] &#8211; A Londres et \u00e0 Paris, chez Ruault, Libraire &#8211; Tr\u00e8s belle reliure plein veau marbr\u00e9e, dos \u00e0 cinq nerfs orn\u00e9 d\u2019une pi\u00e8ce de titre et aux caissons de diff\u00e9rents motifs, champs &#8230; <a title=\"Les Jeux de Calliope\" class=\"read-more\" href=\"https:\/\/www.livresentre2actions.fr\/en\/product\/les-jeux-de-calliope\/\" aria-label=\"Read more about Les Jeux de Calliope\">Read more<\/a><\/p>","protected":false},"featured_media":9487,"template":"","meta":{"_eb_attr":""},"product_brand":[],"product_cat":[36,72,76],"product_tag":[],"class_list":{"0":"post-9486","1":"product","2":"type-product","3":"status-publish","4":"has-post-thumbnail","6":"product_cat-entre-le-xviiieme-et-le-xixeme-siecle","7":"product_cat-divers","8":"product_cat-poesie-theatre-prose","9":"sales-flash-overlay","10":"woocommerce-text-align-center","11":"woocommerce-image-align-center","12":"wc-has-gallery","14":"first","15":"instock","16":"taxable","17":"shipping-taxable","18":"purchasable","19":"product-type-simple"},"aioseo_notices":[],"_links":{"self":[{"href":"https:\/\/www.livresentre2actions.fr\/en\/wp-json\/wp\/v2\/product\/9486","targetHints":{"allow":["GET"]}}],"collection":[{"href":"https:\/\/www.livresentre2actions.fr\/en\/wp-json\/wp\/v2\/product"}],"about":[{"href":"https:\/\/www.livresentre2actions.fr\/en\/wp-json\/wp\/v2\/types\/product"}],"wp:featuredmedia":[{"embeddable":true,"href":"https:\/\/www.livresentre2actions.fr\/en\/wp-json\/wp\/v2\/media\/9487"}],"wp:attachment":[{"href":"https:\/\/www.livresentre2actions.fr\/en\/wp-json\/wp\/v2\/media?parent=9486"}],"wp:term":[{"taxonomy":"product_brand","embeddable":true,"href":"https:\/\/www.livresentre2actions.fr\/en\/wp-json\/wp\/v2\/product_brand?post=9486"},{"taxonomy":"product_cat","embeddable":true,"href":"https:\/\/www.livresentre2actions.fr\/en\/wp-json\/wp\/v2\/product_cat?post=9486"},{"taxonomy":"product_tag","embeddable":true,"href":"https:\/\/www.livresentre2actions.fr\/en\/wp-json\/wp\/v2\/product_tag?post=9486"}],"curies":[{"name":"wp","href":"https:\/\/api.w.org\/{rel}","templated":true}]}}