{"id":9471,"date":"2025-01-05T11:36:33","date_gmt":"2025-01-05T10:36:33","guid":{"rendered":"https:\/\/www.livresentre2actions.fr\/?post_type=product&#038;p=9471"},"modified":"2025-04-24T12:51:38","modified_gmt":"2025-04-24T10:51:38","slug":"les-cinq-codes","status":"publish","type":"product","link":"https:\/\/www.livresentre2actions.fr\/en\/product\/les-cinq-codes\/","title":{"rendered":"Les cinq codes"},"content":{"rendered":"<p>Pr\u00e9c\u00e9d\u00e9s de la Table des frais et d\u00e9pens pour le ressort de la Cour royale de Paris. Et de la Charte constitutionnelle de 1814<\/p>\n<p>Plein veau marbr\u00e9 \u00e0 dos long orn\u00e9 du titre et joliment d\u00e9cor\u00e9, plats orn\u00e9s d\u2019une frise, 105 x 66, 404p. 196p. 125p. 140p. et 113p. Suivis de\u00a0: Appendice aux cinq codes, pagin\u00e9 2-55\u00a0; Table du\u00a0: Code civil \/ Code de proc\u00e9dure civile\u00a0\/ Code de commerce \/ Code p\u00e9nal \/ Des frais et depens, 9p. In fine\u00a0: Appendice\u00a0; Loi sur les d\u00e9lits de la presse, 1p. Avant la lettre\u00a0: Table des frais et d\u00e9pens pour le ressort de la Cour royale de Paris, pagin\u00e9 2-63\u00a0; Charte constitutionnelle du 04 juin 1814. ij-x (suivi de 1p. De notes). Sans date [ca 1822 date figurant sur une loi dans l\u2019appendice aux cinq codes\u00a0; ann\u00e9e correspondant \u00e0 une \u00e9dition]. Page de titre manquante. Int\u00e9rieur insol\u00e9 mais propre, rousseurs marginales. Coins et champs frott\u00e9s, trois coins \u00e9mouss\u00e9s et un champ avec un petit manque. Plats frott\u00e9s avec \u00e9pidermures et petit manque en bordure de plat sup\u00e9rieur. Mors frott\u00e9s avec \u00e9pidermures, plus marqu\u00e9es en mors inf\u00e9rieur\u00a0; dos frott\u00e9 mais bon, avec \u00e9pidermures en coiffe et queue.<\/p>","protected":false},"excerpt":{"rendered":"<p>Pr\u00e9c\u00e9d\u00e9s de la Table des frais et d\u00e9pens pour le ressort de la Cour royale de Paris. Et de la Charte constitutionnelle de 1814 Plein veau marbr\u00e9 \u00e0 dos long orn\u00e9 du titre et joliment d\u00e9cor\u00e9, plats orn\u00e9s d\u2019une frise, 105 x 66, 404p. 196p. 125p. 140p. et 113p. Suivis de\u00a0: Appendice aux cinq codes, &#8230; <a title=\"Les cinq codes\" class=\"read-more\" href=\"https:\/\/www.livresentre2actions.fr\/en\/product\/les-cinq-codes\/\" aria-label=\"Read more about Les cinq codes\">Read more<\/a><\/p>","protected":false},"featured_media":9473,"template":"","meta":{"_eb_attr":""},"product_brand":[],"product_cat":[36,77,73],"product_tag":[],"class_list":{"0":"post-9471","1":"product","2":"type-product","3":"status-publish","4":"has-post-thumbnail","6":"product_cat-entre-le-xviiieme-et-le-xixeme-siecle","7":"product_cat-droit","8":"product_cat-histoires-et-recits-de-voyage","9":"sales-flash-overlay","10":"woocommerce-text-align-center","11":"woocommerce-image-align-center","12":"wc-has-gallery","14":"first","15":"instock","16":"taxable","17":"shipping-taxable","18":"purchasable","19":"product-type-simple"},"aioseo_notices":[],"_links":{"self":[{"href":"https:\/\/www.livresentre2actions.fr\/en\/wp-json\/wp\/v2\/product\/9471","targetHints":{"allow":["GET"]}}],"collection":[{"href":"https:\/\/www.livresentre2actions.fr\/en\/wp-json\/wp\/v2\/product"}],"about":[{"href":"https:\/\/www.livresentre2actions.fr\/en\/wp-json\/wp\/v2\/types\/product"}],"wp:featuredmedia":[{"embeddable":true,"href":"https:\/\/www.livresentre2actions.fr\/en\/wp-json\/wp\/v2\/media\/9473"}],"wp:attachment":[{"href":"https:\/\/www.livresentre2actions.fr\/en\/wp-json\/wp\/v2\/media?parent=9471"}],"wp:term":[{"taxonomy":"product_brand","embeddable":true,"href":"https:\/\/www.livresentre2actions.fr\/en\/wp-json\/wp\/v2\/product_brand?post=9471"},{"taxonomy":"product_cat","embeddable":true,"href":"https:\/\/www.livresentre2actions.fr\/en\/wp-json\/wp\/v2\/product_cat?post=9471"},{"taxonomy":"product_tag","embeddable":true,"href":"https:\/\/www.livresentre2actions.fr\/en\/wp-json\/wp\/v2\/product_tag?post=9471"}],"curies":[{"name":"wp","href":"https:\/\/api.w.org\/{rel}","templated":true}]}}