{"id":9420,"date":"2024-12-20T17:07:43","date_gmt":"2024-12-20T16:07:43","guid":{"rendered":"https:\/\/maquette.livresentre2actions.fr\/?post_type=product&#038;p=9420"},"modified":"2025-08-29T18:24:08","modified_gmt":"2025-08-29T16:24:08","slug":"pratique-de-la-geometrie-sur-le-papier-et-sur-le-terrain","status":"publish","type":"product","link":"https:\/\/www.livresentre2actions.fr\/en\/product\/pratique-de-la-geometrie-sur-le-papier-et-sur-le-terrain\/","title":{"rendered":"Pratique de la g\u00e9om\u00e9trie sur le papier et sur le terrain"},"content":{"rendered":"<p>Practice of geometry on paper and in the field where by a new and singular method one can easily and in a short time improve oneself in this science.<\/p>\n<p>S\u00e9bastien Le Clerc, graveur du roi &#8211; Chez Antoine Jombert,<\/p>\n<p>Plein veau l\u00e9opard\u00e9, dos \u00e0 cinq nerfs orn\u00e9 du titre et motifs floraux aux pavots aux caissons, toutes tranches rouges, 170 x 100, 108p. Avec table. In fine : Approbation et Privil\u00e8ge. 1764 [1669 pour l&rsquo;originale]. Frontispice. Epitre A Monsieur le Marquis de Seignelay. 4p. Puis le texte. Bien complet de ses 82 planches On note un placement des planches erron\u00e9 pour les planches 46, 47, 48 et 49 ; 79 et 80. Int\u00e9rieur propre. Ex-libris manuscrit en pied de Livre quatri\u00e8me. Certaines planches ont \u00e9t\u00e9 touch\u00e9es : colori\u00e9es bri\u00e8vement (frontispice), plus fortement (82), annot\u00e9es (49 et 51) et repass\u00e9es bri\u00e8vement (48, 52) ; trait ou trace (62) ; et une page se d\u00e9tachant un peu en pied (planches 69-70). Quelques pages tach\u00e9es en pied encre ou mouillure. L\u2019ent\u00eate de l\u2019adresse a \u00e9galement \u00e9t\u00e9 colori\u00e9e. Coins et champs frott\u00e9s, coins l\u00e9g\u00e8rement \u00e9mouss\u00e9s. Plats frott\u00e9s avec \u00e9pidermures et taches. Dos en bel \u00e9tat, frott\u00e9 au nerfs, coiffe et queue avec \u00e9pidermures mais int\u00e8gre. S\u00e9bastien Le Clerc (1637-1714), graveur, dessinateur, ing\u00e9nieur militaire lorrain. L\u2019\u00e9dition originale avait paru en 1669 chez Thomas Jolly.<\/p>","protected":false},"excerpt":{"rendered":"<p>Pratique de la g\u00e9om\u00e9trie sur le papier et sur le terrain o\u00f9 par une m\u00e9thode nouvelle et singuli\u00e8re l&rsquo;on peut avec facilit\u00e9 et en peu de temps se perfectionner en cette science S\u00e9bastien Le Clerc, graveur du roi &#8211; Chez Antoine Jombert, Plein veau l\u00e9opard\u00e9, dos \u00e0 cinq nerfs orn\u00e9 du titre et motifs floraux &#8230; <a title=\"Pratique de la g\u00e9om\u00e9trie sur le papier et sur le terrain\" class=\"read-more\" href=\"https:\/\/www.livresentre2actions.fr\/en\/product\/pratique-de-la-geometrie-sur-le-papier-et-sur-le-terrain\/\" aria-label=\"Read more about Pratique de la g\u00e9om\u00e9trie sur le papier et sur le terrain\">Read more<\/a><\/p>","protected":false},"featured_media":9421,"template":"","meta":{"_eb_attr":""},"product_brand":[],"product_cat":[36,69],"product_tag":[86],"class_list":{"0":"post-9420","1":"product","2":"type-product","3":"status-publish","4":"has-post-thumbnail","6":"product_cat-entre-le-xviiieme-et-le-xixeme-siecle","7":"product_cat-sciences-et-techniques","8":"product_tag-illustre","9":"sales-flash-overlay","10":"woocommerce-text-align-center","11":"woocommerce-image-align-center","12":"wc-has-gallery","14":"first","15":"instock","16":"taxable","17":"shipping-taxable","18":"purchasable","19":"product-type-simple"},"aioseo_notices":[],"_links":{"self":[{"href":"https:\/\/www.livresentre2actions.fr\/en\/wp-json\/wp\/v2\/product\/9420","targetHints":{"allow":["GET"]}}],"collection":[{"href":"https:\/\/www.livresentre2actions.fr\/en\/wp-json\/wp\/v2\/product"}],"about":[{"href":"https:\/\/www.livresentre2actions.fr\/en\/wp-json\/wp\/v2\/types\/product"}],"wp:featuredmedia":[{"embeddable":true,"href":"https:\/\/www.livresentre2actions.fr\/en\/wp-json\/wp\/v2\/media\/9421"}],"wp:attachment":[{"href":"https:\/\/www.livresentre2actions.fr\/en\/wp-json\/wp\/v2\/media?parent=9420"}],"wp:term":[{"taxonomy":"product_brand","embeddable":true,"href":"https:\/\/www.livresentre2actions.fr\/en\/wp-json\/wp\/v2\/product_brand?post=9420"},{"taxonomy":"product_cat","embeddable":true,"href":"https:\/\/www.livresentre2actions.fr\/en\/wp-json\/wp\/v2\/product_cat?post=9420"},{"taxonomy":"product_tag","embeddable":true,"href":"https:\/\/www.livresentre2actions.fr\/en\/wp-json\/wp\/v2\/product_tag?post=9420"}],"curies":[{"name":"wp","href":"https:\/\/api.w.org\/{rel}","templated":true}]}}