{"id":9403,"date":"2024-12-20T17:01:06","date_gmt":"2024-12-20T16:01:06","guid":{"rendered":"https:\/\/maquette.livresentre2actions.fr\/?post_type=product&#038;p=9403"},"modified":"2025-04-24T12:51:52","modified_gmt":"2025-04-24T10:51:52","slug":"principes-de-colonisation-et-de-legislation-coloniale-tome-premier","status":"publish","type":"product","link":"https:\/\/www.livresentre2actions.fr\/en\/product\/principes-de-colonisation-et-de-legislation-coloniale-tome-premier\/","title":{"rendered":"Principes de colonisation et de l\u00e9gislation coloniale"},"content":{"rendered":"<p>Arthur Girault &#8211; Librairie Sirey, 3 tomes. rare ensemble complet des trois volumes en une \u00e9dition commune et une reliure uniforme<\/p>\n<p>Demi-chagrin lie de vin, dos \u00e0 faux-nerfs, orn\u00e9 du titre et de l a tomaison, 182 x 125. Troisi\u00e8me \u00e9dition. Revue et augment\u00e9e. Demi-chagrin lie de vin, dos \u00e0 faux-nerfs, orn\u00e9 du titre et de la tomaison, 182 x 125, Troisi\u00e8me \u00e9dition. Revue et augment\u00e9e. Tome premier, 581p. Avec table. 1907. Tome deuxi\u00e8me, 700p. Avec table. 1907. Tome troisi\u00e8me (Alg\u00e9rie et Tunisie) 571p. Avec table. 1908. Pour les trois volumes, int\u00e9rieur tr\u00e8s frais, propre et int\u00e8gre. Reliures frott\u00e9es avec \u00e9pidermures marqu\u00e9es en coiffe, queue, mords et nerfs. Bons exemplaires bien fermes. Publi\u00e9 en 1895 les\u00a0Principes de colonisation et de l\u00e9gislation coloniale constiute le \u00ab\u00a0premier trait\u00e9 de droit colonial moderne\u00a0\u00bb selon l&rsquo;historienne Emmanuelle Sada.<\/p>","protected":false},"excerpt":{"rendered":"<p>Arthur Girault &#8211; Librairie Sirey, 3 tomes. rare ensemble complet des trois volumes en une \u00e9dition commune et une reliure uniforme Demi-chagrin lie de vin, dos \u00e0 faux-nerfs, orn\u00e9 du titre et de l a tomaison, 182 x 125. Troisi\u00e8me \u00e9dition. Revue et augment\u00e9e. Demi-chagrin lie de vin, dos \u00e0 faux-nerfs, orn\u00e9 du titre et &#8230; <a title=\"Principes de colonisation et de l\u00e9gislation coloniale\" class=\"read-more\" href=\"https:\/\/www.livresentre2actions.fr\/en\/product\/principes-de-colonisation-et-de-legislation-coloniale-tome-premier\/\" aria-label=\"Read more about Principes de colonisation et de l\u00e9gislation coloniale\">Read more<\/a><\/p>","protected":false},"featured_media":10959,"template":"","meta":{"_eb_attr":""},"product_brand":[],"product_cat":[37,77,73],"product_tag":[],"class_list":{"0":"post-9403","1":"product","2":"type-product","3":"status-publish","4":"has-post-thumbnail","6":"product_cat-a-partir-du-xxeme-siecle","7":"product_cat-droit","8":"product_cat-histoires-et-recits-de-voyage","9":"sales-flash-overlay","10":"woocommerce-text-align-center","11":"woocommerce-image-align-center","12":"wc-has-gallery","14":"first","15":"instock","16":"taxable","17":"shipping-taxable","18":"purchasable","19":"product-type-simple"},"aioseo_notices":[],"_links":{"self":[{"href":"https:\/\/www.livresentre2actions.fr\/en\/wp-json\/wp\/v2\/product\/9403","targetHints":{"allow":["GET"]}}],"collection":[{"href":"https:\/\/www.livresentre2actions.fr\/en\/wp-json\/wp\/v2\/product"}],"about":[{"href":"https:\/\/www.livresentre2actions.fr\/en\/wp-json\/wp\/v2\/types\/product"}],"wp:featuredmedia":[{"embeddable":true,"href":"https:\/\/www.livresentre2actions.fr\/en\/wp-json\/wp\/v2\/media\/10959"}],"wp:attachment":[{"href":"https:\/\/www.livresentre2actions.fr\/en\/wp-json\/wp\/v2\/media?parent=9403"}],"wp:term":[{"taxonomy":"product_brand","embeddable":true,"href":"https:\/\/www.livresentre2actions.fr\/en\/wp-json\/wp\/v2\/product_brand?post=9403"},{"taxonomy":"product_cat","embeddable":true,"href":"https:\/\/www.livresentre2actions.fr\/en\/wp-json\/wp\/v2\/product_cat?post=9403"},{"taxonomy":"product_tag","embeddable":true,"href":"https:\/\/www.livresentre2actions.fr\/en\/wp-json\/wp\/v2\/product_tag?post=9403"}],"curies":[{"name":"wp","href":"https:\/\/api.w.org\/{rel}","templated":true}]}}