{"id":9365,"date":"2024-12-20T16:08:42","date_gmt":"2024-12-20T15:08:42","guid":{"rendered":"https:\/\/maquette.livresentre2actions.fr\/?post_type=product&#038;p=9365"},"modified":"2025-01-31T11:33:49","modified_gmt":"2025-01-31T10:33:49","slug":"exposition-de-la-doctrine-de-leglise-catholique-sur-les-matieres-de-controverses","status":"publish","type":"product","link":"https:\/\/www.livresentre2actions.fr\/en\/product\/exposition-de-la-doctrine-de-leglise-catholique-sur-les-matieres-de-controverses\/","title":{"rendered":"Exposition de la doctrine de l\u2019\u00e9glise catholique sur les mati\u00e8res de controverses"},"content":{"rendered":"<p>Bossuet &#8211; Chez S\u00e9bastien Mabre-Cramoisy<\/p>\n<p>Plein veau marbr\u00e9, dos \u00e0 quatre nerfs orn\u00e9 aux caissons et d\u2019une pi\u00e8ce de titre, toutes tranches jasp\u00e9es rouge, 155 x 92, 242p. Hors table. Sixi\u00e8me \u00e9dition, 1680. Avertissement, pp. 3-64\u00a0; Un ensemble de Lettre de r\u00e9ception du livre entre pr\u00e9lats et adresse \u00e0 l\u2019auteur, approbations, et Bref du pape &#8211; en latin suivi de leur traduction, pp.63-113. Puis Exposition de la doctrine etc, pp. 117 \u00e0 fin. Int\u00e9rieur propre, rousseurs marginales. Plats, coins et champs frott\u00e9s\u00a0; un coin \u00e9mouss\u00e9s, \u00e9pidermures griffes en plats dont une grande \u00e9pidermure et un petit manque en plat inf\u00e9rieur. Mors avec \u00e9pidermures, mors sup\u00e9rieur fissur\u00e9 en t\u00eate et pied (un petit manque en pied). Dos frott\u00e9 avec \u00e9pidermures, petits manques et un sillon m\u00e9dian au deux derniers nerfs et caissons\u00a0; queue aras\u00e9e.<\/p>","protected":false},"excerpt":{"rendered":"<p>Bossuet &#8211; Chez S\u00e9bastien Mabre-Cramoisy Plein veau marbr\u00e9, dos \u00e0 quatre nerfs orn\u00e9 aux caissons et d\u2019une pi\u00e8ce de titre, toutes tranches jasp\u00e9es rouge, 155 x 92, 242p. Hors table. Sixi\u00e8me \u00e9dition, 1680. Avertissement, pp. 3-64\u00a0; Un ensemble de Lettre de r\u00e9ception du livre entre pr\u00e9lats et adresse \u00e0 l\u2019auteur, approbations, et Bref du pape &#8230; <a title=\"Exposition de la doctrine de l\u2019\u00e9glise catholique sur les mati\u00e8res de controverses\" class=\"read-more\" href=\"https:\/\/www.livresentre2actions.fr\/en\/product\/exposition-de-la-doctrine-de-leglise-catholique-sur-les-matieres-de-controverses\/\" aria-label=\"Read more about Exposition de la doctrine de l\u2019\u00e9glise catholique sur les mati\u00e8res de controverses\">Read more<\/a><\/p>","protected":false},"featured_media":9366,"template":"","meta":{"_eb_attr":""},"product_brand":[],"product_cat":[35,68],"product_tag":[],"class_list":{"0":"post-9365","1":"product","2":"type-product","3":"status-publish","4":"has-post-thumbnail","6":"product_cat-jusquau-xviiemesiecle","7":"product_cat-religion-spiritualite","8":"sales-flash-overlay","9":"woocommerce-text-align-center","10":"woocommerce-image-align-center","11":"wc-has-gallery","13":"first","14":"instock","15":"taxable","16":"shipping-taxable","17":"purchasable","18":"product-type-simple"},"aioseo_notices":[],"_links":{"self":[{"href":"https:\/\/www.livresentre2actions.fr\/en\/wp-json\/wp\/v2\/product\/9365","targetHints":{"allow":["GET"]}}],"collection":[{"href":"https:\/\/www.livresentre2actions.fr\/en\/wp-json\/wp\/v2\/product"}],"about":[{"href":"https:\/\/www.livresentre2actions.fr\/en\/wp-json\/wp\/v2\/types\/product"}],"wp:featuredmedia":[{"embeddable":true,"href":"https:\/\/www.livresentre2actions.fr\/en\/wp-json\/wp\/v2\/media\/9366"}],"wp:attachment":[{"href":"https:\/\/www.livresentre2actions.fr\/en\/wp-json\/wp\/v2\/media?parent=9365"}],"wp:term":[{"taxonomy":"product_brand","embeddable":true,"href":"https:\/\/www.livresentre2actions.fr\/en\/wp-json\/wp\/v2\/product_brand?post=9365"},{"taxonomy":"product_cat","embeddable":true,"href":"https:\/\/www.livresentre2actions.fr\/en\/wp-json\/wp\/v2\/product_cat?post=9365"},{"taxonomy":"product_tag","embeddable":true,"href":"https:\/\/www.livresentre2actions.fr\/en\/wp-json\/wp\/v2\/product_tag?post=9365"}],"curies":[{"name":"wp","href":"https:\/\/api.w.org\/{rel}","templated":true}]}}