{"id":9324,"date":"2024-12-20T15:26:39","date_gmt":"2024-12-20T14:26:39","guid":{"rendered":"https:\/\/maquette.livresentre2actions.fr\/?post_type=product&#038;p=9324"},"modified":"2025-01-31T11:36:03","modified_gmt":"2025-01-31T10:36:03","slug":"lhymen-et-la-naissance-ou-poesies-en-lhonneur-de-leurs-majestes-imperiales-et-royales","status":"publish","type":"product","link":"https:\/\/www.livresentre2actions.fr\/en\/product\/lhymen-et-la-naissance-ou-poesies-en-lhonneur-de-leurs-majestes-imperiales-et-royales\/","title":{"rendered":"L&rsquo;Hymen\u00a0et la\u00a0naissance, ou\u00a0Po\u00e9sies\u00a0en l&rsquo;honneur de leurs majest\u00e9s imp\u00e9riales et royales"},"content":{"rendered":"<p>Full marbled sheepskin, long spine richly decorated, title piece in red morocco, super libris label at the foot of the spine, gutter field decorated with a border, all red mottled edges, 210 x 133, 377p. Off the table. 1812. First edition. Identical ex-libris on the upper backplate. Clean interior, marginal foxing. Fold and small tear at the footer of the half-title page. Vignette with the crowned eagle in the title. Upper jaw a little split at the head and foot, but solid. Corners and fields rubbed, corners slightly blunted. Rubbed surfaces with marked skin marks. Back rubbed, cap leveled, scuffs with small gaps in the head box; tail rubbed with scuffs and tears with small loss. . Collection of occasional pieces written by the poets of the time in honor of the imperial marriage (works by Charles-Joseph Loeillard d'Avigny, Antoine-Vincent Arnault, Charles-Hubert Millevoye, or even Casimir Delavigne) Collection followed by the one who celebrates the birth of the king of Rome.<\/p>","protected":false},"excerpt":{"rendered":"<p>Firmin Didot &#8211; Pleine basane marbr\u00e9e, \u00e0 dos long richement orn\u00e9 , pi\u00e8ce de titre en maroquin rouge, super libris \u00e9tiquette en pied de dos, champ de goutti\u00e8re orn\u00e9s d\u2019un liser\u00e9, , toutes tranches jasp\u00e9es rouge, 210 x 133, 377p. Hors table. 1812. Edition originale. Ex-libris identique en contreplat sup\u00e9rieur. Int\u00e9rieur propre, rousseurs marginales. Pliure &#8230; <a title=\"L&rsquo;Hymen\u00a0et la\u00a0naissance, ou\u00a0Po\u00e9sies\u00a0en l&rsquo;honneur de leurs majest\u00e9s imp\u00e9riales et royales\" class=\"read-more\" href=\"https:\/\/www.livresentre2actions.fr\/en\/product\/lhymen-et-la-naissance-ou-poesies-en-lhonneur-de-leurs-majestes-imperiales-et-royales\/\" aria-label=\"Read more about L&rsquo;Hymen\u00a0et la\u00a0naissance, ou\u00a0Po\u00e9sies\u00a0en l&rsquo;honneur de leurs majest\u00e9s imp\u00e9riales et royales\">Read more<\/a><\/p>","protected":false},"featured_media":9325,"template":"","meta":{"_eb_attr":""},"product_brand":[],"product_cat":[36,72,73],"product_tag":[],"class_list":{"0":"post-9324","1":"product","2":"type-product","3":"status-publish","4":"has-post-thumbnail","6":"product_cat-entre-le-xviiieme-et-le-xixeme-siecle","7":"product_cat-divers","8":"product_cat-histoires-et-recits-de-voyage","9":"sales-flash-overlay","10":"woocommerce-text-align-center","11":"woocommerce-image-align-center","12":"wc-has-gallery","14":"first","15":"instock","16":"taxable","17":"shipping-taxable","18":"purchasable","19":"product-type-simple"},"aioseo_notices":[],"_links":{"self":[{"href":"https:\/\/www.livresentre2actions.fr\/en\/wp-json\/wp\/v2\/product\/9324","targetHints":{"allow":["GET"]}}],"collection":[{"href":"https:\/\/www.livresentre2actions.fr\/en\/wp-json\/wp\/v2\/product"}],"about":[{"href":"https:\/\/www.livresentre2actions.fr\/en\/wp-json\/wp\/v2\/types\/product"}],"wp:featuredmedia":[{"embeddable":true,"href":"https:\/\/www.livresentre2actions.fr\/en\/wp-json\/wp\/v2\/media\/9325"}],"wp:attachment":[{"href":"https:\/\/www.livresentre2actions.fr\/en\/wp-json\/wp\/v2\/media?parent=9324"}],"wp:term":[{"taxonomy":"product_brand","embeddable":true,"href":"https:\/\/www.livresentre2actions.fr\/en\/wp-json\/wp\/v2\/product_brand?post=9324"},{"taxonomy":"product_cat","embeddable":true,"href":"https:\/\/www.livresentre2actions.fr\/en\/wp-json\/wp\/v2\/product_cat?post=9324"},{"taxonomy":"product_tag","embeddable":true,"href":"https:\/\/www.livresentre2actions.fr\/en\/wp-json\/wp\/v2\/product_tag?post=9324"}],"curies":[{"name":"wp","href":"https:\/\/api.w.org\/{rel}","templated":true}]}}