{"id":9292,"date":"2024-12-20T14:58:22","date_gmt":"2024-12-20T13:58:22","guid":{"rendered":"https:\/\/maquette.livresentre2actions.fr\/?post_type=product&#038;p=9292"},"modified":"2025-08-27T12:27:12","modified_gmt":"2025-08-27T10:27:12","slug":"grandeur-et-poesie-de-gand-et-legendes-et-contes-populaires-gantois","status":"publish","type":"product","link":"https:\/\/www.livresentre2actions.fr\/en\/product\/grandeur-et-poesie-de-gand-et-legendes-et-contes-populaires-gantois\/","title":{"rendered":"Grandeur and poetry of Ghent \/ and \/ Ghent legends and folk tales"},"content":{"rendered":"<p>Half black morocco with corners, spine with faux-nerves decorated with the title and the author, edge of red head, preserved covers, pretty small pebbled paper with golden reflections on covers and tales 260 x 248, 92p. Excluding plate indexes. Undated. 1945 ca. With a beautiful dated letter signed by the author and addressed to Charles Fries in half-title. And two bookplates: E.D.M. Fries on the back of the first guard of the binding. And on guard of the named exemplary text: \u201cCharles Fries\u201d. With 16 woodcuts by Hermann Verbaere, Preface by the mayor of Ghent: Alfred Vanderstegen. Very good interior, clean and intact, very firm. Corners and fields rubbed with scuffs\/scratches. Flats and jaws rubbed with some scuffs, but very good. Back in good condition, but nerves rubbed with scuffs; headdress and tail rubbed.<\/p>\n<p>&nbsp;<\/p>\n<p>Joint : L\u00e9gendes et contes populaires gantois, Paul de Ryck Broch\u00e9 \u00e0 rabats, 277 x 216, 67 p. 1955. Avec une introduction et notes de Paul de Keyser. Avec 5 dessins hors texte pleine page de Alex Wauters. Int\u00e9rieur insol\u00e9 mais tr\u00e8s bon, propre et int\u00e8gre (une t\u00eate de rabat corn\u00e9). Un ex-libris manuscrit en t\u00eate de titre. Couvertures et dos l\u00e9g\u00e8rement insol\u00e9s et frott\u00e9s mais propres et quasi int\u00e8gres : une micro-d\u00e9chirure sans manque en t\u00eate de dos. Exemplaire recouvert proprement sans adh\u00e9sif<\/p>","protected":false},"excerpt":{"rendered":"<p>Grandeur et po\u00e9sie de Gand &#8211; Fran\u00e7ois Sauton Ecole professionnelle communale de gar\u00e7ons (Imprimeur) Demi-maroquin noir \u00e0 coins, dos \u00e0 faux-nerfs orn\u00e9 du titre et l\u2019auteur, tranche de t\u00eate rouge, couvertures conserv\u00e9es, joli papier petite caillout\u00e9 \u00e0 reflets dor\u00e9s en plats et conteplats 260 x 248, 92p. Hors index des planches. Sans date. 1945 ca. &#8230; <a title=\"Grandeur and poetry of Ghent \/ and \/ Ghent legends and folk tales\" class=\"read-more\" href=\"https:\/\/www.livresentre2actions.fr\/en\/product\/grandeur-et-poesie-de-gand-et-legendes-et-contes-populaires-gantois\/\" aria-label=\"Read more about Grandeur et po\u00e9sie de Gand \/ et \/ L\u00e9gendes et contes populaires gantois,\">Read more<\/a><\/p>","protected":false},"featured_media":9293,"template":"","meta":{"_eb_attr":""},"product_brand":[],"product_cat":[37,72,71,73],"product_tag":[86,87],"class_list":{"0":"post-9292","1":"product","2":"type-product","3":"status-publish","4":"has-post-thumbnail","6":"product_cat-a-partir-du-xxeme-siecle","7":"product_cat-divers","8":"product_cat-illustres-modernes-editions-originales-signees-numerotees","9":"product_cat-histoires-et-recits-de-voyage","10":"product_tag-illustre","11":"product_tag-signe","12":"sales-flash-overlay","13":"woocommerce-text-align-center","14":"woocommerce-image-align-center","15":"wc-has-gallery","17":"first","18":"instock","19":"taxable","20":"shipping-taxable","21":"purchasable","22":"product-type-simple"},"aioseo_notices":[],"_links":{"self":[{"href":"https:\/\/www.livresentre2actions.fr\/en\/wp-json\/wp\/v2\/product\/9292","targetHints":{"allow":["GET"]}}],"collection":[{"href":"https:\/\/www.livresentre2actions.fr\/en\/wp-json\/wp\/v2\/product"}],"about":[{"href":"https:\/\/www.livresentre2actions.fr\/en\/wp-json\/wp\/v2\/types\/product"}],"wp:featuredmedia":[{"embeddable":true,"href":"https:\/\/www.livresentre2actions.fr\/en\/wp-json\/wp\/v2\/media\/9293"}],"wp:attachment":[{"href":"https:\/\/www.livresentre2actions.fr\/en\/wp-json\/wp\/v2\/media?parent=9292"}],"wp:term":[{"taxonomy":"product_brand","embeddable":true,"href":"https:\/\/www.livresentre2actions.fr\/en\/wp-json\/wp\/v2\/product_brand?post=9292"},{"taxonomy":"product_cat","embeddable":true,"href":"https:\/\/www.livresentre2actions.fr\/en\/wp-json\/wp\/v2\/product_cat?post=9292"},{"taxonomy":"product_tag","embeddable":true,"href":"https:\/\/www.livresentre2actions.fr\/en\/wp-json\/wp\/v2\/product_tag?post=9292"}],"curies":[{"name":"wp","href":"https:\/\/api.w.org\/{rel}","templated":true}]}}