{"id":9270,"date":"2024-12-20T14:36:35","date_gmt":"2024-12-20T13:36:35","guid":{"rendered":"https:\/\/maquette.livresentre2actions.fr\/?post_type=product&#038;p=9270"},"modified":"2025-08-08T11:29:02","modified_gmt":"2025-08-08T09:29:02","slug":"histoire-des-fetes-civiles-et-religieuses-madame-clement-nee-hemery","status":"publish","type":"product","link":"https:\/\/www.livresentre2actions.fr\/en\/product\/histoire-des-fetes-civiles-et-religieuses-madame-clement-nee-hemery\/","title":{"rendered":"Histoire des f\u00eates civiles et religieuses. Madame Cl\u00e9ment, n\u00e9e H\u00e9mery"},"content":{"rendered":"<p>History of civil and religious festivals. Ancient and modern uses of the Nord department. Following: Civil and religious holidays. Ancient and modern uses of southern Belgium, Flanders, Hainaut, Brabant and a small number of cities in France<\/p>\n<p>C. Viroux, imprimeur-\u00e9diteur<\/p>\n<p>Brown half-calf with long back, decorated with the author, titles and possibly a super-libris \u201cA. Bonvarlet\u201d, 219 x 140, Avesnes, 1845, first edition, second printing. Frontispiece (folding plate with foxing but intact: Communal Festival of Cambrai), 450p. Followed by civil and religious holidays. Ancient and modern uses of southern Belgium and a small number of towns in France, Avesnes, 1846, First edition. Frontispiece (plate 7). Foreword, 5p. And 499p. With 6 plates of coats of arms out of text, and 1 of score and lyrics of the song \u201cEl\u2019Doudou\u201d. Interior with foxing, but clean. Flats, corners and fields rubbed but intact. Bits rubbed with scuffs. Headdress and tail (more strongly) with scuffs. Back with claws. Beautiful, firm copy. Note on the upper cover a superb ex-libris \u201cVernet Ruiz\u201d in the form of a map of the Oise (Senlis etc.)<\/p>","protected":false},"excerpt":{"rendered":"<p>Histoire des f\u00eates civiles et religieuses. Usages anciens et modernes du d\u00e9partement du Nord. A la suite\u00a0: F\u00eates civiles et religieuses. Usages anciens et modernes de la Belgique m\u00e9ridionale, Les Flandres Le Hainaut Le Brabant et d\u2019un petit nombre de villes de France C. Viroux, imprimeur-\u00e9diteur Demi-veau brun \u00e0 dos long, orn\u00e9 des auteur, titres &#8230; <a title=\"Histoire des f\u00eates civiles et religieuses. Madame Cl\u00e9ment, n\u00e9e H\u00e9mery\" class=\"read-more\" href=\"https:\/\/www.livresentre2actions.fr\/en\/product\/histoire-des-fetes-civiles-et-religieuses-madame-clement-nee-hemery\/\" aria-label=\"Read more about Histoire des f\u00eates civiles et religieuses. Madame Cl\u00e9ment, n\u00e9e H\u00e9mery\">Read more<\/a><\/p>","protected":false},"featured_media":9271,"template":"","meta":{"_eb_attr":""},"product_brand":[],"product_cat":[36,81,73,68],"product_tag":[],"class_list":{"0":"post-9270","1":"product","2":"type-product","3":"status-publish","4":"has-post-thumbnail","6":"product_cat-entre-le-xviiieme-et-le-xixeme-siecle","7":"product_cat-hauts-de-france","8":"product_cat-histoires-et-recits-de-voyage","9":"product_cat-religion-spiritualite","10":"sales-flash-overlay","11":"woocommerce-text-align-center","12":"woocommerce-image-align-center","13":"wc-has-gallery","15":"first","16":"instock","17":"taxable","18":"shipping-taxable","19":"purchasable","20":"product-type-simple"},"aioseo_notices":[],"_links":{"self":[{"href":"https:\/\/www.livresentre2actions.fr\/en\/wp-json\/wp\/v2\/product\/9270","targetHints":{"allow":["GET"]}}],"collection":[{"href":"https:\/\/www.livresentre2actions.fr\/en\/wp-json\/wp\/v2\/product"}],"about":[{"href":"https:\/\/www.livresentre2actions.fr\/en\/wp-json\/wp\/v2\/types\/product"}],"wp:featuredmedia":[{"embeddable":true,"href":"https:\/\/www.livresentre2actions.fr\/en\/wp-json\/wp\/v2\/media\/9271"}],"wp:attachment":[{"href":"https:\/\/www.livresentre2actions.fr\/en\/wp-json\/wp\/v2\/media?parent=9270"}],"wp:term":[{"taxonomy":"product_brand","embeddable":true,"href":"https:\/\/www.livresentre2actions.fr\/en\/wp-json\/wp\/v2\/product_brand?post=9270"},{"taxonomy":"product_cat","embeddable":true,"href":"https:\/\/www.livresentre2actions.fr\/en\/wp-json\/wp\/v2\/product_cat?post=9270"},{"taxonomy":"product_tag","embeddable":true,"href":"https:\/\/www.livresentre2actions.fr\/en\/wp-json\/wp\/v2\/product_tag?post=9270"}],"curies":[{"name":"wp","href":"https:\/\/api.w.org\/{rel}","templated":true}]}}