{"id":9251,"date":"2024-12-20T14:24:40","date_gmt":"2024-12-20T13:24:40","guid":{"rendered":"https:\/\/maquette.livresentre2actions.fr\/?post_type=product&#038;p=9251"},"modified":"2025-01-31T11:39:13","modified_gmt":"2025-01-31T10:39:13","slug":"le-bon-jardinier-almanach-pour-lannee-1811","status":"publish","type":"product","link":"https:\/\/www.livresentre2actions.fr\/en\/product\/le-bon-jardinier-almanach-pour-lannee-1811\/","title":{"rendered":"Le bon jardinier. Almanach pour l\u2019ann\u00e9e 1811."},"content":{"rendered":"<p>The good gardener. Almanac for the year 1811. Containing General Precepts of Culture, Indication, month by month, of the work to be done in the Gardens; Description, History and Particular Culture. Dedicated and presented to Her Majesty the Empress-Queen Jos\u00e9phine by M. de Launay<\/p>\n<p>M. de Launay &#8211; Chez Audot et Chez Rusand<\/p>\n<p>Full marbled calf with long back decorated with the title and very richly decorated, decorated fields, red marbled edges, 176 x 100, 856p. 1811. Before the letter: various information (on eclipses, seasons, zodiac etc. and calendar), 10p. ; Address to the Empress-Queen Jos\u00e9phine, and warning, paginated xvj-xx; Preliminary knowledge of gardening, pp. xxj-xlij. Clean and intact interior. Corners and fields rubbed, two corners slightly bumped and blunted. Covers rubbed with scuffs (more significant on the lower cover), spine in good condition with scuffs on the cap and tail. Beautiful copy. Famous almanac founded in 1755 by Pons-Augustin Alletz who published it until 1781. Thomas-Fran\u00e7ois de Grace (1713-1798) continued it until 1796 (source: Grand-Carteret), then Mordant de Launay, one librarians from the Natural History Museum. Very successful almanac which appeared at least until 1890.<\/p>","protected":false},"excerpt":{"rendered":"<p>Le bon jardinier. Almanach pour l\u2019ann\u00e9e 1811. Contenant des Pr\u00e9ceptes g\u00e9n\u00e9raux de Culture, l&rsquo;Indication, mois par mois, des travaux \u00e0 faire dans les Jardins ; la Description, l&rsquo;Histoire et la Culture particuli\u00e8re. D\u00e9di\u00e9 et pr\u00e9sent\u00e9 \u00e0 Sa Majest\u00e9 l&rsquo;Imp\u00e9ratrice-Reine Jos\u00e9phine par M. de Launay M. de Launay &#8211; Chez Audot et Chez Rusand Plein veau &#8230; <a title=\"Le bon jardinier. Almanach pour l\u2019ann\u00e9e 1811.\" class=\"read-more\" href=\"https:\/\/www.livresentre2actions.fr\/en\/product\/le-bon-jardinier-almanach-pour-lannee-1811\/\" aria-label=\"Read more about Le bon jardinier. Almanach pour l\u2019ann\u00e9e 1811.\">Read more<\/a><\/p>","protected":false},"featured_media":9252,"template":"","meta":{"_eb_attr":""},"product_brand":[],"product_cat":[36,69],"product_tag":[],"class_list":{"0":"post-9251","1":"product","2":"type-product","3":"status-publish","4":"has-post-thumbnail","6":"product_cat-entre-le-xviiieme-et-le-xixeme-siecle","7":"product_cat-sciences-et-techniques","8":"sales-flash-overlay","9":"woocommerce-text-align-center","10":"woocommerce-image-align-center","11":"wc-has-gallery","13":"first","14":"instock","15":"taxable","16":"shipping-taxable","17":"purchasable","18":"product-type-simple"},"aioseo_notices":[],"_links":{"self":[{"href":"https:\/\/www.livresentre2actions.fr\/en\/wp-json\/wp\/v2\/product\/9251","targetHints":{"allow":["GET"]}}],"collection":[{"href":"https:\/\/www.livresentre2actions.fr\/en\/wp-json\/wp\/v2\/product"}],"about":[{"href":"https:\/\/www.livresentre2actions.fr\/en\/wp-json\/wp\/v2\/types\/product"}],"wp:featuredmedia":[{"embeddable":true,"href":"https:\/\/www.livresentre2actions.fr\/en\/wp-json\/wp\/v2\/media\/9252"}],"wp:attachment":[{"href":"https:\/\/www.livresentre2actions.fr\/en\/wp-json\/wp\/v2\/media?parent=9251"}],"wp:term":[{"taxonomy":"product_brand","embeddable":true,"href":"https:\/\/www.livresentre2actions.fr\/en\/wp-json\/wp\/v2\/product_brand?post=9251"},{"taxonomy":"product_cat","embeddable":true,"href":"https:\/\/www.livresentre2actions.fr\/en\/wp-json\/wp\/v2\/product_cat?post=9251"},{"taxonomy":"product_tag","embeddable":true,"href":"https:\/\/www.livresentre2actions.fr\/en\/wp-json\/wp\/v2\/product_tag?post=9251"}],"curies":[{"name":"wp","href":"https:\/\/api.w.org\/{rel}","templated":true}]}}