{"id":9238,"date":"2024-12-20T14:07:30","date_gmt":"2024-12-20T13:07:30","guid":{"rendered":"https:\/\/maquette.livresentre2actions.fr\/?post_type=product&#038;p=9238"},"modified":"2025-08-08T11:29:08","modified_gmt":"2025-08-08T09:29:08","slug":"histoire-de-la-confrerie-des-charitables-de-saint-eloi-de-bethune","status":"publish","type":"product","link":"https:\/\/www.livresentre2actions.fr\/en\/product\/histoire-de-la-confrerie-des-charitables-de-saint-eloi-de-bethune\/","title":{"rendered":"Histoire de la confr\u00e9rie des charitables de Saint-\u00c9loi de B\u00e9thune."},"content":{"rendered":"<p>Histoire de la confr\u00e9rie des charitables de Saint-\u00c9loi de B\u00e9thune. Depuis son origine (1188) jusqu\u2019\u00e0 nos jours<\/p>\n<p>Eug\u00e8ne B\u00e9ghin &#8211; A. David<\/p>\n<p>Broch\u00e9, 253 x 210, 127p. 1882. Edition originale. Bien complet de son frontispice et de ses 5 planches hors texte pleine page. Int\u00e9rieur propre et int\u00e8gre. Dos avec manque en t\u00eate et pied. Couvertures avec pliures et d\u00e9chirures sans manque.<\/p>","protected":false},"excerpt":{"rendered":"<p>Histoire de la confr\u00e9rie des charitables de Saint-\u00c9loi de B\u00e9thune. Depuis son origine (1188) jusqu\u2019\u00e0 nos jours Eug\u00e8ne B\u00e9ghin &#8211; A. David Broch\u00e9, 253 x 210, 127p. 1882. Edition originale. Bien complet de son frontispice et de ses 5 planches hors texte pleine page. Int\u00e9rieur propre et int\u00e8gre. Dos avec manque en t\u00eate et pied. &#8230; <a title=\"Histoire de la confr\u00e9rie des charitables de Saint-\u00c9loi de B\u00e9thune.\" class=\"read-more\" href=\"https:\/\/www.livresentre2actions.fr\/en\/product\/histoire-de-la-confrerie-des-charitables-de-saint-eloi-de-bethune\/\" aria-label=\"Read more about Histoire de la confr\u00e9rie des charitables de Saint-\u00c9loi de B\u00e9thune.\">Read more<\/a><\/p>","protected":false},"featured_media":9239,"template":"","meta":{"_eb_attr":""},"product_brand":[],"product_cat":[36,81,73,68],"product_tag":[],"class_list":{"0":"post-9238","1":"product","2":"type-product","3":"status-publish","4":"has-post-thumbnail","6":"product_cat-entre-le-xviiieme-et-le-xixeme-siecle","7":"product_cat-hauts-de-france","8":"product_cat-histoires-et-recits-de-voyage","9":"product_cat-religion-spiritualite","10":"sales-flash-overlay","11":"woocommerce-text-align-center","12":"woocommerce-image-align-center","13":"wc-has-gallery","15":"first","16":"instock","17":"taxable","18":"shipping-taxable","19":"purchasable","20":"product-type-simple"},"aioseo_notices":[],"_links":{"self":[{"href":"https:\/\/www.livresentre2actions.fr\/en\/wp-json\/wp\/v2\/product\/9238","targetHints":{"allow":["GET"]}}],"collection":[{"href":"https:\/\/www.livresentre2actions.fr\/en\/wp-json\/wp\/v2\/product"}],"about":[{"href":"https:\/\/www.livresentre2actions.fr\/en\/wp-json\/wp\/v2\/types\/product"}],"wp:featuredmedia":[{"embeddable":true,"href":"https:\/\/www.livresentre2actions.fr\/en\/wp-json\/wp\/v2\/media\/9239"}],"wp:attachment":[{"href":"https:\/\/www.livresentre2actions.fr\/en\/wp-json\/wp\/v2\/media?parent=9238"}],"wp:term":[{"taxonomy":"product_brand","embeddable":true,"href":"https:\/\/www.livresentre2actions.fr\/en\/wp-json\/wp\/v2\/product_brand?post=9238"},{"taxonomy":"product_cat","embeddable":true,"href":"https:\/\/www.livresentre2actions.fr\/en\/wp-json\/wp\/v2\/product_cat?post=9238"},{"taxonomy":"product_tag","embeddable":true,"href":"https:\/\/www.livresentre2actions.fr\/en\/wp-json\/wp\/v2\/product_tag?post=9238"}],"curies":[{"name":"wp","href":"https:\/\/api.w.org\/{rel}","templated":true}]}}