{"id":8969,"date":"2024-12-06T10:11:13","date_gmt":"2024-12-06T09:11:13","guid":{"rendered":"http:\/\/localhost\/livresentre2actions\/?post_type=product&#038;p=8969"},"modified":"2025-10-29T18:09:32","modified_gmt":"2025-10-29T17:09:32","slug":"mac-orlan-le-printemps-signe","status":"publish","type":"product","link":"https:\/\/www.livresentre2actions.fr\/en\/product\/mac-orlan-le-printemps-signe\/","title":{"rendered":"Mac Orlan &#8211; Le printemps &#8211; Sign\u00e9"},"content":{"rendered":"<p>Les rois du jour &#8211; Le printemps<\/p>\n<p>Modest binding, half cloth with long mute spine. 188 x 121, 136p. 1930. Handwritten signature of Pierre Mac Orlan at the top of the half-title page. Frontispiece and 22 full black and white pages. Interior with foxing, binding in good condition. Very firm.<\/p>","protected":false},"excerpt":{"rendered":"<p>Les rois du jour &#8211; Le printemps Reliure modeste, demi-toile \u00e0 dos long muet. 188 x 121, 136p. 1930. Signature manuscrite de Pierre Mac Orlan en t\u00eate de la page de faux-titre. Frontispice et 22 pleine pages noir et blanc. Int\u00e9rieur avec rousseurs, reliure en bel \u00e9tat. Bien ferme.<\/p>","protected":false},"featured_media":0,"template":"","meta":{"_eb_attr":""},"product_brand":[],"product_cat":[37,71,76],"product_tag":[87],"class_list":{"0":"post-8969","1":"product","2":"type-product","3":"status-publish","5":"product_cat-a-partir-du-xxeme-siecle","6":"product_cat-illustres-modernes-editions-originales-signees-numerotees","7":"product_cat-poesie-theatre-prose","8":"product_tag-signe","9":"sales-flash-overlay","10":"woocommerce-text-align-center","11":"woocommerce-image-align-center","13":"first","14":"outofstock","15":"taxable","16":"shipping-taxable","17":"purchasable","18":"product-type-simple"},"aioseo_notices":[],"_links":{"self":[{"href":"https:\/\/www.livresentre2actions.fr\/en\/wp-json\/wp\/v2\/product\/8969","targetHints":{"allow":["GET"]}}],"collection":[{"href":"https:\/\/www.livresentre2actions.fr\/en\/wp-json\/wp\/v2\/product"}],"about":[{"href":"https:\/\/www.livresentre2actions.fr\/en\/wp-json\/wp\/v2\/types\/product"}],"wp:attachment":[{"href":"https:\/\/www.livresentre2actions.fr\/en\/wp-json\/wp\/v2\/media?parent=8969"}],"wp:term":[{"taxonomy":"product_brand","embeddable":true,"href":"https:\/\/www.livresentre2actions.fr\/en\/wp-json\/wp\/v2\/product_brand?post=8969"},{"taxonomy":"product_cat","embeddable":true,"href":"https:\/\/www.livresentre2actions.fr\/en\/wp-json\/wp\/v2\/product_cat?post=8969"},{"taxonomy":"product_tag","embeddable":true,"href":"https:\/\/www.livresentre2actions.fr\/en\/wp-json\/wp\/v2\/product_tag?post=8969"}],"curies":[{"name":"wp","href":"https:\/\/api.w.org\/{rel}","templated":true}]}}