{"id":8944,"date":"2024-12-06T10:10:49","date_gmt":"2024-12-06T09:10:49","guid":{"rendered":"http:\/\/localhost\/livresentre2actions\/?post_type=product&#038;p=8944"},"modified":"2025-08-25T14:15:35","modified_gmt":"2025-08-25T12:15:35","slug":"opera-di-torquato-tasso-iii-et-iv-en-un-volume-2","status":"publish","type":"product","link":"https:\/\/www.livresentre2actions.fr\/en\/product\/opera-di-torquato-tasso-iii-et-iv-en-un-volume-2\/","title":{"rendered":"Opera di Torquato Tasso, III et IV en un volume"},"content":{"rendered":"<p>Tartini e Franchi<\/p>\n<p>In-folio, half brown sheepskin with corners, ribbed spine decorated with ribbed friezes and boxes, a red calf title label, and volume numbers, veined edges, covers stamped with a frieze in the height, 338 x 233, 1724, Florence. For both volumes, very beautiful engraved vignette on the title with motto \"Aeternitatis instrumentum in documentum\", and signed \"Av. W.\". Includes: Table of the terzo tomo, 2p. Then Prose di torquatotasso, Parte prima. 508p. Table of the quarto tomo, 2p. Then Prose di torquatotasso, Parte seconda, 522p. Very good interior, clean and intact. Corners and fields rubbed, corners bumped. Covers rubbed with scuffs. Rubbed joints, upper joint split along the height of the first nerve, and lower joint at the head and foot but less long. Rubbed back, scuffs on the headdress, tail, caissons. A fine specimen nonetheless.<\/p>","protected":false},"excerpt":{"rendered":"<p>Tartini e Franchi In-folio, demi-basane brune \u00e0 coins, dos \u00e0 nerfs orn\u00e9 de frises aux nerfs et caissons, d\u2019une pi\u00e8ce de titre veau rouge, et des tomaisons, tranches vein\u00e9es, plats estamp\u00e9s d\u2019une frise dans la hauteur, 338 x 233, 1724, Firenze. Pour les deux tomes, tr\u00e8s belle vignette grav\u00e9e au titre avec devise \u00ab\u00a0Aeternitatis instrumentum &#8230; <a title=\"Opera di Torquato Tasso, III et IV en un volume\" class=\"read-more\" href=\"https:\/\/www.livresentre2actions.fr\/en\/product\/opera-di-torquato-tasso-iii-et-iv-en-un-volume-2\/\" aria-label=\"Read more about Opera di Torquato Tasso, III et IV en un volume\">Read more<\/a><\/p>","protected":false},"featured_media":9072,"template":"","meta":{"_eb_attr":""},"product_brand":[],"product_cat":[36,72,73,76,68],"product_tag":[],"class_list":{"0":"post-8944","1":"product","2":"type-product","3":"status-publish","4":"has-post-thumbnail","6":"product_cat-entre-le-xviiieme-et-le-xixeme-siecle","7":"product_cat-divers","8":"product_cat-histoires-et-recits-de-voyage","9":"product_cat-poesie-theatre-prose","10":"product_cat-religion-spiritualite","11":"sales-flash-overlay","12":"woocommerce-text-align-center","13":"woocommerce-image-align-center","14":"wc-has-gallery","16":"first","17":"instock","18":"taxable","19":"shipping-taxable","20":"purchasable","21":"product-type-simple"},"aioseo_notices":[],"_links":{"self":[{"href":"https:\/\/www.livresentre2actions.fr\/en\/wp-json\/wp\/v2\/product\/8944","targetHints":{"allow":["GET"]}}],"collection":[{"href":"https:\/\/www.livresentre2actions.fr\/en\/wp-json\/wp\/v2\/product"}],"about":[{"href":"https:\/\/www.livresentre2actions.fr\/en\/wp-json\/wp\/v2\/types\/product"}],"wp:featuredmedia":[{"embeddable":true,"href":"https:\/\/www.livresentre2actions.fr\/en\/wp-json\/wp\/v2\/media\/9072"}],"wp:attachment":[{"href":"https:\/\/www.livresentre2actions.fr\/en\/wp-json\/wp\/v2\/media?parent=8944"}],"wp:term":[{"taxonomy":"product_brand","embeddable":true,"href":"https:\/\/www.livresentre2actions.fr\/en\/wp-json\/wp\/v2\/product_brand?post=8944"},{"taxonomy":"product_cat","embeddable":true,"href":"https:\/\/www.livresentre2actions.fr\/en\/wp-json\/wp\/v2\/product_cat?post=8944"},{"taxonomy":"product_tag","embeddable":true,"href":"https:\/\/www.livresentre2actions.fr\/en\/wp-json\/wp\/v2\/product_tag?post=8944"}],"curies":[{"name":"wp","href":"https:\/\/api.w.org\/{rel}","templated":true}]}}