{"id":8919,"date":"2024-12-06T10:10:18","date_gmt":"2024-12-06T09:10:18","guid":{"rendered":"http:\/\/localhost\/livresentre2actions\/?post_type=product&#038;p=8919"},"modified":"2025-08-08T11:29:21","modified_gmt":"2025-08-08T09:29:21","slug":"tablettes-dhistoires-locales-emile-coet-4-volumes","status":"publish","type":"product","link":"https:\/\/www.livresentre2actions.fr\/en\/product\/tablettes-dhistoires-locales-emile-coet-4-volumes\/","title":{"rendered":"Tablettes d\u2019histoires locales &#8211; Emile Co\u00ebt &#8211; 4 volumes"},"content":{"rendered":"<p>Imprimerie A. Mennecier<\/p>\n<p>New series, volume one. Half-calf tan, long spine decorated with borders, fleur-de-lys motifs, frieze at the foot and the title, author, series and volume number, and at the foot watermarked bookplate Cl\u00e9mant, 175 x 117, 300p. Outside the table. New series, volume one, 1894. Complete with its large fold-out map, in full, with color, \u201cPlan figure and description of the fief of the large and small hostel located in the village of Rocquemont\u201d (including the lordships of Nully and Rocquem. Clean and intact interior. Rubbed spine with scuffs, sunned covers. Beautiful copy, very firm.<\/p>\n<p>New series, volume 2 \u2013 Half-calf Havana, long spine decorated with borders, fleur-de-lys motifs, frieze at the foot and the title, author, series and volume number, and at the foot watermarked ex-libris Cl\u00e9mant, 175 x 117, 320p. Excluding supporting document, paginated II-VIII, and table, ij-iij. 1895. Includes 45 articles. Summary on request. Interior clean and intact. Binding sunned and rubbed, but in good condition. Firm.<\/p>\n<p>Sixth part \u2013 Half Havana calf, long spine decorated with borders, fleur-de-lys motifs, frieze at the foot and title, author and volume number, 218 x 145, 335p. With table. 1892. Includes 77 articles. Complete with his Patent of First Councillor Basoche of Compi\u00e8gne (foxing but intact). Summary on request. Interior clean and intact. Binding sunned and rubbed, but in good condition. Scuffs on head and tail. Fields of lower cover with small loss. Very firm.<\/p>\n<p>Seventh volume \u2013 Half-calf Havana, long spine decorated with borders, fleur-de-lys motifs, frieze at the foot and title, author and volume number, 218 x 145, 351p. With table. 1894. Includes 67 articles. 4 plates outside the text. Summary on request. Interior clean and intact. Binding sunned and rubbed, but in good condition. Firm.<\/p>","protected":false},"excerpt":{"rendered":"<p>Imprimerie A. Mennecier Nouvelle s\u00e9rie, tome Premier.\u00a0Demi-veau havane, \u00e0 dos long orn\u00e9 de liser\u00e9s, motifs fleur de lys, frise en pied et des titre, auteur, s\u00e9rie et tomaison, et en pied ex-libris filigran\u00e9 Cl\u00e9mant, 175 x 117, 300p. Hors table. Nouvelle s\u00e9rie, Premier volume, 1894. Bien complet de son grand plan d\u00e9pliant int\u00e8gre, avec couleur, &#8230; <a title=\"Tablettes d\u2019histoires locales &#8211; Emile Co\u00ebt &#8211; 4 volumes\" class=\"read-more\" href=\"https:\/\/www.livresentre2actions.fr\/en\/product\/tablettes-dhistoires-locales-emile-coet-4-volumes\/\" aria-label=\"Read more about Tablettes d\u2019histoires locales &#8211; Emile Co\u00ebt &#8211; 4 volumes\">Read more<\/a><\/p>","protected":false},"featured_media":9044,"template":"","meta":{"_eb_attr":""},"product_brand":[],"product_cat":[15,81,73],"product_tag":[],"class_list":{"0":"post-8919","1":"product","2":"type-product","3":"status-publish","4":"has-post-thumbnail","6":"product_cat-catalogue","7":"product_cat-hauts-de-france","8":"product_cat-histoires-et-recits-de-voyage","9":"sales-flash-overlay","10":"woocommerce-text-align-center","11":"woocommerce-image-align-center","12":"wc-has-gallery","14":"first","15":"instock","16":"taxable","17":"shipping-taxable","18":"purchasable","19":"product-type-simple"},"aioseo_notices":[],"_links":{"self":[{"href":"https:\/\/www.livresentre2actions.fr\/en\/wp-json\/wp\/v2\/product\/8919","targetHints":{"allow":["GET"]}}],"collection":[{"href":"https:\/\/www.livresentre2actions.fr\/en\/wp-json\/wp\/v2\/product"}],"about":[{"href":"https:\/\/www.livresentre2actions.fr\/en\/wp-json\/wp\/v2\/types\/product"}],"wp:featuredmedia":[{"embeddable":true,"href":"https:\/\/www.livresentre2actions.fr\/en\/wp-json\/wp\/v2\/media\/9044"}],"wp:attachment":[{"href":"https:\/\/www.livresentre2actions.fr\/en\/wp-json\/wp\/v2\/media?parent=8919"}],"wp:term":[{"taxonomy":"product_brand","embeddable":true,"href":"https:\/\/www.livresentre2actions.fr\/en\/wp-json\/wp\/v2\/product_brand?post=8919"},{"taxonomy":"product_cat","embeddable":true,"href":"https:\/\/www.livresentre2actions.fr\/en\/wp-json\/wp\/v2\/product_cat?post=8919"},{"taxonomy":"product_tag","embeddable":true,"href":"https:\/\/www.livresentre2actions.fr\/en\/wp-json\/wp\/v2\/product_tag?post=8919"}],"curies":[{"name":"wp","href":"https:\/\/api.w.org\/{rel}","templated":true}]}}