{"id":8450,"date":"2024-12-06T09:48:21","date_gmt":"2024-12-06T08:48:21","guid":{"rendered":"http:\/\/localhost\/livresentre2actions\/?post_type=product&#038;p=8450"},"modified":"2026-01-25T08:34:57","modified_gmt":"2026-01-25T07:34:57","slug":"lordre-de-la-noblesse-7-volumes-complet","status":"publish","type":"product","link":"https:\/\/www.livresentre2actions.fr\/en\/product\/lordre-de-la-noblesse-7-volumes-complet\/","title":{"rendered":"L\u2019ordre de la noblesse &#8211; 7 volumes, complet"},"content":{"rendered":"<p>Familles d\u2019Europe enregistr\u00e9es in Ordine Nobilitatis<\/p>\n<p>Jean de Bonnot<\/p>\n<p>Full leather publisher with smooth spines with flat gilded coats of arms stamped with coats of arms, 275 x 221, gilded head edge, 1978-1992, head print. T1, CDXLIIp. + 412p. T2, CCCXXXVIIIp. + 525p. T3, CLXIVp. 196p. And 499p. T4, XXIp. + 238p. and 640p. T5, XCVIp. + 1000p. T6, DCLXXXVIIp. + 850p. Marked rubbing on the headcap with a tear without loss at the head of the spine. T7, CCXXXVp. + 1140 p. clean, intact with warped spine, mobile on the block, but very firm copy. T1, T2, T3, T5, very good copies with marginal rubbing. T4, one corner and one field more rubbed with scuffs. For all volumes, clean interior, sometimes grayed edge of foot.<\/p>","protected":false},"excerpt":{"rendered":"<p>Familles d\u2019Europe enregistr\u00e9es in Ordine Nobilitatis Jean de Bonnot Plein cuir \u00e9diteur \u00e0 dos lisses \u00e0 blasons dor\u00e9s plats estamp\u00e9s de blasons, 275 x 221, tranche de t\u00eate dor\u00e9e, 1978-1992, tirage de t\u00eate. T1, CDXLIIp.+ 412p. T2, CCCXXXVIIIp. + 525p. T3, CLXIVp. 196p. Et 499p. T4, XXIp. + 238p. et 640p. T5, XCVIp. + 1000p. &#8230; <a title=\"L\u2019ordre de la noblesse &#8211; 7 volumes, complet\" class=\"read-more\" href=\"https:\/\/www.livresentre2actions.fr\/en\/product\/lordre-de-la-noblesse-7-volumes-complet\/\" aria-label=\"Read more about L\u2019ordre de la noblesse &#8211; 7 volumes, complet\">Read more<\/a><\/p>","protected":false},"featured_media":8857,"template":"","meta":{"_eb_attr":""},"product_brand":[],"product_cat":[35,72,73],"product_tag":[],"class_list":{"0":"post-8450","1":"product","2":"type-product","3":"status-publish","4":"has-post-thumbnail","6":"product_cat-jusquau-xviiemesiecle","7":"product_cat-divers","8":"product_cat-histoires-et-recits-de-voyage","9":"sales-flash-overlay","10":"woocommerce-text-align-center","11":"woocommerce-image-align-center","12":"wc-has-gallery","14":"first","15":"instock","16":"taxable","17":"shipping-taxable","18":"purchasable","19":"product-type-simple"},"aioseo_notices":[],"_links":{"self":[{"href":"https:\/\/www.livresentre2actions.fr\/en\/wp-json\/wp\/v2\/product\/8450","targetHints":{"allow":["GET"]}}],"collection":[{"href":"https:\/\/www.livresentre2actions.fr\/en\/wp-json\/wp\/v2\/product"}],"about":[{"href":"https:\/\/www.livresentre2actions.fr\/en\/wp-json\/wp\/v2\/types\/product"}],"wp:featuredmedia":[{"embeddable":true,"href":"https:\/\/www.livresentre2actions.fr\/en\/wp-json\/wp\/v2\/media\/8857"}],"wp:attachment":[{"href":"https:\/\/www.livresentre2actions.fr\/en\/wp-json\/wp\/v2\/media?parent=8450"}],"wp:term":[{"taxonomy":"product_brand","embeddable":true,"href":"https:\/\/www.livresentre2actions.fr\/en\/wp-json\/wp\/v2\/product_brand?post=8450"},{"taxonomy":"product_cat","embeddable":true,"href":"https:\/\/www.livresentre2actions.fr\/en\/wp-json\/wp\/v2\/product_cat?post=8450"},{"taxonomy":"product_tag","embeddable":true,"href":"https:\/\/www.livresentre2actions.fr\/en\/wp-json\/wp\/v2\/product_tag?post=8450"}],"curies":[{"name":"wp","href":"https:\/\/api.w.org\/{rel}","templated":true}]}}