{"id":8216,"date":"2024-12-06T09:44:17","date_gmt":"2024-12-06T08:44:17","guid":{"rendered":"http:\/\/localhost\/livresentre2actions\/?post_type=product&#038;p=8216"},"modified":"2025-04-24T12:55:34","modified_gmt":"2025-04-24T10:55:34","slug":"chants-et-chansons-theodore-alfonsi","status":"publish","type":"product","link":"https:\/\/www.livresentre2actions.fr\/en\/product\/chants-et-chansons-theodore-alfonsi\/","title":{"rendered":"Chants et chansons &#8211; Th\u00e9odore Alfonsi"},"content":{"rendered":"<p>Chants et chansons &#8211; Th\u00e9odore Alfonsi<\/p>\n<p>(reli\u00e9s \u00e0 la suite de Pour parvenir. L\u00e9gende, par J.T. de Saint-Germain )<\/p>\n<p>Dubuisson \u2013 Half-leather with long spine decorated with authors and titles, 152 x 100. Songs and songs, with a preface by Jules Noriac, 142p. Without table. 1862. According to the Maitron, T. Alfonsi was a typographer at Dubuisson and a member of the mixed tariff commission and arrested as such in 1862. Bound after Pour arriver. L\u00e9gende, by J.T. de Saint Germain [Jules-Romain Tardieu], Tardieu, 1861, 222p. With table. Followed by the publisher\u2019s catalogue. Except for some light foxing on the edges, the interior is clean and intact. Rubbing on the binding with scuffs, strong on the head and tail. Very firm.<\/p>","protected":false},"excerpt":{"rendered":"<p>Chants et chansons &#8211; Th\u00e9odore Alfonsi (reli\u00e9s \u00e0 la suite de Pour parvenir. L\u00e9gende, par J.T. de Saint-Germain ) Dubuisson &#8211; Demi-cuir \u00e0 dos long orn\u00e9s des auteurs et titres, 152 x 100. Chants et chansons, avec une pr\u00e9face de Jules Noriac, 142p. Hors table. 1862. Selon le Maitron, T. Alfonsi \u00e9tait typographe chez Dubuisson &#8230; <a title=\"Chants et chansons &#8211; Th\u00e9odore Alfonsi\" class=\"read-more\" href=\"https:\/\/www.livresentre2actions.fr\/en\/product\/chants-et-chansons-theodore-alfonsi\/\" aria-label=\"Read more about Chants et chansons &#8211; Th\u00e9odore Alfonsi\">Read more<\/a><\/p>","protected":false},"featured_media":8708,"template":"","meta":{"_eb_attr":""},"product_brand":[],"product_cat":[15,76],"product_tag":[],"class_list":{"0":"post-8216","1":"product","2":"type-product","3":"status-publish","4":"has-post-thumbnail","6":"product_cat-catalogue","7":"product_cat-poesie-theatre-prose","8":"sales-flash-overlay","9":"woocommerce-text-align-center","10":"woocommerce-image-align-center","11":"wc-has-gallery","13":"first","14":"instock","15":"taxable","16":"shipping-taxable","17":"purchasable","18":"product-type-simple"},"aioseo_notices":[],"_links":{"self":[{"href":"https:\/\/www.livresentre2actions.fr\/en\/wp-json\/wp\/v2\/product\/8216","targetHints":{"allow":["GET"]}}],"collection":[{"href":"https:\/\/www.livresentre2actions.fr\/en\/wp-json\/wp\/v2\/product"}],"about":[{"href":"https:\/\/www.livresentre2actions.fr\/en\/wp-json\/wp\/v2\/types\/product"}],"wp:featuredmedia":[{"embeddable":true,"href":"https:\/\/www.livresentre2actions.fr\/en\/wp-json\/wp\/v2\/media\/8708"}],"wp:attachment":[{"href":"https:\/\/www.livresentre2actions.fr\/en\/wp-json\/wp\/v2\/media?parent=8216"}],"wp:term":[{"taxonomy":"product_brand","embeddable":true,"href":"https:\/\/www.livresentre2actions.fr\/en\/wp-json\/wp\/v2\/product_brand?post=8216"},{"taxonomy":"product_cat","embeddable":true,"href":"https:\/\/www.livresentre2actions.fr\/en\/wp-json\/wp\/v2\/product_cat?post=8216"},{"taxonomy":"product_tag","embeddable":true,"href":"https:\/\/www.livresentre2actions.fr\/en\/wp-json\/wp\/v2\/product_tag?post=8216"}],"curies":[{"name":"wp","href":"https:\/\/api.w.org\/{rel}","templated":true}]}}