{"id":8107,"date":"2024-12-06T09:42:34","date_gmt":"2024-12-06T08:42:34","guid":{"rendered":"http:\/\/localhost\/livresentre2actions\/?post_type=product&#038;p=8107"},"modified":"2025-08-08T11:49:52","modified_gmt":"2025-08-08T09:49:52","slug":"eclaircissement-sur-les-moeurs-francois-vincent-toussaint","status":"publish","type":"product","link":"https:\/\/www.livresentre2actions.fr\/en\/product\/eclaircissement-sur-les-moeurs-francois-vincent-toussaint\/","title":{"rendered":"\u00c9claircissement sur Les m\u0153urs &#8211; Fran\u00e7ois-Vincent Toussaint"},"content":{"rendered":"<p>Chez Marc-Michel Rey<\/p>\n<p>Full waxed Havana calf, lightly marbled, with a richly decorated long spine, title label in red morocco, covers decorated with a triple-edged frame and moral motif on the corners, all edges gilt, 162 x 100. 1752. First edition. Vignette to the title. 412p. After a long preface paginated iv-lx, and 6p. of table of chapters and errata. Very good interior, clean and intact. Covers, fields and corners rubbed, with marked rubbing on the upper cover. Spine slightly rubbed with headcap with a tear without loss. Beautiful copy, very firm. Also in stock in the same binding the fifth edition of Moeurs, the book that led the author to write this defense. Fran\u00e7ois-Vincent Toussaint is known for this work, which caused a scandal and was banned upon its publication in 1748. The book was nevertheless very successful, and some articles were included in the Encyclopedia. This work is based on morality and natural justice, and rejects the need for revealed religion, natural morality being independent of the social laws brought about by religion. In 1752, he published \u00c9claircissements sur les m\u0153urs, to defend the first work.<\/p>","protected":false},"excerpt":{"rendered":"<p>Chez Marc-Michel Rey Plein veau cir\u00e9 havane l\u00e9g\u00e8rement marbr\u00e9, \u00e0 dos long richement orn\u00e9, pi\u00e8ce de titre en maroquin rouge, plats orn\u00e9 d\u2019un encadrement \u00e0 triple liser\u00e9 et motif moral aux angles, toutes tranches dor\u00e9es, 162 x 100. 1752. Premi\u00e8re \u00e9dition. Vignette au titre. 412p. Apr\u00e8s une longue pr\u00e9face pagin\u00e9e iv-lx, et 6p. de table &#8230; <a title=\"\u00c9claircissement sur Les m\u0153urs &#8211; Fran\u00e7ois-Vincent Toussaint\" class=\"read-more\" href=\"https:\/\/www.livresentre2actions.fr\/en\/product\/eclaircissement-sur-les-moeurs-francois-vincent-toussaint\/\" aria-label=\"Read more about \u00c9claircissement sur Les m\u0153urs &#8211; Fran\u00e7ois-Vincent Toussaint\">Read more<\/a><\/p>","protected":false},"featured_media":8540,"template":"","meta":{"_eb_attr":""},"product_brand":[],"product_cat":[15,36,72,68],"product_tag":[],"class_list":{"0":"post-8107","1":"product","2":"type-product","3":"status-publish","4":"has-post-thumbnail","6":"product_cat-catalogue","7":"product_cat-entre-le-xviiieme-et-le-xixeme-siecle","8":"product_cat-divers","9":"product_cat-religion-spiritualite","10":"sales-flash-overlay","11":"woocommerce-text-align-center","12":"woocommerce-image-align-center","13":"wc-has-gallery","15":"first","16":"instock","17":"taxable","18":"shipping-taxable","19":"purchasable","20":"product-type-simple"},"aioseo_notices":[],"_links":{"self":[{"href":"https:\/\/www.livresentre2actions.fr\/en\/wp-json\/wp\/v2\/product\/8107","targetHints":{"allow":["GET"]}}],"collection":[{"href":"https:\/\/www.livresentre2actions.fr\/en\/wp-json\/wp\/v2\/product"}],"about":[{"href":"https:\/\/www.livresentre2actions.fr\/en\/wp-json\/wp\/v2\/types\/product"}],"wp:featuredmedia":[{"embeddable":true,"href":"https:\/\/www.livresentre2actions.fr\/en\/wp-json\/wp\/v2\/media\/8540"}],"wp:attachment":[{"href":"https:\/\/www.livresentre2actions.fr\/en\/wp-json\/wp\/v2\/media?parent=8107"}],"wp:term":[{"taxonomy":"product_brand","embeddable":true,"href":"https:\/\/www.livresentre2actions.fr\/en\/wp-json\/wp\/v2\/product_brand?post=8107"},{"taxonomy":"product_cat","embeddable":true,"href":"https:\/\/www.livresentre2actions.fr\/en\/wp-json\/wp\/v2\/product_cat?post=8107"},{"taxonomy":"product_tag","embeddable":true,"href":"https:\/\/www.livresentre2actions.fr\/en\/wp-json\/wp\/v2\/product_tag?post=8107"}],"curies":[{"name":"wp","href":"https:\/\/api.w.org\/{rel}","templated":true}]}}