{"id":8097,"date":"2024-12-06T09:42:34","date_gmt":"2024-12-06T08:42:34","guid":{"rendered":"http:\/\/localhost\/livresentre2actions\/?post_type=product&#038;p=8097"},"modified":"2025-02-03T13:28:44","modified_gmt":"2025-02-03T12:28:44","slug":"codex-medicamentarius-seu-pharmacopoea-parisiensis","status":"publish","type":"product","link":"https:\/\/www.livresentre2actions.fr\/en\/product\/codex-medicamentarius-seu-pharmacopoea-parisiensis\/","title":{"rendered":"Codex medicamentarius seu pharmacopoea parisiensis"},"content":{"rendered":"<p>Codex medicamentarius seu pharmacopoea parisiensis ex mandato facultatis medicinae parisiensis in lucem edita. Editio auctior et emendatior.<\/p>\n<p>Joanne-Baptista-Thomas Martinenq &#8211; Guillelmum Cavelier<\/p>\n<p>Full marbled calf, spine with 5 ribs decorated with the box and a title piece in wine-coloured morocco, all edges red, 255 x 202, 268p. 1748. New edition, expanded and improved. [The first edition had appeared in 1638]. Followed by Index rerum alphabeticum, paginated ij-xxxiv. In fine: Ordo pharmacopoeorum parisiensium anno 1748, 3p. Errata and Privilege of the King. Preceded by: Arrest of the court of parliament which orders the apothecaries etc. 2p. ; Praefatio, 4p. ; Pondera, 1p. ; Catalogus doctorum regentium saluberrimae facultatis medecinae parisiensis anno 1748, 6p. ; Index medicamentorum simplicium, paginated j-cxxviij; Index capitum, paginated cxxix-cxxxij. Then the text. Beautiful header to the title of the text, and some pretty tailpieces. Bookplate almost crossed out to the general title. Extra: handwritten recipe for \u201cSyrop de Glaubert\u201d on the penultimate blank page. [or Glauber\u2019s salt: This salt is known under different names: sodium sulfate, \u201cadmirable salt\u201d, \u201cGlauber\u2019s cathartic salt\u201d, sulfated or vitriolated soda. It was discovered by Glauber in 1658, while examining the decomposition of sea salt by sulfuric acid. In France, it came mainly from Lorraine, where salt springs were exploited. Subsequently, it was extracted from sodium chloride. It is colorless, very efflorescent, with a fresh flavor, less bitter than that of sulfate of magnesia. It was an effective purgative and widely used. (Dorvault, 1886, p. 962; cited by wikip.)] Interior sunned with scattered foxing, but overall clean, intact. Corners and fields rubbed, corners slightly dulled, one corner leveled. Covers rubbed with scuffs, stains, some losses on upper cover. Joints briefly split at head and foot of joints, small loss at head of both joints; some wormholes in upper joint. Spine rubbed with scuffs on ribs; headcap and tail missing; small losses at head and tail of spine. Very firm copy.<\/p>\n<p>&nbsp;<\/p>","protected":false},"excerpt":{"rendered":"<p>Codex medicamentarius seu pharmacopoea parisiensis ex mandato facultatis medicinae parisiensis in lucem edita. Editio auctior et emendatior. Joanne-Baptista-Thomas Martinenq &#8211; Guillelmum Cavelier Plein veau marbr\u00e9e, dos \u00e0 5 nerfs orn\u00e9 aux caisson et d\u2019un pi\u00e8ce de titre en maroquin lie de vin, toutes tranches rouges, 255 x 202, 268p. 1748. Nouvelle \u00e9dition augment\u00e9e et am\u00e9lior\u00e9e. &#8230; <a title=\"Codex medicamentarius seu pharmacopoea parisiensis\" class=\"read-more\" href=\"https:\/\/www.livresentre2actions.fr\/en\/product\/codex-medicamentarius-seu-pharmacopoea-parisiensis\/\" aria-label=\"Read more about Codex medicamentarius seu pharmacopoea parisiensis\">Read more<\/a><\/p>","protected":false},"featured_media":8331,"template":"","meta":{"_eb_attr":""},"product_brand":[],"product_cat":[15,70],"product_tag":[],"class_list":{"0":"post-8097","1":"product","2":"type-product","3":"status-publish","4":"has-post-thumbnail","6":"product_cat-catalogue","7":"product_cat-medecine-et-nature","8":"sales-flash-overlay","9":"woocommerce-text-align-center","10":"woocommerce-image-align-center","11":"wc-has-gallery","13":"first","14":"outofstock","15":"taxable","16":"shipping-taxable","17":"purchasable","18":"product-type-simple"},"aioseo_notices":[],"_links":{"self":[{"href":"https:\/\/www.livresentre2actions.fr\/en\/wp-json\/wp\/v2\/product\/8097","targetHints":{"allow":["GET"]}}],"collection":[{"href":"https:\/\/www.livresentre2actions.fr\/en\/wp-json\/wp\/v2\/product"}],"about":[{"href":"https:\/\/www.livresentre2actions.fr\/en\/wp-json\/wp\/v2\/types\/product"}],"wp:featuredmedia":[{"embeddable":true,"href":"https:\/\/www.livresentre2actions.fr\/en\/wp-json\/wp\/v2\/media\/8331"}],"wp:attachment":[{"href":"https:\/\/www.livresentre2actions.fr\/en\/wp-json\/wp\/v2\/media?parent=8097"}],"wp:term":[{"taxonomy":"product_brand","embeddable":true,"href":"https:\/\/www.livresentre2actions.fr\/en\/wp-json\/wp\/v2\/product_brand?post=8097"},{"taxonomy":"product_cat","embeddable":true,"href":"https:\/\/www.livresentre2actions.fr\/en\/wp-json\/wp\/v2\/product_cat?post=8097"},{"taxonomy":"product_tag","embeddable":true,"href":"https:\/\/www.livresentre2actions.fr\/en\/wp-json\/wp\/v2\/product_tag?post=8097"}],"curies":[{"name":"wp","href":"https:\/\/api.w.org\/{rel}","templated":true}]}}