{"id":8087,"date":"2024-12-06T09:42:33","date_gmt":"2024-12-06T08:42:33","guid":{"rendered":"http:\/\/localhost\/livresentre2actions\/?post_type=product&#038;p=8087"},"modified":"2026-01-25T09:25:53","modified_gmt":"2026-01-25T08:25:53","slug":"collections-du-chevalier-mayer-van-den-bergh","status":"publish","type":"product","link":"https:\/\/www.livresentre2actions.fr\/en\/product\/collections-du-chevalier-mayer-van-den-bergh\/","title":{"rendered":"Collections du Chevalier Mayer Van Den Bergh"},"content":{"rendered":"<p>Collections of the Knight Mayer van den Bergh. Catalogue of the paintings exhibited in the galleries of the House of the Magi<\/p>\n<p>Bellemans Fr\u00e8res<\/p>\n<p>Very small full folio in mauve morocco, spine with false nerves, decorated with the title, covers and spine preserved, 382 x 300, 1904, Antwerp. 341p. With table of names of the artists cited in the catalogue. Copy numbered 208, one of 324 on handmade paper, after the 50 on Japanese paper and before the 125 on tinted vellum (i.e. 500 copies in total). Frontispiece: portrait with medallion of the Knight Fritz Meyer. A 4-page notice, paginated 7-10, signed \"D\" on the Knight precedes the descriptions of paintings (with signatures and provenance sometimes) and for some of them reproduced under serpente (engraved in heliogravure by Meisenbach Riffart &amp; Co in Berlin): 53 engravings for 93 artists mentioned. Clean interior, rather marginal foxing. Clean and intact covers, clear traces of rubbing on the upper cover. Intact corners and fields. Sunned spine, with scuffs on the last nerves, on the head and tail. A fine copy.<\/p>","protected":false},"excerpt":{"rendered":"<p>Collections du Chevalier Mayer van den Bergh. Catalogue des tableaux expos\u00e9s dans les galeries de la Maison des Rois Mages Bellemans Fr\u00e8res Fort petit in-folio plein maroquin mauve, dos \u00e0 faux-nerfs, orn\u00e9 du titre\u00a0, couvertures et dos conserv\u00e9es, 382 x 300, 1904, Anvers. 341p. Avec table des Noms des artistes cit\u00e9s dans le catalogue. Exemplaire &#8230; <a title=\"Collections du Chevalier Mayer Van Den Bergh\" class=\"read-more\" href=\"https:\/\/www.livresentre2actions.fr\/en\/product\/collections-du-chevalier-mayer-van-den-bergh\/\" aria-label=\"Read more about Collections du Chevalier Mayer Van Den Bergh\">Read more<\/a><\/p>","protected":false},"featured_media":8143,"template":"","meta":{"_eb_attr":""},"product_brand":[],"product_cat":[15,37,75,71],"product_tag":[86],"class_list":{"0":"post-8087","1":"product","2":"type-product","3":"status-publish","4":"has-post-thumbnail","6":"product_cat-catalogue","7":"product_cat-a-partir-du-xxeme-siecle","8":"product_cat-art","9":"product_cat-illustres-modernes-editions-originales-signees-numerotees","10":"product_tag-illustre","11":"sales-flash-overlay","12":"woocommerce-text-align-center","13":"woocommerce-image-align-center","14":"wc-has-gallery","16":"first","17":"instock","18":"sold-individually","19":"taxable","20":"shipping-taxable","21":"purchasable","22":"product-type-simple"},"aioseo_notices":[],"_links":{"self":[{"href":"https:\/\/www.livresentre2actions.fr\/en\/wp-json\/wp\/v2\/product\/8087","targetHints":{"allow":["GET"]}}],"collection":[{"href":"https:\/\/www.livresentre2actions.fr\/en\/wp-json\/wp\/v2\/product"}],"about":[{"href":"https:\/\/www.livresentre2actions.fr\/en\/wp-json\/wp\/v2\/types\/product"}],"wp:featuredmedia":[{"embeddable":true,"href":"https:\/\/www.livresentre2actions.fr\/en\/wp-json\/wp\/v2\/media\/8143"}],"wp:attachment":[{"href":"https:\/\/www.livresentre2actions.fr\/en\/wp-json\/wp\/v2\/media?parent=8087"}],"wp:term":[{"taxonomy":"product_brand","embeddable":true,"href":"https:\/\/www.livresentre2actions.fr\/en\/wp-json\/wp\/v2\/product_brand?post=8087"},{"taxonomy":"product_cat","embeddable":true,"href":"https:\/\/www.livresentre2actions.fr\/en\/wp-json\/wp\/v2\/product_cat?post=8087"},{"taxonomy":"product_tag","embeddable":true,"href":"https:\/\/www.livresentre2actions.fr\/en\/wp-json\/wp\/v2\/product_tag?post=8087"}],"curies":[{"name":"wp","href":"https:\/\/api.w.org\/{rel}","templated":true}]}}