{"id":20551,"date":"2026-02-04T15:27:14","date_gmt":"2026-02-04T14:27:14","guid":{"rendered":"https:\/\/www.livresentre2actions.fr\/?post_type=product&#038;p=20551"},"modified":"2026-05-04T16:13:15","modified_gmt":"2026-05-04T14:13:15","slug":"livre-deglise-latin-francois-proses-du-diocese-de-chaalons","status":"publish","type":"product","link":"https:\/\/www.livresentre2actions.fr\/en\/product\/livre-deglise-latin-francois-proses-du-diocese-de-chaalons\/","title":{"rendered":"Livre d\u2019\u00e9glise latin-fran\u00e7ois \/ Proses du dioc\u00e8se de Chaalons"},"content":{"rendered":"<p>Livre d\u2019\u00e9glise latin-fran\u00e7ois, suivant les nouveaux br\u00e9viaire et missel de Paris, contenant l\u2019office pur tous les jours de l\u2019ann\u00e9e depuis Prime jusqu\u2019\u00e0 Complies, y compris les Processions et les Messes, \u00e0 l\u2019usage des la\u00efcs. Hiver I\u00e8re Partie.<\/p>\n<p>Reli\u00e9 \u00e0 la suite\u00a0: Proses du dioc\u00e8se de Chaalons<\/p>\n<p>Aux d\u00e9pends des libraires de Paris\u00a0; Pour les Usages de Paris<\/p>\n<p>Pleine basane marbr\u00e9e dont il ne reste que le plat sup\u00e9rieur\u00a0; les plats avaient \u00e9t\u00e9 orn\u00e9s d\u2019une guirlande en bordure de plats, guirlande pr\u00e9sente en bordure des contreplats\u00a0; toutes tranches dor\u00e9es, 169 x 96, 1777. Vignette au titre et deux jolis culs-de-lampe. Comprend\u00a0:\u00a0ij-lx : Mandement \/ Table du tems et des \u00eates mobiles \/ B\u00e9n\u00e9diction de l\u2019eau \/ L\u2019ordinaire de la Messe\/Pr\u00e9faces Propres\u00a0; puis\u00a0: L\u2019office de la semaine selon le Br\u00e9viaire de Paris, 2-562 pp. Puis Commun des saints, i-ccixxxiv, hors table alphab\u00e9tique (4p.). Reli\u00e9 \u00e0 la suite\u00a0: Proses du dioc\u00e8se de Chaalons, Chez Briquet, \u00e0 Chaalons, an VIII (1800), 47p. Hors table (1p.). A noter qu\u2019un an plus tard, en 1801, le dioc\u00e8ce de Chaalons par le pape PieVII. Sans jamais \u00eare r\u00e9tabli, ni en 1817 par la bulle Commissa divinitus (rest\u00e9e sans effet), ni en 1822 par la bulle Patern\u00e6 Charitatis. (wikip.) Int\u00e9rieur l\u00e9g\u00e8rement insol\u00e9 mais globalement propre et int\u00e8gre, Rousseurs tr\u00e8s marginales. On remarque un cahier qui sort l\u00e9g\u00e8rement de l\u2019ensemble en tranche. Tranches frott\u00e9es et gris\u00e9es. Coins \u00e9mouss\u00e9s. Plat sup\u00e9rieur frott\u00e9 avec manque en mors, \u00e9pidermures, manque en pied. Bien ferme n\u00e9anmoins.<\/p>","protected":false},"excerpt":{"rendered":"<p>Livre d\u2019\u00e9glise latin-fran\u00e7ois, suivant les nouveaux br\u00e9viaire et missel de Paris, contenant l\u2019office pur tous les jours de l\u2019ann\u00e9e depuis Prime jusqu\u2019\u00e0 Complies, y compris les Processions et les Messes, \u00e0 l\u2019usage des la\u00efcs. Hiver I\u00e8re Partie. Reli\u00e9 \u00e0 la suite\u00a0: Proses du dioc\u00e8se de Chaalons Aux d\u00e9pends des libraires de Paris\u00a0; Pour les Usages &#8230; <a title=\"Livre d\u2019\u00e9glise latin-fran\u00e7ois \/ Proses du dioc\u00e8se de Chaalons\" class=\"read-more\" href=\"https:\/\/www.livresentre2actions.fr\/en\/product\/livre-deglise-latin-francois-proses-du-diocese-de-chaalons\/\" aria-label=\"Read more about Livre d\u2019\u00e9glise latin-fran\u00e7ois \/ Proses du dioc\u00e8se de Chaalons\">Read more<\/a><\/p>","protected":false},"featured_media":0,"template":"","meta":{"_eb_attr":""},"product_brand":[],"product_cat":[36,97,68],"product_tag":[],"class_list":{"0":"post-20551","1":"product","2":"type-product","3":"status-publish","5":"product_cat-entre-le-xviiieme-et-le-xixeme-siecle","6":"product_cat-regionalia-divers","7":"product_cat-religion-spiritualite","8":"sales-flash-overlay","9":"woocommerce-text-align-center","10":"woocommerce-image-align-center","12":"first","13":"instock","14":"taxable","15":"shipping-taxable","16":"purchasable","17":"product-type-simple"},"aioseo_notices":[],"_links":{"self":[{"href":"https:\/\/www.livresentre2actions.fr\/en\/wp-json\/wp\/v2\/product\/20551","targetHints":{"allow":["GET"]}}],"collection":[{"href":"https:\/\/www.livresentre2actions.fr\/en\/wp-json\/wp\/v2\/product"}],"about":[{"href":"https:\/\/www.livresentre2actions.fr\/en\/wp-json\/wp\/v2\/types\/product"}],"wp:attachment":[{"href":"https:\/\/www.livresentre2actions.fr\/en\/wp-json\/wp\/v2\/media?parent=20551"}],"wp:term":[{"taxonomy":"product_brand","embeddable":true,"href":"https:\/\/www.livresentre2actions.fr\/en\/wp-json\/wp\/v2\/product_brand?post=20551"},{"taxonomy":"product_cat","embeddable":true,"href":"https:\/\/www.livresentre2actions.fr\/en\/wp-json\/wp\/v2\/product_cat?post=20551"},{"taxonomy":"product_tag","embeddable":true,"href":"https:\/\/www.livresentre2actions.fr\/en\/wp-json\/wp\/v2\/product_tag?post=20551"}],"curies":[{"name":"wp","href":"https:\/\/api.w.org\/{rel}","templated":true}]}}