{"id":20533,"date":"2026-02-28T14:21:59","date_gmt":"2026-02-28T13:21:59","guid":{"rendered":"https:\/\/www.livresentre2actions.fr\/?post_type=product&#038;p=20533"},"modified":"2026-04-28T14:22:38","modified_gmt":"2026-04-28T12:22:38","slug":"rene-ducourant-peintre-de-lhomme","status":"publish","type":"product","link":"https:\/\/www.livresentre2actions.fr\/en\/product\/rene-ducourant-peintre-de-lhomme\/","title":{"rendered":"Ren\u00e9 Ducourant, peintre de l&rsquo;homme"},"content":{"rendered":"<p>Broch\u00e9, 201 x 201, 41p. 1988. Imprimerie L\u00e9once Desprez. Exemplaire enrichi d&rsquo;un bel envoi sign\u00e9 de l\u2019artiste en page de garde. tr\u00e8s bon exemplaire, propre, int\u00e8gre, bien ferme.<\/p>","protected":false},"excerpt":{"rendered":"<p>Broch\u00e9, 201 x 201, 41p. 1988. Imprimerie L\u00e9once Desprez. Exemplaire enrichi d&rsquo;un bel envoi sign\u00e9 de l\u2019artiste en page de garde. tr\u00e8s bon exemplaire, propre, int\u00e8gre, bien ferme.<\/p>","protected":false},"featured_media":20534,"template":"","meta":{"_eb_attr":""},"product_brand":[],"product_cat":[37,75,71,81],"product_tag":[87],"class_list":{"0":"post-20533","1":"product","2":"type-product","3":"status-publish","4":"has-post-thumbnail","6":"product_cat-a-partir-du-xxeme-siecle","7":"product_cat-art","8":"product_cat-illustres-modernes-editions-originales-signees-numerotees","9":"product_cat-hauts-de-france","10":"product_tag-signe","11":"sales-flash-overlay","12":"woocommerce-text-align-center","13":"woocommerce-image-align-center","14":"wc-has-gallery","16":"first","17":"instock","18":"taxable","19":"shipping-taxable","20":"purchasable","21":"product-type-simple"},"aioseo_notices":[],"_links":{"self":[{"href":"https:\/\/www.livresentre2actions.fr\/en\/wp-json\/wp\/v2\/product\/20533","targetHints":{"allow":["GET"]}}],"collection":[{"href":"https:\/\/www.livresentre2actions.fr\/en\/wp-json\/wp\/v2\/product"}],"about":[{"href":"https:\/\/www.livresentre2actions.fr\/en\/wp-json\/wp\/v2\/types\/product"}],"wp:featuredmedia":[{"embeddable":true,"href":"https:\/\/www.livresentre2actions.fr\/en\/wp-json\/wp\/v2\/media\/20534"}],"wp:attachment":[{"href":"https:\/\/www.livresentre2actions.fr\/en\/wp-json\/wp\/v2\/media?parent=20533"}],"wp:term":[{"taxonomy":"product_brand","embeddable":true,"href":"https:\/\/www.livresentre2actions.fr\/en\/wp-json\/wp\/v2\/product_brand?post=20533"},{"taxonomy":"product_cat","embeddable":true,"href":"https:\/\/www.livresentre2actions.fr\/en\/wp-json\/wp\/v2\/product_cat?post=20533"},{"taxonomy":"product_tag","embeddable":true,"href":"https:\/\/www.livresentre2actions.fr\/en\/wp-json\/wp\/v2\/product_tag?post=20533"}],"curies":[{"name":"wp","href":"https:\/\/api.w.org\/{rel}","templated":true}]}}