{"id":20521,"date":"2026-02-28T14:09:32","date_gmt":"2026-02-28T13:09:32","guid":{"rendered":"https:\/\/www.livresentre2actions.fr\/?post_type=product&#038;p=20521"},"modified":"2026-04-28T14:22:51","modified_gmt":"2026-04-28T12:22:51","slug":"les-cantiques-de-saint-leger-de-gosnay-rene-ducourant","status":"publish","type":"product","link":"https:\/\/www.livresentre2actions.fr\/en\/product\/les-cantiques-de-saint-leger-de-gosnay-rene-ducourant\/","title":{"rendered":"Les cantiques de Saint-L\u00e9ger de Gosnay, Ren\u00e9 Ducourant"},"content":{"rendered":"<p>Cartonnage \u00e9diteur illustr\u00e9, 306 x 216,130p. 2011. \u00c9ditions Henry. Exemplaire enrichi d&rsquo;un bel envoi de l\u00bfartiste en page de garde, d&rsquo;un cachet de l&rsquo;artiste sur cette m\u00eame page, et d&rsquo;un envoi anonyme d&rsquo;un ancien d\u00e9tenteur de l&rsquo;ouvrage au titre. Exemplaire propre, int\u00e8gre, bien ferme.<\/p>","protected":false},"excerpt":{"rendered":"<p>Cartonnage \u00e9diteur illustr\u00e9, 306 x 216,130p. 2011. \u00c9ditions Henry. Exemplaire enrichi d&rsquo;un bel envoi de l\u00bfartiste en page de garde, d&rsquo;un cachet de l&rsquo;artiste sur cette m\u00eame page, et d&rsquo;un envoi anonyme d&rsquo;un ancien d\u00e9tenteur de l&rsquo;ouvrage au titre. Exemplaire propre, int\u00e8gre, bien ferme.<\/p>","protected":false},"featured_media":20522,"template":"","meta":{"_eb_attr":""},"product_brand":[],"product_cat":[37,75,71,81],"product_tag":[87],"class_list":{"0":"post-20521","1":"product","2":"type-product","3":"status-publish","4":"has-post-thumbnail","6":"product_cat-a-partir-du-xxeme-siecle","7":"product_cat-art","8":"product_cat-illustres-modernes-editions-originales-signees-numerotees","9":"product_cat-hauts-de-france","10":"product_tag-signe","11":"sales-flash-overlay","12":"woocommerce-text-align-center","13":"woocommerce-image-align-center","14":"wc-has-gallery","16":"first","17":"instock","18":"taxable","19":"shipping-taxable","20":"purchasable","21":"product-type-simple"},"aioseo_notices":[],"_links":{"self":[{"href":"https:\/\/www.livresentre2actions.fr\/en\/wp-json\/wp\/v2\/product\/20521","targetHints":{"allow":["GET"]}}],"collection":[{"href":"https:\/\/www.livresentre2actions.fr\/en\/wp-json\/wp\/v2\/product"}],"about":[{"href":"https:\/\/www.livresentre2actions.fr\/en\/wp-json\/wp\/v2\/types\/product"}],"wp:featuredmedia":[{"embeddable":true,"href":"https:\/\/www.livresentre2actions.fr\/en\/wp-json\/wp\/v2\/media\/20522"}],"wp:attachment":[{"href":"https:\/\/www.livresentre2actions.fr\/en\/wp-json\/wp\/v2\/media?parent=20521"}],"wp:term":[{"taxonomy":"product_brand","embeddable":true,"href":"https:\/\/www.livresentre2actions.fr\/en\/wp-json\/wp\/v2\/product_brand?post=20521"},{"taxonomy":"product_cat","embeddable":true,"href":"https:\/\/www.livresentre2actions.fr\/en\/wp-json\/wp\/v2\/product_cat?post=20521"},{"taxonomy":"product_tag","embeddable":true,"href":"https:\/\/www.livresentre2actions.fr\/en\/wp-json\/wp\/v2\/product_tag?post=20521"}],"curies":[{"name":"wp","href":"https:\/\/api.w.org\/{rel}","templated":true}]}}