{"id":20512,"date":"2026-02-24T11:14:47","date_gmt":"2026-02-24T10:14:47","guid":{"rendered":"https:\/\/www.livresentre2actions.fr\/?post_type=product&#038;p=20512"},"modified":"2026-04-24T11:17:36","modified_gmt":"2026-04-24T09:17:36","slug":"les-objets-de-la-vie-quotidienne-dans-les-alpes-jean-guibal","status":"publish","type":"product","link":"https:\/\/www.livresentre2actions.fr\/en\/product\/les-objets-de-la-vie-quotidienne-dans-les-alpes-jean-guibal\/","title":{"rendered":"Les objets de la vie quotidienne dans les Alpes, Jean Guibal"},"content":{"rendered":"<p>Plein skivertex noir \u00e9diteur \u00e0 dos long titr\u00e9, sous embo\u00eetage illustr\u00e9, 350 x 245, 142p. 1990. Tr\u00e8s bel exemplaire, propre, int\u00e8gre, bien ferme, proche du neuf (sous blister d&rsquo;origine, except\u00e9 le dos)<\/p>","protected":false},"excerpt":{"rendered":"<p>Plein skivertex noir \u00e9diteur \u00e0 dos long titr\u00e9, sous embo\u00eetage illustr\u00e9, 350 x 245, 142p. 1990. Tr\u00e8s bel exemplaire, propre, int\u00e8gre, bien ferme, proche du neuf (sous blister d&rsquo;origine, except\u00e9 le dos)<\/p>","protected":false},"featured_media":20513,"template":"","meta":{"_eb_attr":""},"product_brand":[],"product_cat":[37,75,71,97],"product_tag":[],"class_list":{"0":"post-20512","1":"product","2":"type-product","3":"status-publish","4":"has-post-thumbnail","6":"product_cat-a-partir-du-xxeme-siecle","7":"product_cat-art","8":"product_cat-illustres-modernes-editions-originales-signees-numerotees","9":"product_cat-regionalia-divers","10":"sales-flash-overlay","11":"woocommerce-text-align-center","12":"woocommerce-image-align-center","13":"wc-has-gallery","15":"first","16":"instock","17":"taxable","18":"shipping-taxable","19":"purchasable","20":"product-type-simple"},"aioseo_notices":[],"_links":{"self":[{"href":"https:\/\/www.livresentre2actions.fr\/en\/wp-json\/wp\/v2\/product\/20512","targetHints":{"allow":["GET"]}}],"collection":[{"href":"https:\/\/www.livresentre2actions.fr\/en\/wp-json\/wp\/v2\/product"}],"about":[{"href":"https:\/\/www.livresentre2actions.fr\/en\/wp-json\/wp\/v2\/types\/product"}],"wp:featuredmedia":[{"embeddable":true,"href":"https:\/\/www.livresentre2actions.fr\/en\/wp-json\/wp\/v2\/media\/20513"}],"wp:attachment":[{"href":"https:\/\/www.livresentre2actions.fr\/en\/wp-json\/wp\/v2\/media?parent=20512"}],"wp:term":[{"taxonomy":"product_brand","embeddable":true,"href":"https:\/\/www.livresentre2actions.fr\/en\/wp-json\/wp\/v2\/product_brand?post=20512"},{"taxonomy":"product_cat","embeddable":true,"href":"https:\/\/www.livresentre2actions.fr\/en\/wp-json\/wp\/v2\/product_cat?post=20512"},{"taxonomy":"product_tag","embeddable":true,"href":"https:\/\/www.livresentre2actions.fr\/en\/wp-json\/wp\/v2\/product_tag?post=20512"}],"curies":[{"name":"wp","href":"https:\/\/api.w.org\/{rel}","templated":true}]}}