{"id":20494,"date":"2026-02-21T15:21:09","date_gmt":"2026-02-21T14:21:09","guid":{"rendered":"https:\/\/www.livresentre2actions.fr\/?post_type=product&#038;p=20494"},"modified":"2026-04-21T15:22:11","modified_gmt":"2026-04-21T13:22:11","slug":"gravure-ancienne-imprimerie-quantin-paysage-anime-signe-sur-verge","status":"publish","type":"product","link":"https:\/\/www.livresentre2actions.fr\/en\/product\/gravure-ancienne-imprimerie-quantin-paysage-anime-signe-sur-verge\/","title":{"rendered":"Gravure ancienne Imprimerie Quantin &#8211; Paysage anim\u00e9, sign\u00e9. sur verg\u00e9"},"content":{"rendered":"<p>Feuillet 290 x 210 ; empreinte de la cuvette 158 x 115, dessin 123 x 89. Paysage anim\u00e9 autour d&rsquo;un lac, sign\u00e9 \u00e0 gauche, num\u00e9rot\u00e9 48. Marges gris\u00e9es, c\u0153ur de la gravure propre et int\u00e8gre. ,<\/p>","protected":false},"excerpt":{"rendered":"<p>Feuillet 290 x 210 ; empreinte de la cuvette 158 x 115, dessin 123 x 89. Paysage anim\u00e9 autour d&rsquo;un lac, sign\u00e9 \u00e0 gauche, num\u00e9rot\u00e9 48. Marges gris\u00e9es, c\u0153ur de la gravure propre et int\u00e8gre. ,<\/p>","protected":false},"featured_media":20495,"template":"","meta":{"_eb_attr":""},"product_brand":[],"product_cat":[36,75,74,229],"product_tag":[],"class_list":{"0":"post-20494","1":"product","2":"type-product","3":"status-publish","4":"has-post-thumbnail","6":"product_cat-entre-le-xviiieme-et-le-xixeme-siecle","7":"product_cat-art","8":"product_cat-collections","9":"product_cat-gravures-toute-epoque","10":"sales-flash-overlay","11":"woocommerce-text-align-center","12":"woocommerce-image-align-center","13":"wc-has-gallery","15":"first","16":"instock","17":"taxable","18":"shipping-taxable","19":"purchasable","20":"product-type-simple"},"aioseo_notices":[],"_links":{"self":[{"href":"https:\/\/www.livresentre2actions.fr\/en\/wp-json\/wp\/v2\/product\/20494","targetHints":{"allow":["GET"]}}],"collection":[{"href":"https:\/\/www.livresentre2actions.fr\/en\/wp-json\/wp\/v2\/product"}],"about":[{"href":"https:\/\/www.livresentre2actions.fr\/en\/wp-json\/wp\/v2\/types\/product"}],"wp:featuredmedia":[{"embeddable":true,"href":"https:\/\/www.livresentre2actions.fr\/en\/wp-json\/wp\/v2\/media\/20495"}],"wp:attachment":[{"href":"https:\/\/www.livresentre2actions.fr\/en\/wp-json\/wp\/v2\/media?parent=20494"}],"wp:term":[{"taxonomy":"product_brand","embeddable":true,"href":"https:\/\/www.livresentre2actions.fr\/en\/wp-json\/wp\/v2\/product_brand?post=20494"},{"taxonomy":"product_cat","embeddable":true,"href":"https:\/\/www.livresentre2actions.fr\/en\/wp-json\/wp\/v2\/product_cat?post=20494"},{"taxonomy":"product_tag","embeddable":true,"href":"https:\/\/www.livresentre2actions.fr\/en\/wp-json\/wp\/v2\/product_tag?post=20494"}],"curies":[{"name":"wp","href":"https:\/\/api.w.org\/{rel}","templated":true}]}}