{"id":20477,"date":"2026-02-21T14:56:42","date_gmt":"2026-02-21T13:56:42","guid":{"rendered":"https:\/\/www.livresentre2actions.fr\/?post_type=product&#038;p=20477"},"modified":"2026-04-21T14:58:45","modified_gmt":"2026-04-21T12:58:45","slug":"les-belles-a-table-suivi-du-coup-du-milieu","status":"publish","type":"product","link":"https:\/\/www.livresentre2actions.fr\/en\/product\/les-belles-a-table-suivi-du-coup-du-milieu\/","title":{"rendered":"Les Belles \u00e0 table. Suivi du Coup du milieu"},"content":{"rendered":"<p>Maurice des Ombiaux &#8211; Jean Budry<\/p>\n<p>Tr\u00e8s belle reliure sign\u00e9e Jansenss, demi-cuir \u00e0 bandes, plats en partie tapiss\u00e9s, dos \u00e0 faux-nerfs, orn\u00e9e aux nerfs et des titre et auteur, couvertures conserv\u00e9es, 240 x 192, 80p. Puis 83-102. 1926. Num\u00e9rot\u00e9 274\/400, sur verg\u00e9 d\u2019arches cr\u00e8me. Imprim\u00e9 par Maurice Daranti\u00e8re (imprimeur et \u00e9diteur d\u2019art). Frontispice sous serpente de Marie Laurencin. Int\u00e9rieur tr\u00e8s bon, propre et int\u00e8gre. Plats et dos int\u00e8gres\u00a0; coins de t\u00eate frott\u00e9s, une \u00e9pidermure en champs inf\u00e9rieur\u00a0; mors de t\u00eate frott\u00e9, t\u00eate de mors sup\u00e9rieur l\u00e9g\u00e8rement fissur\u00e9 en t\u00eate. Bien ferme.<\/p>","protected":false},"excerpt":{"rendered":"<p>Maurice des Ombiaux &#8211; Jean Budry Tr\u00e8s belle reliure sign\u00e9e Jansenss, demi-cuir \u00e0 bandes, plats en partie tapiss\u00e9s, dos \u00e0 faux-nerfs, orn\u00e9e aux nerfs et des titre et auteur, couvertures conserv\u00e9es, 240 x 192, 80p. Puis 83-102. 1926. Num\u00e9rot\u00e9 274\/400, sur verg\u00e9 d\u2019arches cr\u00e8me. Imprim\u00e9 par Maurice Daranti\u00e8re (imprimeur et \u00e9diteur d\u2019art). Frontispice sous serpente &#8230; <a title=\"Les Belles \u00e0 table. Suivi du Coup du milieu\" class=\"read-more\" href=\"https:\/\/www.livresentre2actions.fr\/en\/product\/les-belles-a-table-suivi-du-coup-du-milieu\/\" aria-label=\"Read more about Les Belles \u00e0 table. Suivi du Coup du milieu\">Read more<\/a><\/p>","protected":false},"featured_media":20478,"template":"","meta":{"_eb_attr":""},"product_brand":[],"product_cat":[37,83,84,71,76],"product_tag":[86,95],"class_list":{"0":"post-20477","1":"product","2":"type-product","3":"status-publish","4":"has-post-thumbnail","6":"product_cat-a-partir-du-xxeme-siecle","7":"product_cat-culinaria-cuisine-divers","8":"product_cat-curiosa","9":"product_cat-illustres-modernes-editions-originales-signees-numerotees","10":"product_cat-poesie-theatre-prose","11":"product_tag-illustre","12":"product_tag-reliure","13":"sales-flash-overlay","14":"woocommerce-text-align-center","15":"woocommerce-image-align-center","16":"wc-has-gallery","18":"first","19":"instock","20":"taxable","21":"shipping-taxable","22":"purchasable","23":"product-type-simple"},"aioseo_notices":[],"_links":{"self":[{"href":"https:\/\/www.livresentre2actions.fr\/en\/wp-json\/wp\/v2\/product\/20477","targetHints":{"allow":["GET"]}}],"collection":[{"href":"https:\/\/www.livresentre2actions.fr\/en\/wp-json\/wp\/v2\/product"}],"about":[{"href":"https:\/\/www.livresentre2actions.fr\/en\/wp-json\/wp\/v2\/types\/product"}],"wp:featuredmedia":[{"embeddable":true,"href":"https:\/\/www.livresentre2actions.fr\/en\/wp-json\/wp\/v2\/media\/20478"}],"wp:attachment":[{"href":"https:\/\/www.livresentre2actions.fr\/en\/wp-json\/wp\/v2\/media?parent=20477"}],"wp:term":[{"taxonomy":"product_brand","embeddable":true,"href":"https:\/\/www.livresentre2actions.fr\/en\/wp-json\/wp\/v2\/product_brand?post=20477"},{"taxonomy":"product_cat","embeddable":true,"href":"https:\/\/www.livresentre2actions.fr\/en\/wp-json\/wp\/v2\/product_cat?post=20477"},{"taxonomy":"product_tag","embeddable":true,"href":"https:\/\/www.livresentre2actions.fr\/en\/wp-json\/wp\/v2\/product_tag?post=20477"}],"curies":[{"name":"wp","href":"https:\/\/api.w.org\/{rel}","templated":true}]}}