{"id":20449,"date":"2026-04-14T17:40:33","date_gmt":"2026-04-14T15:40:33","guid":{"rendered":"https:\/\/www.livresentre2actions.fr\/?post_type=product&#038;p=20449"},"modified":"2026-04-14T17:40:47","modified_gmt":"2026-04-14T15:40:47","slug":"le-peintre-graveur-francais-5-vol-6-et-le-peintre-graveur-francais-continue","status":"publish","type":"product","link":"https:\/\/www.livresentre2actions.fr\/en\/product\/le-peintre-graveur-francais-5-vol-6-et-le-peintre-graveur-francais-continue\/","title":{"rendered":"Le peintre-graveur fran\u00e7ais (5 vol. \/6) et Le peintre graveur fran\u00e7ais continu\u00e9"},"content":{"rendered":"<p>Le peintre-graveur fran\u00e7ais, 5 volumes sur 6 (tome 4 manquant, soit les parties 7 et 8 )<\/p>\n<p>Alexandre-Pierre-Fran\u00e7ois Robert-Dumesnil &#8211; F. de Nobele<br \/>\nPlein simili cuir lie de vin marbr\u00e9, 208 x 135. R\u00e9impression de 1967. Vol.I, tomes I et II\u00a0: Artistes du dix-septi\u00e8me si\u00e8cle, 287p. Et 239p. Et 7 planches hors texte. V2, tomes III et IV, Artistes n\u00e9s dans le dix-septi\u00e8me si\u00e8cle, 322 et 304p. Et 5 planches hors texte. V3, tomes V et VI, Artistes n\u00e9s dans les 15\u00e8, 16\u00e8 et 17\u00e8 si\u00e8cles, 323 et349p. Et 3 pl. hors texte. V5, tomes IX et X, publi\u00e9s apr\u00e8s le d\u00e9c\u00e8s de l\u2019auteur par Georges Duplessis, 324 et 270p. [Monographies \u00e9tablies d\u2019apr\u00e8s les notes du d\u00e9funt]. V6, tome XI, Suppl\u00e9ment aux dix volumes du peintre-graveur fran\u00e7ais, par G. Duplessis. Pour tous les volumes, int\u00e9rieur propre et int\u00e8gre. Des rousseurs sur les tranches. Reliures en tr\u00e8s bon \u00e9tat. Bel ensemble, incomplet d\u2019un volume, les tomes\/ parties VII et VIII.<\/p>\n<p>Et<br \/>\nLe peintre graveur fran\u00e7ais continu\u00e9 ou Catalogue raisonn\u00e9 des estampes grav\u00e9es par les peintres et les dessinateurs de l&rsquo;\u00e9cole fran\u00e7aise n\u00e9s dans le XVIIIe si\u00e8cle : ouvrage faisant suite au Peintre-graveur fran\u00e7ais, de M. Robert-Dumesnil.<br \/>\nProsper de Beaudicour &#8211; F. de Nobele<br \/>\nPlein simili cuir lie de vin marbr\u00e9, 208 x 135. R\u00e9impression de 1967 de l\u2019ouvrage faisant suite au Peintre-graveur fran\u00e7ais de M. Robert-Dumesnil (1859). Bien complet, 2 tomes en 1 volume. 312 et 327p. Suivi de 2 feuillets d\u2019errata. Except\u00e9 quelques rousseurs sur les tranches, tr\u00e8s bel exemplaire, propre, int\u00e8gre, bien ferme.<\/p>","protected":false},"excerpt":{"rendered":"<p>Le peintre-graveur fran\u00e7ais, 5 volumes sur 6 (tome 4 manquant, soit les parties 7 et 8 ) Alexandre-Pierre-Fran\u00e7ois Robert-Dumesnil &#8211; F. de Nobele Plein simili cuir lie de vin marbr\u00e9, 208 x 135. R\u00e9impression de 1967. Vol.I, tomes I et II\u00a0: Artistes du dix-septi\u00e8me si\u00e8cle, 287p. Et 239p. Et 7 planches hors texte. V2, tomes &#8230; <a title=\"Le peintre-graveur fran\u00e7ais (5 vol. \/6) et Le peintre graveur fran\u00e7ais continu\u00e9\" class=\"read-more\" href=\"https:\/\/www.livresentre2actions.fr\/en\/product\/le-peintre-graveur-francais-5-vol-6-et-le-peintre-graveur-francais-continue\/\" aria-label=\"Read more about Le peintre-graveur fran\u00e7ais (5 vol. \/6) et Le peintre graveur fran\u00e7ais continu\u00e9\">Read more<\/a><\/p>","protected":false},"featured_media":20450,"template":"","meta":{"_eb_attr":""},"product_brand":[],"product_cat":[37,75],"product_tag":[],"class_list":{"0":"post-20449","1":"product","2":"type-product","3":"status-publish","4":"has-post-thumbnail","6":"product_cat-a-partir-du-xxeme-siecle","7":"product_cat-art","8":"sales-flash-overlay","9":"woocommerce-text-align-center","10":"woocommerce-image-align-center","11":"wc-has-gallery","13":"first","14":"instock","15":"taxable","16":"shipping-taxable","17":"purchasable","18":"product-type-simple"},"aioseo_notices":[],"_links":{"self":[{"href":"https:\/\/www.livresentre2actions.fr\/en\/wp-json\/wp\/v2\/product\/20449","targetHints":{"allow":["GET"]}}],"collection":[{"href":"https:\/\/www.livresentre2actions.fr\/en\/wp-json\/wp\/v2\/product"}],"about":[{"href":"https:\/\/www.livresentre2actions.fr\/en\/wp-json\/wp\/v2\/types\/product"}],"wp:featuredmedia":[{"embeddable":true,"href":"https:\/\/www.livresentre2actions.fr\/en\/wp-json\/wp\/v2\/media\/20450"}],"wp:attachment":[{"href":"https:\/\/www.livresentre2actions.fr\/en\/wp-json\/wp\/v2\/media?parent=20449"}],"wp:term":[{"taxonomy":"product_brand","embeddable":true,"href":"https:\/\/www.livresentre2actions.fr\/en\/wp-json\/wp\/v2\/product_brand?post=20449"},{"taxonomy":"product_cat","embeddable":true,"href":"https:\/\/www.livresentre2actions.fr\/en\/wp-json\/wp\/v2\/product_cat?post=20449"},{"taxonomy":"product_tag","embeddable":true,"href":"https:\/\/www.livresentre2actions.fr\/en\/wp-json\/wp\/v2\/product_tag?post=20449"}],"curies":[{"name":"wp","href":"https:\/\/api.w.org\/{rel}","templated":true}]}}