{"id":20405,"date":"2026-02-11T16:04:46","date_gmt":"2026-02-11T15:04:46","guid":{"rendered":"https:\/\/www.livresentre2actions.fr\/?post_type=product&#038;p=20405"},"modified":"2026-04-11T16:24:53","modified_gmt":"2026-04-11T14:24:53","slug":"le-caractere-jean-guibert","status":"publish","type":"product","link":"https:\/\/www.livresentre2actions.fr\/en\/product\/le-caractere-jean-guibert\/","title":{"rendered":"Le caract\u00e8re, Jean Guibert"},"content":{"rendered":"<p>J. de Gigord \u00e9diteur &#8211; Pleine percaline noir, dos long orn\u00e9 des titre et auteur, 116 x 76, 255p. Avec tble. 1911. Trente-cinqui\u00e8me mille. Texte encadr\u00e9. Quelques l\u00e9gers frottements \u00e0 la reliure, sinon tr\u00e8s bel exemplaire, propre, int\u00e8gre, bien ferme. \u00c9galement en stock dans un format et une reliure identique : La puret\u00e9 \/ La bont\u00e9<\/p>","protected":false},"excerpt":{"rendered":"<p>J. de Gigord \u00e9diteur &#8211; Pleine percaline noir, dos long orn\u00e9 des titre et auteur, 116 x 76, 255p. Avec tble. 1911. Trente-cinqui\u00e8me mille. Texte encadr\u00e9. Quelques l\u00e9gers frottements \u00e0 la reliure, sinon tr\u00e8s bel exemplaire, propre, int\u00e8gre, bien ferme. \u00c9galement en stock dans un format et une reliure identique : La puret\u00e9 \/ La &#8230; <a title=\"Le caract\u00e8re, Jean Guibert\" class=\"read-more\" href=\"https:\/\/www.livresentre2actions.fr\/en\/product\/le-caractere-jean-guibert\/\" aria-label=\"Read more about Le caract\u00e8re, Jean Guibert\">Read more<\/a><\/p>","protected":false},"featured_media":20406,"template":"","meta":{"_eb_attr":""},"product_brand":[],"product_cat":[37,68],"product_tag":[],"class_list":{"0":"post-20405","1":"product","2":"type-product","3":"status-publish","4":"has-post-thumbnail","6":"product_cat-a-partir-du-xxeme-siecle","7":"product_cat-religion-spiritualite","8":"sales-flash-overlay","9":"woocommerce-text-align-center","10":"woocommerce-image-align-center","11":"wc-has-gallery","13":"first","14":"instock","15":"taxable","16":"shipping-taxable","17":"purchasable","18":"product-type-simple"},"aioseo_notices":[],"_links":{"self":[{"href":"https:\/\/www.livresentre2actions.fr\/en\/wp-json\/wp\/v2\/product\/20405","targetHints":{"allow":["GET"]}}],"collection":[{"href":"https:\/\/www.livresentre2actions.fr\/en\/wp-json\/wp\/v2\/product"}],"about":[{"href":"https:\/\/www.livresentre2actions.fr\/en\/wp-json\/wp\/v2\/types\/product"}],"wp:featuredmedia":[{"embeddable":true,"href":"https:\/\/www.livresentre2actions.fr\/en\/wp-json\/wp\/v2\/media\/20406"}],"wp:attachment":[{"href":"https:\/\/www.livresentre2actions.fr\/en\/wp-json\/wp\/v2\/media?parent=20405"}],"wp:term":[{"taxonomy":"product_brand","embeddable":true,"href":"https:\/\/www.livresentre2actions.fr\/en\/wp-json\/wp\/v2\/product_brand?post=20405"},{"taxonomy":"product_cat","embeddable":true,"href":"https:\/\/www.livresentre2actions.fr\/en\/wp-json\/wp\/v2\/product_cat?post=20405"},{"taxonomy":"product_tag","embeddable":true,"href":"https:\/\/www.livresentre2actions.fr\/en\/wp-json\/wp\/v2\/product_tag?post=20405"}],"curies":[{"name":"wp","href":"https:\/\/api.w.org\/{rel}","templated":true}]}}