{"id":20299,"date":"2026-02-09T16:16:33","date_gmt":"2026-02-09T15:16:33","guid":{"rendered":"https:\/\/www.livresentre2actions.fr\/?post_type=product&#038;p=20299"},"modified":"2026-04-09T16:18:11","modified_gmt":"2026-04-09T14:18:11","slug":"chemin-de-fer-manuel-du-visiteur-chemin-de-fer-manuel-du-visiteur-du-materiel-extrait-du-reglement-mt24adu-materiel-extrait-du-reglement-mt24a","status":"publish","type":"product","link":"https:\/\/www.livresentre2actions.fr\/en\/product\/chemin-de-fer-manuel-du-visiteur-chemin-de-fer-manuel-du-visiteur-du-materiel-extrait-du-reglement-mt24adu-materiel-extrait-du-reglement-mt24a\/","title":{"rendered":"Chemin de fer &#8211; Manuel du visiteur du mat\u00e9riel. Extrait du r\u00e8glement MT24a"},"content":{"rendered":"<p>Manuel du visiteur du mat\u00e9riel. Extrait du r\u00e8glement MT24a &#8211; N\u00b01 sur la visite du mat\u00e9riel roulant<\/p>\n<p>Demi-toil\u00e9 noir, 135 x 110, 410p. 1948. Exemplaire modifi\u00e9 sans doute lorsque le r\u00e8glement MT24a est devenu Notice technique MT24a. Comme le signale le titre biff\u00e9 et corrig\u00e9 en couverture et \u00e0 la page de titre ; et les nombreux feuillets correctifs sur papier jaune coll\u00e9s en lieu et place des anciennes parties, comme pour le plan du manuel en pages 2 et 3. Exemplaire qui comporte un petit carton d&rsquo;exp\u00e9dition nominatif. Int\u00e9rieur propre, couvertures d\u00e9fra\u00eechies avec manque de toile noire en t\u00eate et queue de dos. Bien ferme.<\/p>","protected":false},"excerpt":{"rendered":"<p>Manuel du visiteur du mat\u00e9riel. Extrait du r\u00e8glement MT24a &#8211; N\u00b01 sur la visite du mat\u00e9riel roulant Demi-toil\u00e9 noir, 135 x 110, 410p. 1948. Exemplaire modifi\u00e9 sans doute lorsque le r\u00e8glement MT24a est devenu Notice technique MT24a. Comme le signale le titre biff\u00e9 et corrig\u00e9 en couverture et \u00e0 la page de titre ; et &#8230; <a title=\"Chemin de fer &#8211; Manuel du visiteur du mat\u00e9riel. Extrait du r\u00e8glement MT24a\" class=\"read-more\" href=\"https:\/\/www.livresentre2actions.fr\/en\/product\/chemin-de-fer-manuel-du-visiteur-chemin-de-fer-manuel-du-visiteur-du-materiel-extrait-du-reglement-mt24adu-materiel-extrait-du-reglement-mt24a\/\" aria-label=\"Read more about Chemin de fer &#8211; Manuel du visiteur du mat\u00e9riel. Extrait du r\u00e8glement MT24a\">Read more<\/a><\/p>","protected":false},"featured_media":20300,"template":"","meta":{"_eb_attr":""},"product_brand":[],"product_cat":[37,74,69],"product_tag":[],"class_list":{"0":"post-20299","1":"product","2":"type-product","3":"status-publish","4":"has-post-thumbnail","6":"product_cat-a-partir-du-xxeme-siecle","7":"product_cat-collections","8":"product_cat-sciences-et-techniques","9":"sales-flash-overlay","10":"woocommerce-text-align-center","11":"woocommerce-image-align-center","12":"wc-has-gallery","14":"first","15":"instock","16":"taxable","17":"shipping-taxable","18":"purchasable","19":"product-type-simple"},"aioseo_notices":[],"_links":{"self":[{"href":"https:\/\/www.livresentre2actions.fr\/en\/wp-json\/wp\/v2\/product\/20299","targetHints":{"allow":["GET"]}}],"collection":[{"href":"https:\/\/www.livresentre2actions.fr\/en\/wp-json\/wp\/v2\/product"}],"about":[{"href":"https:\/\/www.livresentre2actions.fr\/en\/wp-json\/wp\/v2\/types\/product"}],"wp:featuredmedia":[{"embeddable":true,"href":"https:\/\/www.livresentre2actions.fr\/en\/wp-json\/wp\/v2\/media\/20300"}],"wp:attachment":[{"href":"https:\/\/www.livresentre2actions.fr\/en\/wp-json\/wp\/v2\/media?parent=20299"}],"wp:term":[{"taxonomy":"product_brand","embeddable":true,"href":"https:\/\/www.livresentre2actions.fr\/en\/wp-json\/wp\/v2\/product_brand?post=20299"},{"taxonomy":"product_cat","embeddable":true,"href":"https:\/\/www.livresentre2actions.fr\/en\/wp-json\/wp\/v2\/product_cat?post=20299"},{"taxonomy":"product_tag","embeddable":true,"href":"https:\/\/www.livresentre2actions.fr\/en\/wp-json\/wp\/v2\/product_tag?post=20299"}],"curies":[{"name":"wp","href":"https:\/\/api.w.org\/{rel}","templated":true}]}}