{"id":20280,"date":"2026-02-09T15:51:43","date_gmt":"2026-02-09T14:51:43","guid":{"rendered":"https:\/\/www.livresentre2actions.fr\/?post_type=product&#038;p=20280"},"modified":"2026-04-09T15:56:59","modified_gmt":"2026-04-09T13:56:59","slug":"les-puritains-du-desert-sud-algerien-andre-chevrillon","status":"publish","type":"product","link":"https:\/\/www.livresentre2actions.fr\/en\/product\/les-puritains-du-desert-sud-algerien-andre-chevrillon\/","title":{"rendered":"Les puritains du d\u00e9sert (sud-Alg\u00e9rien) &#8211; Andr\u00e9 Chevrillon"},"content":{"rendered":"<p>Pleine toile grise \u00e0 dos long orn\u00e9 d&rsquo;une pi\u00e8ce de titre en maroquin marine, 192 x 123. 272p. hors table. 1927. Premi\u00e8re \u00e9dition. Avec un bel ex-libris Gustave Estaquier coll\u00e9 en contreplat sup\u00e9rieur. Bel exemplaire. l\u00e9g\u00e8rement insol\u00e9 et frott\u00e9, mais propre et int\u00e8gre, bien ferme.<\/p>","protected":false},"excerpt":{"rendered":"<p>Pleine toile grise \u00e0 dos long orn\u00e9 d&rsquo;une pi\u00e8ce de titre en maroquin marine, 192 x 123. 272p. hors table. 1927. Premi\u00e8re \u00e9dition. Avec un bel ex-libris Gustave Estaquier coll\u00e9 en contreplat sup\u00e9rieur. Bel exemplaire. l\u00e9g\u00e8rement insol\u00e9 et frott\u00e9, mais propre et int\u00e8gre, bien ferme.<\/p>","protected":false},"featured_media":20281,"template":"","meta":{"_eb_attr":""},"product_brand":[],"product_cat":[37,73,68],"product_tag":[94],"class_list":{"0":"post-20280","1":"product","2":"type-product","3":"status-publish","4":"has-post-thumbnail","6":"product_cat-a-partir-du-xxeme-siecle","7":"product_cat-histoires-et-recits-de-voyage","8":"product_cat-religion-spiritualite","9":"product_tag-provenance","10":"sales-flash-overlay","11":"woocommerce-text-align-center","12":"woocommerce-image-align-center","13":"wc-has-gallery","15":"first","16":"instock","17":"taxable","18":"shipping-taxable","19":"purchasable","20":"product-type-simple"},"aioseo_notices":[],"_links":{"self":[{"href":"https:\/\/www.livresentre2actions.fr\/en\/wp-json\/wp\/v2\/product\/20280","targetHints":{"allow":["GET"]}}],"collection":[{"href":"https:\/\/www.livresentre2actions.fr\/en\/wp-json\/wp\/v2\/product"}],"about":[{"href":"https:\/\/www.livresentre2actions.fr\/en\/wp-json\/wp\/v2\/types\/product"}],"wp:featuredmedia":[{"embeddable":true,"href":"https:\/\/www.livresentre2actions.fr\/en\/wp-json\/wp\/v2\/media\/20281"}],"wp:attachment":[{"href":"https:\/\/www.livresentre2actions.fr\/en\/wp-json\/wp\/v2\/media?parent=20280"}],"wp:term":[{"taxonomy":"product_brand","embeddable":true,"href":"https:\/\/www.livresentre2actions.fr\/en\/wp-json\/wp\/v2\/product_brand?post=20280"},{"taxonomy":"product_cat","embeddable":true,"href":"https:\/\/www.livresentre2actions.fr\/en\/wp-json\/wp\/v2\/product_cat?post=20280"},{"taxonomy":"product_tag","embeddable":true,"href":"https:\/\/www.livresentre2actions.fr\/en\/wp-json\/wp\/v2\/product_tag?post=20280"}],"curies":[{"name":"wp","href":"https:\/\/api.w.org\/{rel}","templated":true}]}}