{"id":20248,"date":"2026-02-08T17:51:21","date_gmt":"2026-02-08T16:51:21","guid":{"rendered":"https:\/\/www.livresentre2actions.fr\/?post_type=product&#038;p=20248"},"modified":"2026-04-08T17:58:27","modified_gmt":"2026-04-08T15:58:27","slug":"histoire-secrete-du-gouvernement-autrichien","status":"publish","type":"product","link":"https:\/\/www.livresentre2actions.fr\/en\/product\/histoire-secrete-du-gouvernement-autrichien\/","title":{"rendered":"Histoire secr\u00e8te du gouvernement autrichien"},"content":{"rendered":"<p>Alfred Michiels &#8211; E. Derntu<\/p>\n<p>Demi-veau tabac, dos long orn\u00e9 des titre, auteur et de liser\u00e9s, plats vert en toile gaufr\u00e9e, 215 x 141, 450p. Avec tble. 1861. Troisi\u00e8me \u00e9dition augment\u00e9e de plusieurs chapitres. Rousseurs sur tranches, et int\u00e9rieures (plus abondantes en d\u00e9but et fin de volume). Des frottements griffes et \u00e9pidermures \u00e0 la reliure.<\/p>","protected":false},"excerpt":{"rendered":"<p>Alfred Michiels &#8211; E. Derntu Demi-veau tabac, dos long orn\u00e9 des titre, auteur et de liser\u00e9s, plats vert en toile gaufr\u00e9e, 215 x 141, 450p. Avec tble. 1861. Troisi\u00e8me \u00e9dition augment\u00e9e de plusieurs chapitres. Rousseurs sur tranches, et int\u00e9rieures (plus abondantes en d\u00e9but et fin de volume). Des frottements griffes et \u00e9pidermures \u00e0 la reliure.<\/p>","protected":false},"featured_media":20249,"template":"","meta":{"_eb_attr":""},"product_brand":[],"product_cat":[36,73],"product_tag":[],"class_list":{"0":"post-20248","1":"product","2":"type-product","3":"status-publish","4":"has-post-thumbnail","6":"product_cat-entre-le-xviiieme-et-le-xixeme-siecle","7":"product_cat-histoires-et-recits-de-voyage","8":"sales-flash-overlay","9":"woocommerce-text-align-center","10":"woocommerce-image-align-center","11":"wc-has-gallery","13":"first","14":"instock","15":"taxable","16":"shipping-taxable","17":"purchasable","18":"product-type-simple"},"aioseo_notices":[],"_links":{"self":[{"href":"https:\/\/www.livresentre2actions.fr\/en\/wp-json\/wp\/v2\/product\/20248","targetHints":{"allow":["GET"]}}],"collection":[{"href":"https:\/\/www.livresentre2actions.fr\/en\/wp-json\/wp\/v2\/product"}],"about":[{"href":"https:\/\/www.livresentre2actions.fr\/en\/wp-json\/wp\/v2\/types\/product"}],"wp:featuredmedia":[{"embeddable":true,"href":"https:\/\/www.livresentre2actions.fr\/en\/wp-json\/wp\/v2\/media\/20249"}],"wp:attachment":[{"href":"https:\/\/www.livresentre2actions.fr\/en\/wp-json\/wp\/v2\/media?parent=20248"}],"wp:term":[{"taxonomy":"product_brand","embeddable":true,"href":"https:\/\/www.livresentre2actions.fr\/en\/wp-json\/wp\/v2\/product_brand?post=20248"},{"taxonomy":"product_cat","embeddable":true,"href":"https:\/\/www.livresentre2actions.fr\/en\/wp-json\/wp\/v2\/product_cat?post=20248"},{"taxonomy":"product_tag","embeddable":true,"href":"https:\/\/www.livresentre2actions.fr\/en\/wp-json\/wp\/v2\/product_tag?post=20248"}],"curies":[{"name":"wp","href":"https:\/\/api.w.org\/{rel}","templated":true}]}}