{"id":20211,"date":"2026-02-07T16:27:39","date_gmt":"2026-02-07T15:27:39","guid":{"rendered":"https:\/\/www.livresentre2actions.fr\/?post_type=product&#038;p=20211"},"modified":"2026-04-07T17:23:46","modified_gmt":"2026-04-07T15:23:46","slug":"elemens-dhistoire-naturelle-a-l-millin","status":"publish","type":"product","link":"https:\/\/www.livresentre2actions.fr\/en\/product\/elemens-dhistoire-naturelle-a-l-millin\/","title":{"rendered":"El\u00e9mens d\u2019histoire naturelle &#8211; A. L. Millin"},"content":{"rendered":"<p>Chez Agasse &#8211; Demi-veau \u00e0 dos long, orn\u00e9 d\u2019une pi\u00e8ce de titre et de liser\u00e9s, tranches jaunes 208 x 130, 444p. L\u2019An III de la R\u00e9publique. Int\u00e9rieur propre et int\u00e8gre, except\u00e9 la derni\u00e8re page de la table qui est quasi estomp\u00e9e. Plats,, champs coins frott\u00e9s, coins l\u00e9g\u00e8rement \u00e9mouss\u00e9s. Mors et dos frott\u00e9s, avec \u00e9pidermures marqu\u00e9es, pi\u00e8ces de titre avec deux petits manques, coiffe et pied de dos avec manques. Bien ferme.<\/p>\n<p>Ouvrage majeur de la vulgarisation scientifique fran\u00e7aise de la fin du XVIIIe si\u00e8cle, il s\u2019imposa comme un manuel de r\u00e9f\u00e9rence sous le Directoire, et fit partie du corpus officiel des \u00c9coles centrales. L\u2019auteur, Aubin-Louis Millin de Grandmaison, \u00e9tait un naturaliste, antiquaire et journaliste parisien<\/p>","protected":false},"excerpt":{"rendered":"<p>Chez Agasse &#8211; Demi-veau \u00e0 dos long, orn\u00e9 d\u2019une pi\u00e8ce de titre et de liser\u00e9s, tranches jaunes 208 x 130, 444p. L\u2019An III de la R\u00e9publique. Int\u00e9rieur propre et int\u00e8gre, except\u00e9 la derni\u00e8re page de la table qui est quasi estomp\u00e9e. Plats,, champs coins frott\u00e9s, coins l\u00e9g\u00e8rement \u00e9mouss\u00e9s. Mors et dos frott\u00e9s, avec \u00e9pidermures marqu\u00e9es, &#8230; <a title=\"El\u00e9mens d\u2019histoire naturelle &#8211; A. L. Millin\" class=\"read-more\" href=\"https:\/\/www.livresentre2actions.fr\/en\/product\/elemens-dhistoire-naturelle-a-l-millin\/\" aria-label=\"Read more about El\u00e9mens d\u2019histoire naturelle &#8211; A. L. Millin\">Read more<\/a><\/p>","protected":false},"featured_media":20212,"template":"","meta":{"_eb_attr":""},"product_brand":[],"product_cat":[36,71,70,69],"product_tag":[],"class_list":{"0":"post-20211","1":"product","2":"type-product","3":"status-publish","4":"has-post-thumbnail","6":"product_cat-entre-le-xviiieme-et-le-xixeme-siecle","7":"product_cat-illustres-modernes-editions-originales-signees-numerotees","8":"product_cat-medecine-et-nature","9":"product_cat-sciences-et-techniques","10":"sales-flash-overlay","11":"woocommerce-text-align-center","12":"woocommerce-image-align-center","13":"wc-has-gallery","15":"first","16":"instock","17":"taxable","18":"shipping-taxable","19":"purchasable","20":"product-type-simple"},"aioseo_notices":[],"_links":{"self":[{"href":"https:\/\/www.livresentre2actions.fr\/en\/wp-json\/wp\/v2\/product\/20211","targetHints":{"allow":["GET"]}}],"collection":[{"href":"https:\/\/www.livresentre2actions.fr\/en\/wp-json\/wp\/v2\/product"}],"about":[{"href":"https:\/\/www.livresentre2actions.fr\/en\/wp-json\/wp\/v2\/types\/product"}],"wp:featuredmedia":[{"embeddable":true,"href":"https:\/\/www.livresentre2actions.fr\/en\/wp-json\/wp\/v2\/media\/20212"}],"wp:attachment":[{"href":"https:\/\/www.livresentre2actions.fr\/en\/wp-json\/wp\/v2\/media?parent=20211"}],"wp:term":[{"taxonomy":"product_brand","embeddable":true,"href":"https:\/\/www.livresentre2actions.fr\/en\/wp-json\/wp\/v2\/product_brand?post=20211"},{"taxonomy":"product_cat","embeddable":true,"href":"https:\/\/www.livresentre2actions.fr\/en\/wp-json\/wp\/v2\/product_cat?post=20211"},{"taxonomy":"product_tag","embeddable":true,"href":"https:\/\/www.livresentre2actions.fr\/en\/wp-json\/wp\/v2\/product_tag?post=20211"}],"curies":[{"name":"wp","href":"https:\/\/api.w.org\/{rel}","templated":true}]}}