{"id":20193,"date":"2026-02-07T15:15:58","date_gmt":"2026-02-07T14:15:58","guid":{"rendered":"https:\/\/www.livresentre2actions.fr\/?post_type=product&#038;p=20193"},"modified":"2026-04-07T17:23:55","modified_gmt":"2026-04-07T15:23:55","slug":"dictionnaire-technique-de-lestampe-3-volumes-complet","status":"publish","type":"product","link":"https:\/\/www.livresentre2actions.fr\/en\/product\/dictionnaire-technique-de-lestampe-3-volumes-complet\/","title":{"rendered":"Dictionnaire technique de l&rsquo;estampe, 3 volumes, complet"},"content":{"rendered":"<p>Andr\u00e9 B\u00e9guin &#8211; Bruxelles<\/p>\n<p>Broch\u00e9, 292 x 210, 1977. Edition originale. Texte imprim\u00e9 en lettres cursives. Tome I, A-F, 166p. TII, G-L, 167-330. TIII, M-Z, pagin\u00e9 331-510. Int\u00e9rieurs propres. Une tache sur une tranche. Pieds de dos l\u00e9g\u00e8rement cogn\u00e9s. Nous joignons 3 feuilles dactylographi\u00e9es recto d\u2019\u00e9tude exp\u00e9rimentale sur le zinc et le tirage d\u2019une planche.<\/p>","protected":false},"excerpt":{"rendered":"<p>Andr\u00e9 B\u00e9guin &#8211; Bruxelles Broch\u00e9, 292 x 210, 1977. Edition originale. Texte imprim\u00e9 en lettres cursives. Tome I, A-F, 166p. TII, G-L, 167-330. TIII, M-Z, pagin\u00e9 331-510. Int\u00e9rieurs propres. Une tache sur une tranche. Pieds de dos l\u00e9g\u00e8rement cogn\u00e9s. Nous joignons 3 feuilles dactylographi\u00e9es recto d\u2019\u00e9tude exp\u00e9rimentale sur le zinc et le tirage d\u2019une planche.<\/p>","protected":false},"featured_media":20194,"template":"","meta":{"_eb_attr":""},"product_brand":[],"product_cat":[37,75,71,69],"product_tag":[],"class_list":{"0":"post-20193","1":"product","2":"type-product","3":"status-publish","4":"has-post-thumbnail","6":"product_cat-a-partir-du-xxeme-siecle","7":"product_cat-art","8":"product_cat-illustres-modernes-editions-originales-signees-numerotees","9":"product_cat-sciences-et-techniques","10":"sales-flash-overlay","11":"woocommerce-text-align-center","12":"woocommerce-image-align-center","13":"wc-has-gallery","15":"first","16":"instock","17":"taxable","18":"shipping-taxable","19":"purchasable","20":"product-type-simple"},"aioseo_notices":[],"_links":{"self":[{"href":"https:\/\/www.livresentre2actions.fr\/en\/wp-json\/wp\/v2\/product\/20193","targetHints":{"allow":["GET"]}}],"collection":[{"href":"https:\/\/www.livresentre2actions.fr\/en\/wp-json\/wp\/v2\/product"}],"about":[{"href":"https:\/\/www.livresentre2actions.fr\/en\/wp-json\/wp\/v2\/types\/product"}],"wp:featuredmedia":[{"embeddable":true,"href":"https:\/\/www.livresentre2actions.fr\/en\/wp-json\/wp\/v2\/media\/20194"}],"wp:attachment":[{"href":"https:\/\/www.livresentre2actions.fr\/en\/wp-json\/wp\/v2\/media?parent=20193"}],"wp:term":[{"taxonomy":"product_brand","embeddable":true,"href":"https:\/\/www.livresentre2actions.fr\/en\/wp-json\/wp\/v2\/product_brand?post=20193"},{"taxonomy":"product_cat","embeddable":true,"href":"https:\/\/www.livresentre2actions.fr\/en\/wp-json\/wp\/v2\/product_cat?post=20193"},{"taxonomy":"product_tag","embeddable":true,"href":"https:\/\/www.livresentre2actions.fr\/en\/wp-json\/wp\/v2\/product_tag?post=20193"}],"curies":[{"name":"wp","href":"https:\/\/api.w.org\/{rel}","templated":true}]}}