{"id":20128,"date":"2026-01-03T16:42:35","date_gmt":"2026-01-03T15:42:35","guid":{"rendered":"https:\/\/www.livresentre2actions.fr\/?post_type=product&#038;p=20128"},"modified":"2026-04-03T17:16:40","modified_gmt":"2026-04-03T15:16:40","slug":"seneca-fiction-legends-and-myths-collected-by-jeremiah-curtis-and-j-n-b-hewitt","status":"publish","type":"product","link":"https:\/\/www.livresentre2actions.fr\/en\/product\/seneca-fiction-legends-and-myths-collected-by-jeremiah-curtis-and-j-n-b-hewitt\/","title":{"rendered":"Seneca Fiction, Legends, and Myths, collected by Jeremiah Curtis and  J.N. B. Hewitt."},"content":{"rendered":"<p>Thirty-second annual Report of the Bureau of american Ethnology to the Secretary of the Smithsinian Institution. 1910-1911 &#8211; Seneca Fiction, Legends, and Myths, collected by Jeremiah Curtis and J.N. B. Hewitt.<\/p>\n<p>Washington, Govenment printing office &#8211; Pleine toile verte \u00e0 dos long, dos long orn\u00e9 et titr\u00e9, plat sup\u00e9rieur orn\u00e9 d\u2019une figure indienne dor\u00e9e, plat inf\u00e9rieur estamp\u00e9 d\u2019un m\u00e9daillon, 291 x 202, 819p. 1918. Outre les rapports des ethnologues, ce volume comprend principalement l\u2019article de J.N. B. Hewitt [linguiste, ethnologue am\u00e9ricain, sp\u00e9cialiste des langues iroquoienness, et plus largement am\u00e9rindiennes]\u00a0: \u00ab\u00a0Seneca Fiction, Legends, and Myths, collected by Jeremiah Curtis and J.N. B. Hewitt.\u00a0\u00bb, pagin\u00e9 27 \u00e0 fin. Complet en un volume.<\/p>\n<p>Int\u00e9rieur propre et int\u00e8gre. Reliure globalement bonne\u00a0: l\u00e9g\u00e8rement insol\u00e9e, dos frott\u00e9 et rid\u00e9, une trace de mouillure en plat sup\u00e9rieur le long du mors, petites coups non perforant en bord de plat sup\u00e9rieur. Bon exemplaire, bien ferme.<\/p>","protected":false},"excerpt":{"rendered":"<p>Thirty-second annual Report of the Bureau of american Ethnology to the Secretary of the Smithsinian Institution. 1910-1911 &#8211; Seneca Fiction, Legends, and Myths, collected by Jeremiah Curtis and J.N. B. Hewitt. Washington, Govenment printing office &#8211; Pleine toile verte \u00e0 dos long, dos long orn\u00e9 et titr\u00e9, plat sup\u00e9rieur orn\u00e9 d\u2019une figure indienne dor\u00e9e, plat &#8230; <a title=\"Seneca Fiction, Legends, and Myths, collected by Jeremiah Curtis and  J.N. B. Hewitt.\" class=\"read-more\" href=\"https:\/\/www.livresentre2actions.fr\/en\/product\/seneca-fiction-legends-and-myths-collected-by-jeremiah-curtis-and-j-n-b-hewitt\/\" aria-label=\"Read more about Seneca Fiction, Legends, and Myths, collected by Jeremiah Curtis and  J.N. B. Hewitt.\">Read more<\/a><\/p>","protected":false},"featured_media":20129,"template":"","meta":{"_eb_attr":""},"product_brand":[],"product_cat":[37,74,73,68,69],"product_tag":[],"class_list":{"0":"post-20128","1":"product","2":"type-product","3":"status-publish","4":"has-post-thumbnail","6":"product_cat-a-partir-du-xxeme-siecle","7":"product_cat-collections","8":"product_cat-histoires-et-recits-de-voyage","9":"product_cat-religion-spiritualite","10":"product_cat-sciences-et-techniques","11":"sales-flash-overlay","12":"woocommerce-text-align-center","13":"woocommerce-image-align-center","14":"wc-has-gallery","16":"first","17":"instock","18":"taxable","19":"shipping-taxable","20":"purchasable","21":"product-type-simple"},"aioseo_notices":[],"_links":{"self":[{"href":"https:\/\/www.livresentre2actions.fr\/en\/wp-json\/wp\/v2\/product\/20128","targetHints":{"allow":["GET"]}}],"collection":[{"href":"https:\/\/www.livresentre2actions.fr\/en\/wp-json\/wp\/v2\/product"}],"about":[{"href":"https:\/\/www.livresentre2actions.fr\/en\/wp-json\/wp\/v2\/types\/product"}],"wp:featuredmedia":[{"embeddable":true,"href":"https:\/\/www.livresentre2actions.fr\/en\/wp-json\/wp\/v2\/media\/20129"}],"wp:attachment":[{"href":"https:\/\/www.livresentre2actions.fr\/en\/wp-json\/wp\/v2\/media?parent=20128"}],"wp:term":[{"taxonomy":"product_brand","embeddable":true,"href":"https:\/\/www.livresentre2actions.fr\/en\/wp-json\/wp\/v2\/product_brand?post=20128"},{"taxonomy":"product_cat","embeddable":true,"href":"https:\/\/www.livresentre2actions.fr\/en\/wp-json\/wp\/v2\/product_cat?post=20128"},{"taxonomy":"product_tag","embeddable":true,"href":"https:\/\/www.livresentre2actions.fr\/en\/wp-json\/wp\/v2\/product_tag?post=20128"}],"curies":[{"name":"wp","href":"https:\/\/api.w.org\/{rel}","templated":true}]}}