{"id":20060,"date":"2026-01-02T17:11:29","date_gmt":"2026-01-02T16:11:29","guid":{"rendered":"https:\/\/www.livresentre2actions.fr\/?post_type=product&#038;p=20060"},"modified":"2026-04-02T17:12:10","modified_gmt":"2026-04-02T15:12:10","slug":"des-va-nu-pied-aux-va-nu-tete-deux-epoques-signe-2","status":"publish","type":"product","link":"https:\/\/www.livresentre2actions.fr\/en\/product\/des-va-nu-pied-aux-va-nu-tete-deux-epoques-signe-2\/","title":{"rendered":"Des va nu pied aux va nu t\u00eate. Deux \u00e9poques &#8211; Sign\u00e9"},"content":{"rendered":"<p>La Vacquerie &#8211; J. Peyronnet &amp; Cie<\/p>\n<p>Pleine toile bleue, dos long orn\u00e9 d\u2019une pi\u00e8ce de titre en maroquin noir, signet, 186 x 119, 210p. Avec table. 1952. Premi\u00e8re \u00e9dition enrichie d\u2019un envoi en page de faux-titre, et d\u2019un bel ex-libris aux armes Gustave Estaquier en contreplat sup\u00e9rieur. Tr\u00e8s bel exemplaire, propre, int\u00e8gre, bien ferme.<\/p>","protected":false},"excerpt":{"rendered":"<p>La Vacquerie &#8211; J. Peyronnet &amp; Cie Pleine toile bleue, dos long orn\u00e9 d\u2019une pi\u00e8ce de titre en maroquin noir, signet, 186 x 119, 210p. Avec table. 1952. Premi\u00e8re \u00e9dition enrichie d\u2019un envoi en page de faux-titre, et d\u2019un bel ex-libris aux armes Gustave Estaquier en contreplat sup\u00e9rieur. Tr\u00e8s bel exemplaire, propre, int\u00e8gre, bien ferme.<\/p>","protected":false},"featured_media":20061,"template":"","meta":{"_eb_attr":""},"product_brand":[],"product_cat":[37,71,73],"product_tag":[87,94],"class_list":{"0":"post-20060","1":"product","2":"type-product","3":"status-publish","4":"has-post-thumbnail","6":"product_cat-a-partir-du-xxeme-siecle","7":"product_cat-illustres-modernes-editions-originales-signees-numerotees","8":"product_cat-histoires-et-recits-de-voyage","9":"product_tag-signe","10":"product_tag-provenance","11":"sales-flash-overlay","12":"woocommerce-text-align-center","13":"woocommerce-image-align-center","14":"wc-has-gallery","16":"first","17":"instock","18":"taxable","19":"shipping-taxable","20":"purchasable","21":"product-type-simple"},"aioseo_notices":[],"_links":{"self":[{"href":"https:\/\/www.livresentre2actions.fr\/en\/wp-json\/wp\/v2\/product\/20060","targetHints":{"allow":["GET"]}}],"collection":[{"href":"https:\/\/www.livresentre2actions.fr\/en\/wp-json\/wp\/v2\/product"}],"about":[{"href":"https:\/\/www.livresentre2actions.fr\/en\/wp-json\/wp\/v2\/types\/product"}],"wp:featuredmedia":[{"embeddable":true,"href":"https:\/\/www.livresentre2actions.fr\/en\/wp-json\/wp\/v2\/media\/20061"}],"wp:attachment":[{"href":"https:\/\/www.livresentre2actions.fr\/en\/wp-json\/wp\/v2\/media?parent=20060"}],"wp:term":[{"taxonomy":"product_brand","embeddable":true,"href":"https:\/\/www.livresentre2actions.fr\/en\/wp-json\/wp\/v2\/product_brand?post=20060"},{"taxonomy":"product_cat","embeddable":true,"href":"https:\/\/www.livresentre2actions.fr\/en\/wp-json\/wp\/v2\/product_cat?post=20060"},{"taxonomy":"product_tag","embeddable":true,"href":"https:\/\/www.livresentre2actions.fr\/en\/wp-json\/wp\/v2\/product_tag?post=20060"}],"curies":[{"name":"wp","href":"https:\/\/api.w.org\/{rel}","templated":true}]}}