{"id":20043,"date":"2026-01-02T17:02:25","date_gmt":"2026-01-02T16:02:25","guid":{"rendered":"https:\/\/www.livresentre2actions.fr\/?post_type=product&#038;p=20043"},"modified":"2026-04-02T17:12:33","modified_gmt":"2026-04-02T15:12:33","slug":"tableau-abrege-de-lantiquite-litteraire-mis-a-la-portee-de-tout-le-monde","status":"publish","type":"product","link":"https:\/\/www.livresentre2actions.fr\/en\/product\/tableau-abrege-de-lantiquite-litteraire-mis-a-la-portee-de-tout-le-monde\/","title":{"rendered":"Tableau abr\u00e9g\u00e9 de l&rsquo;antiquit\u00e9 litt\u00e9raire, mis \u00e0 la port\u00e9e de tout le monde."},"content":{"rendered":"<p>Tableau abr\u00e9g\u00e9 de l&rsquo;antiquit\u00e9 litt\u00e9raire, mis \u00e0 la port\u00e9e de tout le monde. Ou dictionnaire historique et litte\u0301raire des poe\u0301tes grecs et latins, suivi de quelques directions pour conduire a la lecture des traductions franc\u0327aises que nous en avons, &amp; de courtes notices des philosophes auteurs, musiciens, architectes, sculpteurs, peintres, ge\u0301ometres, me\u0301decins, orateurs, femmes ce\u0301le\u0301bres &amp; autres personnages renomme\u0301s chez les anciens &#8211;<\/p>\n<p>M. Lanteires &#8211; Chez Louis Luquiens<\/p>\n<p>Demi-veau olive \u00e0 dos long orn\u00e9 du titre et de l\u2019auteur, tranches rouges jasp\u00e9es, 208 x 130, 359p. 1791. Reliure tr\u00e8s frott\u00e9e mais solide, avec nombreuses \u00e9pidermures. Int\u00e9rieur tr\u00e8s bon, propre.<\/p>","protected":false},"excerpt":{"rendered":"<p>Tableau abr\u00e9g\u00e9 de l&rsquo;antiquit\u00e9 litt\u00e9raire, mis \u00e0 la port\u00e9e de tout le monde. Ou dictionnaire historique et litte\u0301raire des poe\u0301tes grecs et latins, suivi de quelques directions pour conduire a la lecture des traductions franc\u0327aises que nous en avons, &amp; de courtes notices des philosophes auteurs, musiciens, architectes, sculpteurs, peintres, ge\u0301ometres, me\u0301decins, orateurs, femmes ce\u0301le\u0301bres &#8230; <a title=\"Tableau abr\u00e9g\u00e9 de l&rsquo;antiquit\u00e9 litt\u00e9raire, mis \u00e0 la port\u00e9e de tout le monde.\" class=\"read-more\" href=\"https:\/\/www.livresentre2actions.fr\/en\/product\/tableau-abrege-de-lantiquite-litteraire-mis-a-la-portee-de-tout-le-monde\/\" aria-label=\"Read more about Tableau abr\u00e9g\u00e9 de l&rsquo;antiquit\u00e9 litt\u00e9raire, mis \u00e0 la port\u00e9e de tout le monde.\">Read more<\/a><\/p>","protected":false},"featured_media":20044,"template":"","meta":{"_eb_attr":""},"product_brand":[],"product_cat":[36,73,76],"product_tag":[],"class_list":{"0":"post-20043","1":"product","2":"type-product","3":"status-publish","4":"has-post-thumbnail","6":"product_cat-entre-le-xviiieme-et-le-xixeme-siecle","7":"product_cat-histoires-et-recits-de-voyage","8":"product_cat-poesie-theatre-prose","9":"sales-flash-overlay","10":"woocommerce-text-align-center","11":"woocommerce-image-align-center","12":"wc-has-gallery","14":"first","15":"instock","16":"taxable","17":"shipping-taxable","18":"purchasable","19":"product-type-simple"},"aioseo_notices":[],"_links":{"self":[{"href":"https:\/\/www.livresentre2actions.fr\/en\/wp-json\/wp\/v2\/product\/20043","targetHints":{"allow":["GET"]}}],"collection":[{"href":"https:\/\/www.livresentre2actions.fr\/en\/wp-json\/wp\/v2\/product"}],"about":[{"href":"https:\/\/www.livresentre2actions.fr\/en\/wp-json\/wp\/v2\/types\/product"}],"wp:featuredmedia":[{"embeddable":true,"href":"https:\/\/www.livresentre2actions.fr\/en\/wp-json\/wp\/v2\/media\/20044"}],"wp:attachment":[{"href":"https:\/\/www.livresentre2actions.fr\/en\/wp-json\/wp\/v2\/media?parent=20043"}],"wp:term":[{"taxonomy":"product_brand","embeddable":true,"href":"https:\/\/www.livresentre2actions.fr\/en\/wp-json\/wp\/v2\/product_brand?post=20043"},{"taxonomy":"product_cat","embeddable":true,"href":"https:\/\/www.livresentre2actions.fr\/en\/wp-json\/wp\/v2\/product_cat?post=20043"},{"taxonomy":"product_tag","embeddable":true,"href":"https:\/\/www.livresentre2actions.fr\/en\/wp-json\/wp\/v2\/product_tag?post=20043"}],"curies":[{"name":"wp","href":"https:\/\/api.w.org\/{rel}","templated":true}]}}