{"id":19986,"date":"2026-02-02T14:22:43","date_gmt":"2026-02-02T13:22:43","guid":{"rendered":"https:\/\/www.livresentre2actions.fr\/?post_type=product&#038;p=19986"},"modified":"2026-04-02T14:34:50","modified_gmt":"2026-04-02T12:34:50","slug":"de-lart-chretien-en-flandre-peinture-monographie-du-retable-danchin","status":"publish","type":"product","link":"https:\/\/www.livresentre2actions.fr\/en\/product\/de-lart-chretien-en-flandre-peinture-monographie-du-retable-danchin\/","title":{"rendered":"De l&rsquo;art chr\u00e9tien en Flandre. Peinture. Monographie du Retable d&rsquo;Anchin\u00a0"},"content":{"rendered":"<p>Abb\u00e9 C. Dehaisnes [Chr\u00e9rien Dehaisnes] &#8211; Imprimerie de Mme. V. Adam (Douai)<\/p>\n<p>Demi-chagrin noir, dos \u00e0 faux-nerfs orn\u00e9 des titre et auteur, 245 x 170, 1860, 387p. Avec tables. [pagination continue pour les deux textes]. \u00c9tude sur l\u2019\u00e9cole flamande primitive, 296p. Monographie, pagin\u00e9e 298 \u00e0 fin. Avec 10 planches hors texte (11 illustrations, dont 2 d\u00e9pliantes, et frontispice d\u00e9pliant). Int\u00e9rieur tr\u00e8s bon, propre et int\u00e8gre. Reliure en tr\u00e8s bel \u00e9tat. Peu courant<\/p>","protected":false},"excerpt":{"rendered":"<p>Abb\u00e9 C. Dehaisnes [Chr\u00e9rien Dehaisnes] &#8211; Imprimerie de Mme. V. Adam (Douai) Demi-chagrin noir, dos \u00e0 faux-nerfs orn\u00e9 des titre et auteur, 245 x 170, 1860, 387p. Avec tables. [pagination continue pour les deux textes]. \u00c9tude sur l\u2019\u00e9cole flamande primitive, 296p. Monographie, pagin\u00e9e 298 \u00e0 fin. Avec 10 planches hors texte (11 illustrations, dont 2 &#8230; <a title=\"De l&rsquo;art chr\u00e9tien en Flandre. Peinture. Monographie du Retable d&rsquo;Anchin\u00a0\" class=\"read-more\" href=\"https:\/\/www.livresentre2actions.fr\/en\/product\/de-lart-chretien-en-flandre-peinture-monographie-du-retable-danchin\/\" aria-label=\"Read more about De l&rsquo;art chr\u00e9tien en Flandre. Peinture. Monographie du Retable d&rsquo;Anchin\u00a0\">Read more<\/a><\/p>","protected":false},"featured_media":19987,"template":"","meta":{"_eb_attr":""},"product_brand":[],"product_cat":[36,71,97,68],"product_tag":[86],"class_list":{"0":"post-19986","1":"product","2":"type-product","3":"status-publish","4":"has-post-thumbnail","6":"product_cat-entre-le-xviiieme-et-le-xixeme-siecle","7":"product_cat-illustres-modernes-editions-originales-signees-numerotees","8":"product_cat-regionalia-divers","9":"product_cat-religion-spiritualite","10":"product_tag-illustre","11":"sales-flash-overlay","12":"woocommerce-text-align-center","13":"woocommerce-image-align-center","14":"wc-has-gallery","16":"first","17":"instock","18":"taxable","19":"shipping-taxable","20":"purchasable","21":"product-type-simple"},"aioseo_notices":[],"_links":{"self":[{"href":"https:\/\/www.livresentre2actions.fr\/en\/wp-json\/wp\/v2\/product\/19986","targetHints":{"allow":["GET"]}}],"collection":[{"href":"https:\/\/www.livresentre2actions.fr\/en\/wp-json\/wp\/v2\/product"}],"about":[{"href":"https:\/\/www.livresentre2actions.fr\/en\/wp-json\/wp\/v2\/types\/product"}],"wp:featuredmedia":[{"embeddable":true,"href":"https:\/\/www.livresentre2actions.fr\/en\/wp-json\/wp\/v2\/media\/19987"}],"wp:attachment":[{"href":"https:\/\/www.livresentre2actions.fr\/en\/wp-json\/wp\/v2\/media?parent=19986"}],"wp:term":[{"taxonomy":"product_brand","embeddable":true,"href":"https:\/\/www.livresentre2actions.fr\/en\/wp-json\/wp\/v2\/product_brand?post=19986"},{"taxonomy":"product_cat","embeddable":true,"href":"https:\/\/www.livresentre2actions.fr\/en\/wp-json\/wp\/v2\/product_cat?post=19986"},{"taxonomy":"product_tag","embeddable":true,"href":"https:\/\/www.livresentre2actions.fr\/en\/wp-json\/wp\/v2\/product_tag?post=19986"}],"curies":[{"name":"wp","href":"https:\/\/api.w.org\/{rel}","templated":true}]}}