{"id":19985,"date":"2026-01-01T11:21:44","date_gmt":"2026-01-01T10:21:44","guid":{"rendered":"https:\/\/www.livresentre2actions.fr\/?post_type=product&#038;p=19985"},"modified":"2026-04-02T11:24:40","modified_gmt":"2026-04-02T09:24:40","slug":"les-nouveautes-photographiques-pour-lannee-1893","status":"publish","type":"product","link":"https:\/\/www.livresentre2actions.fr\/en\/product\/les-nouveautes-photographiques-pour-lannee-1893\/","title":{"rendered":"Les nouveaut\u00e9s photographiques pour l\u2019ann\u00e9e 1893"},"content":{"rendered":"<p>Dillaye Fr\u00e9d\u00e9ric &#8211; Librairie illustr\u00e9e<\/p>\n<p>Demi-toile gris-bleu \u00e0 dos long orn\u00e9 d&rsquo;une pi\u00e8ce titre en maroquin noire. couvertures conserv\u00e9es. 257 x 174, 295p. avec index et table. 1893. Int\u00e9rieur l\u00e9g\u00e8rement insol\u00e9 mais propre et quasi int\u00e8gre : rousseurs en derni\u00e8res pages vierges, avec une d\u00e9chirure sans manque sur l&rsquo;un de ces pages. Plats propres et int\u00e8gres. Coins frott\u00e9s mais int\u00e8gres. Pi\u00e8ce de titre avec une d\u00e9chirure et un petit manque. Bel exemplaire bien ferme. Nous joignons : 9 revues\/livres anciens sur la photographies<\/p>","protected":false},"excerpt":{"rendered":"<p>Dillaye Fr\u00e9d\u00e9ric &#8211; Librairie illustr\u00e9e Demi-toile gris-bleu \u00e0 dos long orn\u00e9 d&rsquo;une pi\u00e8ce titre en maroquin noire. couvertures conserv\u00e9es. 257 x 174, 295p. avec index et table. 1893. Int\u00e9rieur l\u00e9g\u00e8rement insol\u00e9 mais propre et quasi int\u00e8gre : rousseurs en derni\u00e8res pages vierges, avec une d\u00e9chirure sans manque sur l&rsquo;un de ces pages. Plats propres et &#8230; <a title=\"Les nouveaut\u00e9s photographiques pour l\u2019ann\u00e9e 1893\" class=\"read-more\" href=\"https:\/\/www.livresentre2actions.fr\/en\/product\/les-nouveautes-photographiques-pour-lannee-1893\/\" aria-label=\"Read more about Les nouveaut\u00e9s photographiques pour l\u2019ann\u00e9e 1893\">Read more<\/a><\/p>","protected":false},"featured_media":19938,"template":"","meta":{"_eb_attr":""},"product_brand":[],"product_cat":[36,71,99,69],"product_tag":[86],"class_list":{"0":"post-19985","1":"product","2":"type-product","3":"status-publish","4":"has-post-thumbnail","6":"product_cat-entre-le-xviiieme-et-le-xixeme-siecle","7":"product_cat-illustres-modernes-editions-originales-signees-numerotees","8":"product_cat-revues","9":"product_cat-sciences-et-techniques","10":"product_tag-illustre","11":"sales-flash-overlay","12":"woocommerce-text-align-center","13":"woocommerce-image-align-center","14":"wc-has-gallery","16":"first","17":"instock","18":"taxable","19":"shipping-taxable","20":"purchasable","21":"product-type-simple"},"aioseo_notices":[],"_links":{"self":[{"href":"https:\/\/www.livresentre2actions.fr\/en\/wp-json\/wp\/v2\/product\/19985","targetHints":{"allow":["GET"]}}],"collection":[{"href":"https:\/\/www.livresentre2actions.fr\/en\/wp-json\/wp\/v2\/product"}],"about":[{"href":"https:\/\/www.livresentre2actions.fr\/en\/wp-json\/wp\/v2\/types\/product"}],"wp:featuredmedia":[{"embeddable":true,"href":"https:\/\/www.livresentre2actions.fr\/en\/wp-json\/wp\/v2\/media\/19938"}],"wp:attachment":[{"href":"https:\/\/www.livresentre2actions.fr\/en\/wp-json\/wp\/v2\/media?parent=19985"}],"wp:term":[{"taxonomy":"product_brand","embeddable":true,"href":"https:\/\/www.livresentre2actions.fr\/en\/wp-json\/wp\/v2\/product_brand?post=19985"},{"taxonomy":"product_cat","embeddable":true,"href":"https:\/\/www.livresentre2actions.fr\/en\/wp-json\/wp\/v2\/product_cat?post=19985"},{"taxonomy":"product_tag","embeddable":true,"href":"https:\/\/www.livresentre2actions.fr\/en\/wp-json\/wp\/v2\/product_tag?post=19985"}],"curies":[{"name":"wp","href":"https:\/\/api.w.org\/{rel}","templated":true}]}}