{"id":19864,"date":"2026-03-31T16:44:56","date_gmt":"2026-03-31T14:44:56","guid":{"rendered":"https:\/\/www.livresentre2actions.fr\/?post_type=product&#038;p=19864"},"modified":"2026-03-31T16:44:59","modified_gmt":"2026-03-31T14:44:59","slug":"grammatica-hebraica-a-punctis-et-aliisque-inventis-massorethicis-libera","status":"publish","type":"product","link":"https:\/\/www.livresentre2actions.fr\/en\/product\/grammatica-hebraica-a-punctis-et-aliisque-inventis-massorethicis-libera\/","title":{"rendered":"Grammatica hebraica a punctis et aliisque inventis Massorethicis libera"},"content":{"rendered":"<p>Francisci Masclefii &#8211; Apud Benedictum Morin<\/p>\n<p>Plein veau marbr\u00e9, dos \u00e0 cinq nerfs, fleuronn\u00e9 au caisson, pi\u00e8ce de titre lire de vin, tranches rouges, 187 x 127, 195p. Avec Index, Approbation, Privil\u00e8ge et Alphabeticum rabbinicum [et] samaritanum. 1781. Quarta editio. Avant la lettre\u00a0: Adresse au p\u00e8re Houbigant [pr\u00eatre de l\u2019Oratoire, bibliste et orientaliste] par Luca Franc. Lalande [pr\u00eatre de l\u2019Oratoire, et Conventionnel]\u00a04p. ; Pr\u00e9face de l\u2019\u00e9diteur, viij-xxvij. Au titre\u00a0: cachet s\u00e9minaire de Caen et code, et un ex-libris manuscrit, une \u00e9tiquette coll\u00e9e en contreplat sup\u00e9rieur. Int\u00e9rieur tr\u00e8s frais, tr\u00e8s propre. Coins et champs frott\u00e9s avec \u00e9pidermures, coins l\u00e9g\u00e8rement \u00e9mouss\u00e9s. Plats frott\u00e9s avec \u00e9pidermures et griffes. Dos frott\u00e9 aux nerfs et queue avec \u00e9pidermures\u00a0; coiffe aras\u00e9e\u00a0; \u00e9pidermure marqu\u00e9e au caisson de t\u00eate\u00a0; mors frott\u00e9s, l\u00e9g\u00e8rement fendu en t\u00eate de plat sup\u00e9rieur. Exemplaire bien ferme.<\/p>","protected":false},"excerpt":{"rendered":"<p>Francisci Masclefii &#8211; Apud Benedictum Morin Plein veau marbr\u00e9, dos \u00e0 cinq nerfs, fleuronn\u00e9 au caisson, pi\u00e8ce de titre lire de vin, tranches rouges, 187 x 127, 195p. Avec Index, Approbation, Privil\u00e8ge et Alphabeticum rabbinicum [et] samaritanum. 1781. Quarta editio. Avant la lettre\u00a0: Adresse au p\u00e8re Houbigant [pr\u00eatre de l\u2019Oratoire, bibliste et orientaliste] par Luca &#8230; <a title=\"Grammatica hebraica a punctis et aliisque inventis Massorethicis libera\" class=\"read-more\" href=\"https:\/\/www.livresentre2actions.fr\/en\/product\/grammatica-hebraica-a-punctis-et-aliisque-inventis-massorethicis-libera\/\" aria-label=\"Read more about Grammatica hebraica a punctis et aliisque inventis Massorethicis libera\">Read more<\/a><\/p>","protected":false},"featured_media":19865,"template":"","meta":{"_eb_attr":""},"product_brand":[],"product_cat":[36,82,68],"product_tag":[],"class_list":{"0":"post-19864","1":"product","2":"type-product","3":"status-publish","4":"has-post-thumbnail","6":"product_cat-entre-le-xviiieme-et-le-xixeme-siecle","7":"product_cat-philosophie","8":"product_cat-religion-spiritualite","9":"sales-flash-overlay","10":"woocommerce-text-align-center","11":"woocommerce-image-align-center","12":"wc-has-gallery","14":"first","15":"instock","16":"taxable","17":"shipping-taxable","18":"purchasable","19":"product-type-simple"},"aioseo_notices":[],"_links":{"self":[{"href":"https:\/\/www.livresentre2actions.fr\/en\/wp-json\/wp\/v2\/product\/19864","targetHints":{"allow":["GET"]}}],"collection":[{"href":"https:\/\/www.livresentre2actions.fr\/en\/wp-json\/wp\/v2\/product"}],"about":[{"href":"https:\/\/www.livresentre2actions.fr\/en\/wp-json\/wp\/v2\/types\/product"}],"wp:featuredmedia":[{"embeddable":true,"href":"https:\/\/www.livresentre2actions.fr\/en\/wp-json\/wp\/v2\/media\/19865"}],"wp:attachment":[{"href":"https:\/\/www.livresentre2actions.fr\/en\/wp-json\/wp\/v2\/media?parent=19864"}],"wp:term":[{"taxonomy":"product_brand","embeddable":true,"href":"https:\/\/www.livresentre2actions.fr\/en\/wp-json\/wp\/v2\/product_brand?post=19864"},{"taxonomy":"product_cat","embeddable":true,"href":"https:\/\/www.livresentre2actions.fr\/en\/wp-json\/wp\/v2\/product_cat?post=19864"},{"taxonomy":"product_tag","embeddable":true,"href":"https:\/\/www.livresentre2actions.fr\/en\/wp-json\/wp\/v2\/product_tag?post=19864"}],"curies":[{"name":"wp","href":"https:\/\/api.w.org\/{rel}","templated":true}]}}