{"id":19852,"date":"2026-01-30T16:38:45","date_gmt":"2026-01-30T15:38:45","guid":{"rendered":"https:\/\/www.livresentre2actions.fr\/?post_type=product&#038;p=19852"},"modified":"2026-03-31T16:45:59","modified_gmt":"2026-03-31T14:45:59","slug":"le-patois-de-gondecourt-nord-grammaire-et-lexique-par-e-cochet","status":"publish","type":"product","link":"https:\/\/www.livresentre2actions.fr\/en\/product\/le-patois-de-gondecourt-nord-grammaire-et-lexique-par-e-cochet\/","title":{"rendered":"Le Patois de Gondecourt Nord. Grammaire et lexique, par E. Cochet"},"content":{"rendered":"<p>Librairie E. Droz &#8211; Broch\u00e9, 248 x 162, 326p. 1933. Frontispice. Edition originale. Tr\u00e8s bon exemplaire, l\u00e9g\u00e8rement insol\u00e9 mais propre, int\u00e8gre, bien ferme, avec un ex-libris en page de faux-titre.<\/p>","protected":false},"excerpt":{"rendered":"<p>Librairie E. Droz &#8211; Broch\u00e9, 248 x 162, 326p. 1933. Frontispice. Edition originale. Tr\u00e8s bon exemplaire, l\u00e9g\u00e8rement insol\u00e9 mais propre, int\u00e8gre, bien ferme, avec un ex-libris en page de faux-titre.<\/p>","protected":false},"featured_media":19853,"template":"","meta":{"_eb_attr":""},"product_brand":[],"product_cat":[37,71,81],"product_tag":[],"class_list":{"0":"post-19852","1":"product","2":"type-product","3":"status-publish","4":"has-post-thumbnail","6":"product_cat-a-partir-du-xxeme-siecle","7":"product_cat-illustres-modernes-editions-originales-signees-numerotees","8":"product_cat-hauts-de-france","9":"sales-flash-overlay","10":"woocommerce-text-align-center","11":"woocommerce-image-align-center","12":"wc-has-gallery","14":"first","15":"instock","16":"taxable","17":"shipping-taxable","18":"purchasable","19":"product-type-simple"},"aioseo_notices":[],"_links":{"self":[{"href":"https:\/\/www.livresentre2actions.fr\/en\/wp-json\/wp\/v2\/product\/19852","targetHints":{"allow":["GET"]}}],"collection":[{"href":"https:\/\/www.livresentre2actions.fr\/en\/wp-json\/wp\/v2\/product"}],"about":[{"href":"https:\/\/www.livresentre2actions.fr\/en\/wp-json\/wp\/v2\/types\/product"}],"wp:featuredmedia":[{"embeddable":true,"href":"https:\/\/www.livresentre2actions.fr\/en\/wp-json\/wp\/v2\/media\/19853"}],"wp:attachment":[{"href":"https:\/\/www.livresentre2actions.fr\/en\/wp-json\/wp\/v2\/media?parent=19852"}],"wp:term":[{"taxonomy":"product_brand","embeddable":true,"href":"https:\/\/www.livresentre2actions.fr\/en\/wp-json\/wp\/v2\/product_brand?post=19852"},{"taxonomy":"product_cat","embeddable":true,"href":"https:\/\/www.livresentre2actions.fr\/en\/wp-json\/wp\/v2\/product_cat?post=19852"},{"taxonomy":"product_tag","embeddable":true,"href":"https:\/\/www.livresentre2actions.fr\/en\/wp-json\/wp\/v2\/product_tag?post=19852"}],"curies":[{"name":"wp","href":"https:\/\/api.w.org\/{rel}","templated":true}]}}