{"id":19762,"date":"2026-02-26T15:29:34","date_gmt":"2026-02-26T14:29:34","guid":{"rendered":"https:\/\/www.livresentre2actions.fr\/?post_type=product&#038;p=19762"},"modified":"2026-03-26T15:30:01","modified_gmt":"2026-03-26T14:30:01","slug":"illustrated-catalogue-of-300-paintings-of-old-masters-charles-sedelmeyer","status":"publish","type":"product","link":"https:\/\/www.livresentre2actions.fr\/en\/product\/illustrated-catalogue-of-300-paintings-of-old-masters-charles-sedelmeyer\/","title":{"rendered":"Illustrated Catalogue of 300 paintings of old masters, Charles Sedelmeyer"},"content":{"rendered":"<p>Illustrated Catalogue of 300 paintings of old masters which have, at various time, formed part of the Sedelmeyer Gallery,<\/p>\n<p>Charles Sedelmeyer (pref.) &#8211; Sedelmeyer Gallery<\/p>\n<p>Broch\u00e9, 254 x 183, 328p. hors index des artistes (6p). 1898. Edition originale Dutch, flemish and german schools. Int\u00e9rieur tr\u00e8s bon, propre et int\u00e8gre. Couvertures et dos insol\u00e9s, avec une d\u00e9chiRure en couverture le long du dos, sans manque. Brochure un peu l\u00e2che. N\u00e9 \u00e0 Vienne en 1837, Charles Sedelmeyer est l\u2019un des plus grands collectionneurs et galeriste de la fin du XIX\u00e8me.<\/p>","protected":false},"excerpt":{"rendered":"<p>Illustrated Catalogue of 300 paintings of old masters which have, at various time, formed part of the Sedelmeyer Gallery, Charles Sedelmeyer (pref.) &#8211; Sedelmeyer Gallery Broch\u00e9, 254 x 183, 328p. hors index des artistes (6p). 1898. Edition originale Dutch, flemish and german schools. Int\u00e9rieur tr\u00e8s bon, propre et int\u00e8gre. Couvertures et dos insol\u00e9s, avec une &#8230; <a title=\"Illustrated Catalogue of 300 paintings of old masters, Charles Sedelmeyer\" class=\"read-more\" href=\"https:\/\/www.livresentre2actions.fr\/en\/product\/illustrated-catalogue-of-300-paintings-of-old-masters-charles-sedelmeyer\/\" aria-label=\"Read more about Illustrated Catalogue of 300 paintings of old masters, Charles Sedelmeyer\">Read more<\/a><\/p>","protected":false},"featured_media":19763,"template":"","meta":{"_eb_attr":""},"product_brand":[],"product_cat":[36,75,71],"product_tag":[86],"class_list":{"0":"post-19762","1":"product","2":"type-product","3":"status-publish","4":"has-post-thumbnail","6":"product_cat-entre-le-xviiieme-et-le-xixeme-siecle","7":"product_cat-art","8":"product_cat-illustres-modernes-editions-originales-signees-numerotees","9":"product_tag-illustre","10":"sales-flash-overlay","11":"woocommerce-text-align-center","12":"woocommerce-image-align-center","13":"wc-has-gallery","15":"first","16":"instock","17":"taxable","18":"shipping-taxable","19":"purchasable","20":"product-type-simple"},"aioseo_notices":[],"_links":{"self":[{"href":"https:\/\/www.livresentre2actions.fr\/en\/wp-json\/wp\/v2\/product\/19762","targetHints":{"allow":["GET"]}}],"collection":[{"href":"https:\/\/www.livresentre2actions.fr\/en\/wp-json\/wp\/v2\/product"}],"about":[{"href":"https:\/\/www.livresentre2actions.fr\/en\/wp-json\/wp\/v2\/types\/product"}],"wp:featuredmedia":[{"embeddable":true,"href":"https:\/\/www.livresentre2actions.fr\/en\/wp-json\/wp\/v2\/media\/19763"}],"wp:attachment":[{"href":"https:\/\/www.livresentre2actions.fr\/en\/wp-json\/wp\/v2\/media?parent=19762"}],"wp:term":[{"taxonomy":"product_brand","embeddable":true,"href":"https:\/\/www.livresentre2actions.fr\/en\/wp-json\/wp\/v2\/product_brand?post=19762"},{"taxonomy":"product_cat","embeddable":true,"href":"https:\/\/www.livresentre2actions.fr\/en\/wp-json\/wp\/v2\/product_cat?post=19762"},{"taxonomy":"product_tag","embeddable":true,"href":"https:\/\/www.livresentre2actions.fr\/en\/wp-json\/wp\/v2\/product_tag?post=19762"}],"curies":[{"name":"wp","href":"https:\/\/api.w.org\/{rel}","templated":true}]}}