{"id":19745,"date":"2026-03-26T15:25:48","date_gmt":"2026-03-26T14:25:48","guid":{"rendered":"https:\/\/www.livresentre2actions.fr\/?post_type=product&#038;p=19745"},"modified":"2026-03-26T15:26:26","modified_gmt":"2026-03-26T14:26:26","slug":"lecons-de-chimie-appliquee-a-la-teinture-2-tomes-complet","status":"publish","type":"product","link":"https:\/\/www.livresentre2actions.fr\/en\/product\/lecons-de-chimie-appliquee-a-la-teinture-2-tomes-complet\/","title":{"rendered":"Le\u00e7ons de chimie appliqu\u00e9e \u00e0 la teinture, 2 tomes complet"},"content":{"rendered":"<p>Michel-Eug\u00e8ne Chevreuil &#8211; Pichon et Didier, \u00e9diteur<\/p>\n<p>Demi-veau lie de vin, dos long orn\u00e9 des titre, auteur, tomaison, 206 x 140, 1829. Edition originale. Pagination multiple (pagination par le\u00e7on). T1, avec 2 planches (7 figures). In fine, table des mati\u00e8res (22p.)\u00a0. T2, 1 planche (12 figures). In fine, table des mati\u00e8res (32p.). Pour les deux volumes\u00a0: rousseurs continues, d\u2019intensit\u00e9 variable, plus abondantes en d\u00e9but et fin de volume. Plats, coins et champs frott\u00e9s, mais bons. Reliures frott\u00e9es avec \u00e9pidermures. Exemplaire bien ferme pour une premi\u00e8re \u00e9dition d\u2019un ouvrage rare et important. Chevreul, chimiste et directeur de la manufacture des Gobelins, chercha une solution dans la chimie pour am\u00e9liorer le rendu des couleurs des tapisseries fabriqu\u00e9es \u00e0 Paris.<\/p>","protected":false},"excerpt":{"rendered":"<p>Michel-Eug\u00e8ne Chevreuil &#8211; Pichon et Didier, \u00e9diteur Demi-veau lie de vin, dos long orn\u00e9 des titre, auteur, tomaison, 206 x 140, 1829. Edition originale. Pagination multiple (pagination par le\u00e7on). T1, avec 2 planches (7 figures). In fine, table des mati\u00e8res (22p.)\u00a0. T2, 1 planche (12 figures). In fine, table des mati\u00e8res (32p.). Pour les deux &#8230; <a title=\"Le\u00e7ons de chimie appliqu\u00e9e \u00e0 la teinture, 2 tomes complet\" class=\"read-more\" href=\"https:\/\/www.livresentre2actions.fr\/en\/product\/lecons-de-chimie-appliquee-a-la-teinture-2-tomes-complet\/\" aria-label=\"Read more about Le\u00e7ons de chimie appliqu\u00e9e \u00e0 la teinture, 2 tomes complet\">Read more<\/a><\/p>","protected":false},"featured_media":19747,"template":"","meta":{"_eb_attr":""},"product_brand":[],"product_cat":[36,71,69],"product_tag":[86],"class_list":{"0":"post-19745","1":"product","2":"type-product","3":"status-publish","4":"has-post-thumbnail","6":"product_cat-entre-le-xviiieme-et-le-xixeme-siecle","7":"product_cat-illustres-modernes-editions-originales-signees-numerotees","8":"product_cat-sciences-et-techniques","9":"product_tag-illustre","10":"sales-flash-overlay","11":"woocommerce-text-align-center","12":"woocommerce-image-align-center","13":"wc-has-gallery","15":"first","16":"instock","17":"taxable","18":"shipping-taxable","19":"purchasable","20":"product-type-simple"},"aioseo_notices":[],"_links":{"self":[{"href":"https:\/\/www.livresentre2actions.fr\/en\/wp-json\/wp\/v2\/product\/19745","targetHints":{"allow":["GET"]}}],"collection":[{"href":"https:\/\/www.livresentre2actions.fr\/en\/wp-json\/wp\/v2\/product"}],"about":[{"href":"https:\/\/www.livresentre2actions.fr\/en\/wp-json\/wp\/v2\/types\/product"}],"wp:featuredmedia":[{"embeddable":true,"href":"https:\/\/www.livresentre2actions.fr\/en\/wp-json\/wp\/v2\/media\/19747"}],"wp:attachment":[{"href":"https:\/\/www.livresentre2actions.fr\/en\/wp-json\/wp\/v2\/media?parent=19745"}],"wp:term":[{"taxonomy":"product_brand","embeddable":true,"href":"https:\/\/www.livresentre2actions.fr\/en\/wp-json\/wp\/v2\/product_brand?post=19745"},{"taxonomy":"product_cat","embeddable":true,"href":"https:\/\/www.livresentre2actions.fr\/en\/wp-json\/wp\/v2\/product_cat?post=19745"},{"taxonomy":"product_tag","embeddable":true,"href":"https:\/\/www.livresentre2actions.fr\/en\/wp-json\/wp\/v2\/product_tag?post=19745"}],"curies":[{"name":"wp","href":"https:\/\/api.w.org\/{rel}","templated":true}]}}