{"id":19734,"date":"2026-03-26T14:40:10","date_gmt":"2026-03-26T13:40:10","guid":{"rendered":"https:\/\/www.livresentre2actions.fr\/?post_type=product&#038;p=19734"},"modified":"2026-03-26T14:40:44","modified_gmt":"2026-03-26T13:40:44","slug":"labbaye-de-sainte-croix-ou-radegonde-reine-de-france-tomes-ier-et-ii","status":"publish","type":"product","link":"https:\/\/www.livresentre2actions.fr\/en\/product\/labbaye-de-sainte-croix-ou-radegonde-reine-de-france-tomes-ier-et-ii\/","title":{"rendered":"L\u2019abbaye de Sainte-Croix, ou Radegonde, reine de France, tomes Ier et II"},"content":{"rendered":"<p>Madame A. Gottis &#8211; Lecointe et Durey<\/p>\n<p>Demi-veau tabac \u00e0 petits coins (coins cuir manquants) \u00e0 dos long orn\u00e9 des titre, tomaisons de liser\u00e9s,et de deux initiales en pied (auteur), tranches marbr\u00e9es, 170 x 103, 1823. Edition originale peu courante, 2 tomes sur trois. 252 p. pour chaque volume.\u00a0Rousseurs aux deux volumes. Frottements et \u00e9pidermures \u00e0 la reliure, avec une d\u00e9chirure sans manque en t\u00eate de dos du TI et un petit manque en pied de dos du TII. L&rsquo;abbaye Sainte-Croix de Poitiers, aujourd\u2019hui sur la commune de saint-Beno\u00eet, a \u00e9t\u00e9 fond\u00e9e par la reine des Francs Radegonde en l\u2019an 552.<\/p>","protected":false},"excerpt":{"rendered":"<p>Madame A. Gottis &#8211; Lecointe et Durey Demi-veau tabac \u00e0 petits coins (coins cuir manquants) \u00e0 dos long orn\u00e9 des titre, tomaisons de liser\u00e9s,et de deux initiales en pied (auteur), tranches marbr\u00e9es, 170 x 103, 1823. Edition originale peu courante, 2 tomes sur trois. 252 p. pour chaque volume.\u00a0Rousseurs aux deux volumes. Frottements et \u00e9pidermures &#8230; <a title=\"L\u2019abbaye de Sainte-Croix, ou Radegonde, reine de France, tomes Ier et II\" class=\"read-more\" href=\"https:\/\/www.livresentre2actions.fr\/en\/product\/labbaye-de-sainte-croix-ou-radegonde-reine-de-france-tomes-ier-et-ii\/\" aria-label=\"Read more about L\u2019abbaye de Sainte-Croix, ou Radegonde, reine de France, tomes Ier et II\">Read more<\/a><\/p>","protected":false},"featured_media":19735,"template":"","meta":{"_eb_attr":""},"product_brand":[],"product_cat":[36,97,68],"product_tag":[],"class_list":{"0":"post-19734","1":"product","2":"type-product","3":"status-publish","4":"has-post-thumbnail","6":"product_cat-entre-le-xviiieme-et-le-xixeme-siecle","7":"product_cat-regionalia-divers","8":"product_cat-religion-spiritualite","9":"sales-flash-overlay","10":"woocommerce-text-align-center","11":"woocommerce-image-align-center","12":"wc-has-gallery","14":"first","15":"instock","16":"taxable","17":"shipping-taxable","18":"purchasable","19":"product-type-simple"},"aioseo_notices":[],"_links":{"self":[{"href":"https:\/\/www.livresentre2actions.fr\/en\/wp-json\/wp\/v2\/product\/19734","targetHints":{"allow":["GET"]}}],"collection":[{"href":"https:\/\/www.livresentre2actions.fr\/en\/wp-json\/wp\/v2\/product"}],"about":[{"href":"https:\/\/www.livresentre2actions.fr\/en\/wp-json\/wp\/v2\/types\/product"}],"wp:featuredmedia":[{"embeddable":true,"href":"https:\/\/www.livresentre2actions.fr\/en\/wp-json\/wp\/v2\/media\/19735"}],"wp:attachment":[{"href":"https:\/\/www.livresentre2actions.fr\/en\/wp-json\/wp\/v2\/media?parent=19734"}],"wp:term":[{"taxonomy":"product_brand","embeddable":true,"href":"https:\/\/www.livresentre2actions.fr\/en\/wp-json\/wp\/v2\/product_brand?post=19734"},{"taxonomy":"product_cat","embeddable":true,"href":"https:\/\/www.livresentre2actions.fr\/en\/wp-json\/wp\/v2\/product_cat?post=19734"},{"taxonomy":"product_tag","embeddable":true,"href":"https:\/\/www.livresentre2actions.fr\/en\/wp-json\/wp\/v2\/product_tag?post=19734"}],"curies":[{"name":"wp","href":"https:\/\/api.w.org\/{rel}","templated":true}]}}