{"id":19707,"date":"2026-03-25T09:32:15","date_gmt":"2026-03-25T08:32:15","guid":{"rendered":"https:\/\/www.livresentre2actions.fr\/?post_type=product&#038;p=19707"},"modified":"2026-03-25T09:33:06","modified_gmt":"2026-03-25T08:33:06","slug":"tretateuchus-sive-commentarius-in-sancta-jesu-christi-evangelia","status":"publish","type":"product","link":"https:\/\/www.livresentre2actions.fr\/en\/product\/tretateuchus-sive-commentarius-in-sancta-jesu-christi-evangelia\/","title":{"rendered":"Tretateuchus sive commentarius in sancta Jesu-Christi evangelia"},"content":{"rendered":"<p>Tretateuchus sive commentarius in sancta Jesu-Christi evangelia. Edition nova accuratior<\/p>\n<p>Jansenius [Cornelius Jansen] &#8211; Apud Bartholomaeum Martin<\/p>\n<p>Plein veau, dos \u00e0 cinq nerfs orn\u00e9 d\u2019une pi\u00e8ce de titre, caissons d\u00e9cor\u00e9s, 240 x 183, 586p. Suivi de l\u2019index, 28p. 1703. Editio nova accuratior, et \u00e0 quamplurimis mendis, quibus &amp; terare scatebant, expurgata. Pr\u00e9c\u00e9d\u00e9 avant la lettre : titre, adresse, approbation, et Index Evangeliorum, 7p. Texte sur deux colonnes.<\/p>\n<p>Exemplaire enrichi en garde d\u2019un ex-dono latin manuscrit, de l\u2019ex-libris manuscrit du donataire, et un cachet du Grand S\u00e9minaire d\u2019Annecy, r\u00e9p\u00e9t\u00e9 au titre et en derni\u00e8re page. Exemplaire \u00e9galement enrichi au recto et verso de cette derni\u00e8re page de deux textes manuscrits en fran\u00e7ais : au recto, \u00ab R\u00e9duction de la monnoye ancienne \u00e0 celle de nos pa\u00efs \u00bb, (18 lignes abordant le denier d\u2019argent, demi-denier, drachme, denier d\u2019or, sicle h\u00e9bra\u00efque, etc. ; au verso : au verso \u00ab Remarques [sur la ] vie des pharisiens ext\u00e9rieure \u00bb (9 lignes).<\/p>\n<p>Rousseurs continues, plus fortes parfois en marge. Page de garde qui se d\u00e9tache en t\u00eate. Trace de mouillure en seconde partie de volume. Coins, champs et plats frott\u00e9s avec \u00e9pidermures, trois trous de vers en plat inf\u00e9rieur ; dos avec \u00e9pidermures aux nerfs, coiffe et queue, avec coiffe en partie manquante. Exemplaire bien ferme.<\/p>\n<p>Moins connu que son Augustinus, Le Tetrateuchus de Jans\u00e9nius est un commentaire des quatre \u00c9vangiles, publi\u00e9 apr\u00e8s la mort de Jans\u00e9nius. \u0152uvre ex\u00e9g\u00e9tique importante, elle est consid\u00e9r\u00e9e comme la source principale de l&rsquo;Abr\u00e9g\u00e9 de la vie de J\u00e9sus-Christ de Pascal.<\/p>","protected":false},"excerpt":{"rendered":"<p>Tretateuchus sive commentarius in sancta Jesu-Christi evangelia. Edition nova accuratior Jansenius [Cornelius Jansen] &#8211; Apud Bartholomaeum Martin Plein veau, dos \u00e0 cinq nerfs orn\u00e9 d\u2019une pi\u00e8ce de titre, caissons d\u00e9cor\u00e9s, 240 x 183, 586p. Suivi de l\u2019index, 28p. 1703. Editio nova accuratior, et \u00e0 quamplurimis mendis, quibus &amp; terare scatebant, expurgata. Pr\u00e9c\u00e9d\u00e9 avant la lettre &#8230; <a title=\"Tretateuchus sive commentarius in sancta Jesu-Christi evangelia\" class=\"read-more\" href=\"https:\/\/www.livresentre2actions.fr\/en\/product\/tretateuchus-sive-commentarius-in-sancta-jesu-christi-evangelia\/\" aria-label=\"Read more about Tretateuchus sive commentarius in sancta Jesu-Christi evangelia\">Read more<\/a><\/p>","protected":false},"featured_media":19708,"template":"","meta":{"_eb_attr":""},"product_brand":[],"product_cat":[36,68],"product_tag":[],"class_list":{"0":"post-19707","1":"product","2":"type-product","3":"status-publish","4":"has-post-thumbnail","6":"product_cat-entre-le-xviiieme-et-le-xixeme-siecle","7":"product_cat-religion-spiritualite","8":"sales-flash-overlay","9":"woocommerce-text-align-center","10":"woocommerce-image-align-center","11":"wc-has-gallery","13":"first","14":"instock","15":"taxable","16":"shipping-taxable","17":"purchasable","18":"product-type-simple"},"aioseo_notices":[],"_links":{"self":[{"href":"https:\/\/www.livresentre2actions.fr\/en\/wp-json\/wp\/v2\/product\/19707","targetHints":{"allow":["GET"]}}],"collection":[{"href":"https:\/\/www.livresentre2actions.fr\/en\/wp-json\/wp\/v2\/product"}],"about":[{"href":"https:\/\/www.livresentre2actions.fr\/en\/wp-json\/wp\/v2\/types\/product"}],"wp:featuredmedia":[{"embeddable":true,"href":"https:\/\/www.livresentre2actions.fr\/en\/wp-json\/wp\/v2\/media\/19708"}],"wp:attachment":[{"href":"https:\/\/www.livresentre2actions.fr\/en\/wp-json\/wp\/v2\/media?parent=19707"}],"wp:term":[{"taxonomy":"product_brand","embeddable":true,"href":"https:\/\/www.livresentre2actions.fr\/en\/wp-json\/wp\/v2\/product_brand?post=19707"},{"taxonomy":"product_cat","embeddable":true,"href":"https:\/\/www.livresentre2actions.fr\/en\/wp-json\/wp\/v2\/product_cat?post=19707"},{"taxonomy":"product_tag","embeddable":true,"href":"https:\/\/www.livresentre2actions.fr\/en\/wp-json\/wp\/v2\/product_tag?post=19707"}],"curies":[{"name":"wp","href":"https:\/\/api.w.org\/{rel}","templated":true}]}}