{"id":19668,"date":"2026-03-24T12:12:05","date_gmt":"2026-03-24T11:12:05","guid":{"rendered":"https:\/\/www.livresentre2actions.fr\/?post_type=product&#038;p=19668"},"modified":"2026-03-24T12:12:34","modified_gmt":"2026-03-24T11:12:34","slug":"les-poteries-faiences-porcelaines-europeennes-france-exceptee","status":"publish","type":"product","link":"https:\/\/www.livresentre2actions.fr\/en\/product\/les-poteries-faiences-porcelaines-europeennes-france-exceptee\/","title":{"rendered":"Les poteries \u2013 fa\u00efences \u2013 porcelaines europ\u00e9ennes (France except\u00e9e)."},"content":{"rendered":"<p>Les poteries \u2013 fa\u00efences \u2013 porcelaines europ\u00e9ennes (France except\u00e9e). Caract\u00e9ristiques, marques. Trois tomes, complet. &#8211; Tardy &#8211;\u00a0 Chez l\u2019auteur &#8211;<\/p>\n<p>Jolie demi-chagrin \u00e0 petits grains chocolat, dos titr\u00e9, papiers marbr\u00e9 rouge en plats, tranches de t\u00eate jasp\u00e9es, couvertures et dos conserv\u00e9s et reli\u00e9s, 182 x 126. 1953. Premi\u00e8re \u00e9dition. 1 125 pages en pagination continue. T1, 1\u00e8re partie, Allemagne, Autriche-Hongrie, Belgique, Danemark, Espagne, Estonie, Finlande, Grande-Bretagne. Historique, caract\u00e9ristiques, d\u00e9cors, couleurs et 4 500 marques, 426p. Hors tble. T2, 2\u00e8me partie, Hollande, Hongrie, Italie, Luxembourg, Malte, Norv\u00e8ge, Pologne, Portugal, Roumanie, Russie, Su\u00e8de, Suisse. Historique, caract\u00e9ristiques, d\u00e9cors, couleurs et 4 000 marques. Pagin\u00e9e 428-954p. T3, 3\u00e8me partie, Notes compl\u00e9mentaires sur l&rsquo;Allemagne, la Belgique, le Danemark, l&rsquo;Espagne, la Finlande, la Hollande. Tables des similitudes entre les productions europ\u00e9ennes. Liste alphab\u00e9tique des 5 630 noms cit\u00e9s. R\u00e9pertoire des 8 500 marques contenues dans les 2 premiers tomes. Table des lieux g\u00e9ographiques de production. Pagin\u00e9e 958-1125 avec tble. Pour les 3 volumes, int\u00e9rieur tr\u00e8s bons, int\u00e8gres.\u00a0Reliures en tr\u00e8s bon \u00e9tat, avec des frottements tr\u00e8s marginaux. Bel exemplaire de ce travail de r\u00e9f\u00e9rence en \u00e9dition originale.<\/p>\n<p>Exemplaire qui vient compl\u00e9ter : Les poteries et les fa\u00efences fran\u00e7aises, 5 volumes complets. Et Les Porcelaines fran\u00e7aises, Caract\u00e9ristiques, marques, 1 volume complet. Soit six volumes, \u00e9galement en stock.<\/p>","protected":false},"excerpt":{"rendered":"<p>Les poteries \u2013 fa\u00efences \u2013 porcelaines europ\u00e9ennes (France except\u00e9e). Caract\u00e9ristiques, marques. Trois tomes, complet. &#8211; Tardy &#8211;\u00a0 Chez l\u2019auteur &#8211; Jolie demi-chagrin \u00e0 petits grains chocolat, dos titr\u00e9, papiers marbr\u00e9 rouge en plats, tranches de t\u00eate jasp\u00e9es, couvertures et dos conserv\u00e9s et reli\u00e9s, 182 x 126. 1953. Premi\u00e8re \u00e9dition. 1 125 pages en pagination continue. &#8230; <a title=\"Les poteries \u2013 fa\u00efences \u2013 porcelaines europ\u00e9ennes (France except\u00e9e).\" class=\"read-more\" href=\"https:\/\/www.livresentre2actions.fr\/en\/product\/les-poteries-faiences-porcelaines-europeennes-france-exceptee\/\" aria-label=\"Read more about Les poteries \u2013 fa\u00efences \u2013 porcelaines europ\u00e9ennes (France except\u00e9e).\">Read more<\/a><\/p>","protected":false},"featured_media":19669,"template":"","meta":{"_eb_attr":""},"product_brand":[],"product_cat":[37,75,71,69],"product_tag":[86],"class_list":{"0":"post-19668","1":"product","2":"type-product","3":"status-publish","4":"has-post-thumbnail","6":"product_cat-a-partir-du-xxeme-siecle","7":"product_cat-art","8":"product_cat-illustres-modernes-editions-originales-signees-numerotees","9":"product_cat-sciences-et-techniques","10":"product_tag-illustre","11":"sales-flash-overlay","12":"woocommerce-text-align-center","13":"woocommerce-image-align-center","14":"wc-has-gallery","16":"first","17":"instock","18":"taxable","19":"shipping-taxable","20":"purchasable","21":"product-type-simple"},"aioseo_notices":[],"_links":{"self":[{"href":"https:\/\/www.livresentre2actions.fr\/en\/wp-json\/wp\/v2\/product\/19668","targetHints":{"allow":["GET"]}}],"collection":[{"href":"https:\/\/www.livresentre2actions.fr\/en\/wp-json\/wp\/v2\/product"}],"about":[{"href":"https:\/\/www.livresentre2actions.fr\/en\/wp-json\/wp\/v2\/types\/product"}],"wp:featuredmedia":[{"embeddable":true,"href":"https:\/\/www.livresentre2actions.fr\/en\/wp-json\/wp\/v2\/media\/19669"}],"wp:attachment":[{"href":"https:\/\/www.livresentre2actions.fr\/en\/wp-json\/wp\/v2\/media?parent=19668"}],"wp:term":[{"taxonomy":"product_brand","embeddable":true,"href":"https:\/\/www.livresentre2actions.fr\/en\/wp-json\/wp\/v2\/product_brand?post=19668"},{"taxonomy":"product_cat","embeddable":true,"href":"https:\/\/www.livresentre2actions.fr\/en\/wp-json\/wp\/v2\/product_cat?post=19668"},{"taxonomy":"product_tag","embeddable":true,"href":"https:\/\/www.livresentre2actions.fr\/en\/wp-json\/wp\/v2\/product_tag?post=19668"}],"curies":[{"name":"wp","href":"https:\/\/api.w.org\/{rel}","templated":true}]}}