{"id":19644,"date":"2026-03-24T11:49:32","date_gmt":"2026-03-24T10:49:32","guid":{"rendered":"https:\/\/www.livresentre2actions.fr\/?post_type=product&#038;p=19644"},"modified":"2026-03-24T12:12:45","modified_gmt":"2026-03-24T11:12:45","slug":"poteries-faiences-porcelaines-francaises-tardy-6-volumes","status":"publish","type":"product","link":"https:\/\/www.livresentre2actions.fr\/en\/product\/poteries-faiences-porcelaines-francaises-tardy-6-volumes\/","title":{"rendered":"Poteries, fa\u00efences, porcelaines fran\u00e7aises, &#8211; Tardy, 6 volumes"},"content":{"rendered":"<p>Les poteries et les fa\u00efences fran\u00e7aises, 5 volumes complets. Et Les Porcelaines fran\u00e7aises, Caract\u00e9ristiques, marques, 1 volume complet. Soit six volumes. &#8211; Adrien Lesur et Tardy &#8211; Six volumes.<\/p>\n<p>Jolie demi-chagrin \u00e0 petits grains lie de vin, dos titr\u00e9 et tomaison dor\u00e9e, papiers marbr\u00e9 rouge en plats, tranches de t\u00eate jasp\u00e9es, couvertures et dos conserv\u00e9s et reli\u00e9s, 182 x 126. 5 volumes en premi\u00e8re \u00e9dition. T1, 1\u00e8re partie, comprenant 986 lieux de fabrication class\u00e9s alphab\u00e9tiquement, o\u00f9 sont d\u00e9crites 892 fa\u00efenceries, 1916 poteries, et 2100 marques et sigles, 423p. 1957. T2, 2\u00e8me partie, Mens \u00e0 Roman\u00e8che, pagin\u00e9 426-825, 1958. T3, 3\u00e8me partie, Ronchamp \u00e0 Yutz, pagin\u00e9e 828-1106, 1959. T4, Notes compl\u00e9mentaires et table, pagin\u00e9e 1108-1519, 1960. T5, D\u00e9cors caract\u00e9ristiques, , sous embo\u00eetage brod\u00e9, et dans la m\u00eame reliure, et sous \u00e9tui titr\u00e9 au dos et plats. Comprenant\u00a0: 225 d\u00e9cors les plus caract\u00e9ristiques expos\u00e9s sur 27 d\u00e9pliants\u00a0; documents relev\u00e9s par Odette Dumaret. Pour tous les volumes, int\u00e9rieurs excellents, propres, int\u00e8gres. Reliures en tr\u00e8s bon \u00e9tat, avec des frottements tr\u00e8s marginaux et tr\u00e8s limit\u00e9s, ou tr\u00e8s l\u00e9g\u00e8res taches aux plats. Bel exemplaire de ce travail de r\u00e9f\u00e9rence en \u00e9dition originale.<\/p>\n<p>Que compl\u00e8te du m\u00eame auteur\u00a0: Les Porcelaines fran\u00e7aises, Caract\u00e9ristiques, marques, que nous joignons \u00e0 ce lot, dans une reliure identique\u00a0: couvertures et dos conserv\u00e9s et reli\u00e9s, 182 x 126. 407p. Hors tble. 1950. Premi\u00e8re \u00e9dition. Int\u00e9rieur propre, int\u00e8gre, avec la photo d\u2019un plat chinois vendu chez Sotheby\u2019s, coll\u00e9e sur un des feuillets blancs de garde. Reliure en tr\u00e8s bon \u00e9tat, avec des frottements tr\u00e8s marginaux. Deux \u0153uvres compl\u00e9mentaires\u00a0: Les Poteries et Fa\u00efences forment la colonne vert\u00e9brale documentaire &#8211; un inventaire national &#8211; et les Porcelaines fran\u00e7aises un trait\u00e9 sp\u00e9cialis\u00e9 centr\u00e9 sur la production la plus noble et la plus identifiable de la c\u00e9ramique fran\u00e7aise. Couvrant ainsi ensemble l&rsquo;int\u00e9gralit\u00e9 du champ de la c\u00e9ramique fran\u00e7aise, du gr\u00e8s paysan \u00e0 la porcelaine de S\u00e8vres. La r\u00e9f\u00e9rence compl\u00e8te sur le sujet.<\/p>\n<p>\u00c9galement en stock\u00a0: Les poteries \u2013 fa\u00efences \u2013 porcelaines europ\u00e9ennes (France except\u00e9e). Caract\u00e9ristiques, marques. Trois tomes, complet.<\/p>","protected":false},"excerpt":{"rendered":"<p>Les poteries et les fa\u00efences fran\u00e7aises, 5 volumes complets. Et Les Porcelaines fran\u00e7aises, Caract\u00e9ristiques, marques, 1 volume complet. Soit six volumes. &#8211; Adrien Lesur et Tardy &#8211; Six volumes. Jolie demi-chagrin \u00e0 petits grains lie de vin, dos titr\u00e9 et tomaison dor\u00e9e, papiers marbr\u00e9 rouge en plats, tranches de t\u00eate jasp\u00e9es, couvertures et dos conserv\u00e9s &#8230; <a title=\"Poteries, fa\u00efences, porcelaines fran\u00e7aises, &#8211; Tardy, 6 volumes\" class=\"read-more\" href=\"https:\/\/www.livresentre2actions.fr\/en\/product\/poteries-faiences-porcelaines-francaises-tardy-6-volumes\/\" aria-label=\"Read more about Poteries, fa\u00efences, porcelaines fran\u00e7aises, &#8211; Tardy, 6 volumes\">Read more<\/a><\/p>","protected":false},"featured_media":19645,"template":"","meta":{"_eb_attr":""},"product_brand":[],"product_cat":[37,74,71,97,69],"product_tag":[86],"class_list":{"0":"post-19644","1":"product","2":"type-product","3":"status-publish","4":"has-post-thumbnail","6":"product_cat-a-partir-du-xxeme-siecle","7":"product_cat-collections","8":"product_cat-illustres-modernes-editions-originales-signees-numerotees","9":"product_cat-regionalia-divers","10":"product_cat-sciences-et-techniques","11":"product_tag-illustre","12":"sales-flash-overlay","13":"woocommerce-text-align-center","14":"woocommerce-image-align-center","15":"wc-has-gallery","17":"first","18":"instock","19":"taxable","20":"shipping-taxable","21":"purchasable","22":"product-type-simple"},"aioseo_notices":[],"_links":{"self":[{"href":"https:\/\/www.livresentre2actions.fr\/en\/wp-json\/wp\/v2\/product\/19644","targetHints":{"allow":["GET"]}}],"collection":[{"href":"https:\/\/www.livresentre2actions.fr\/en\/wp-json\/wp\/v2\/product"}],"about":[{"href":"https:\/\/www.livresentre2actions.fr\/en\/wp-json\/wp\/v2\/types\/product"}],"wp:featuredmedia":[{"embeddable":true,"href":"https:\/\/www.livresentre2actions.fr\/en\/wp-json\/wp\/v2\/media\/19645"}],"wp:attachment":[{"href":"https:\/\/www.livresentre2actions.fr\/en\/wp-json\/wp\/v2\/media?parent=19644"}],"wp:term":[{"taxonomy":"product_brand","embeddable":true,"href":"https:\/\/www.livresentre2actions.fr\/en\/wp-json\/wp\/v2\/product_brand?post=19644"},{"taxonomy":"product_cat","embeddable":true,"href":"https:\/\/www.livresentre2actions.fr\/en\/wp-json\/wp\/v2\/product_cat?post=19644"},{"taxonomy":"product_tag","embeddable":true,"href":"https:\/\/www.livresentre2actions.fr\/en\/wp-json\/wp\/v2\/product_tag?post=19644"}],"curies":[{"name":"wp","href":"https:\/\/api.w.org\/{rel}","templated":true}]}}