{"id":19552,"date":"2026-03-22T17:50:11","date_gmt":"2026-03-22T16:50:11","guid":{"rendered":"https:\/\/www.livresentre2actions.fr\/?post_type=product&#038;p=19552"},"modified":"2026-03-22T18:22:45","modified_gmt":"2026-03-22T17:22:45","slug":"lame-de-nos-vieux-moulins-de-saintonge-paul-yvon","status":"publish","type":"product","link":"https:\/\/www.livresentre2actions.fr\/en\/product\/lame-de-nos-vieux-moulins-de-saintonge-paul-yvon\/","title":{"rendered":"L&rsquo;\u00e2me de nos vieux moulins de Saintonge, Paul Yvon"},"content":{"rendered":"<p>Imprimerie Nicolas-Imbert &#8211; Niort 1969. &#8211; Broch\u00e9, 246 x 157, 79p. 1969. Pr\u00e9face du Docteur Jean Sorillet, Enrichi d&rsquo;un texte du G\u00e9n\u00e9ral Peponnet. Nombreuses illustrations. Bon exemplaire, l\u00e9g\u00e8rement insol\u00e9, mais propre, int\u00e8gre, bien ferme.<\/p>","protected":false},"excerpt":{"rendered":"<p>Imprimerie Nicolas-Imbert &#8211; Niort 1969. &#8211; Broch\u00e9, 246 x 157, 79p. 1969. Pr\u00e9face du Docteur Jean Sorillet, Enrichi d&rsquo;un texte du G\u00e9n\u00e9ral Peponnet. Nombreuses illustrations. Bon exemplaire, l\u00e9g\u00e8rement insol\u00e9, mais propre, int\u00e8gre, bien ferme.<\/p>","protected":false},"featured_media":19553,"template":"","meta":{"_eb_attr":""},"product_brand":[],"product_cat":[37,71,97],"product_tag":[86],"class_list":{"0":"post-19552","1":"product","2":"type-product","3":"status-publish","4":"has-post-thumbnail","6":"product_cat-a-partir-du-xxeme-siecle","7":"product_cat-illustres-modernes-editions-originales-signees-numerotees","8":"product_cat-regionalia-divers","9":"product_tag-illustre","10":"sales-flash-overlay","11":"woocommerce-text-align-center","12":"woocommerce-image-align-center","13":"wc-has-gallery","15":"first","16":"instock","17":"taxable","18":"shipping-taxable","19":"purchasable","20":"product-type-simple"},"aioseo_notices":[],"_links":{"self":[{"href":"https:\/\/www.livresentre2actions.fr\/en\/wp-json\/wp\/v2\/product\/19552","targetHints":{"allow":["GET"]}}],"collection":[{"href":"https:\/\/www.livresentre2actions.fr\/en\/wp-json\/wp\/v2\/product"}],"about":[{"href":"https:\/\/www.livresentre2actions.fr\/en\/wp-json\/wp\/v2\/types\/product"}],"wp:featuredmedia":[{"embeddable":true,"href":"https:\/\/www.livresentre2actions.fr\/en\/wp-json\/wp\/v2\/media\/19553"}],"wp:attachment":[{"href":"https:\/\/www.livresentre2actions.fr\/en\/wp-json\/wp\/v2\/media?parent=19552"}],"wp:term":[{"taxonomy":"product_brand","embeddable":true,"href":"https:\/\/www.livresentre2actions.fr\/en\/wp-json\/wp\/v2\/product_brand?post=19552"},{"taxonomy":"product_cat","embeddable":true,"href":"https:\/\/www.livresentre2actions.fr\/en\/wp-json\/wp\/v2\/product_cat?post=19552"},{"taxonomy":"product_tag","embeddable":true,"href":"https:\/\/www.livresentre2actions.fr\/en\/wp-json\/wp\/v2\/product_tag?post=19552"}],"curies":[{"name":"wp","href":"https:\/\/api.w.org\/{rel}","templated":true}]}}